{"id":78001,"date":"2024-08-02T20:07:37","date_gmt":"2024-08-02T18:07:37","guid":{"rendered":"http:\/\/localhost\/wordpress\/producto\/escape-volkswagen-golf-7-look-gti-3\/"},"modified":"2024-08-29T17:15:31","modified_gmt":"2024-08-29T15:15:31","slug":"escape-volkswagen-golf-7-look-gti","status":"publish","type":"product","link":"https:\/\/mlin.es\/tienda\/producto\/escape-volkswagen-golf-7-look-gti\/","title":{"rendered":"Escape Volkswagen Golf 7 look GTI"},"content":{"rendered":"<h4>Escape para el Volkswagen Golf 7 look GTI.<\/h4>\n<ul>\n<li>Este producto solo es v\u00e1lido para la versi\u00f3n standard. No es v\u00e1lido para versi\u00f3n GTI.<\/li>\n<li>Est\u00e9tica mejorada, y ruido personalizado<\/li>\n<li>Fabricado en acero<\/li>\n<li>\u00d8.<\/li>\n<\/ul>\n<p><iframe width=\"190\" height=\"107\" src=\"https:\/\/www.youtube.com\/embed\/HQuTVgNFFCc\" frameborder=\"0\"><\/iframe><\/p>\n<p class=\"notoriginal\">Estos no son productos originales de la marca Volkswagen.<\/p>\n<p class=\"notoriginal2\">El art\u00edculo ofrecido solo es adecuado para los modelos de veh\u00edculos descritos.<\/p>\n","protected":false},"excerpt":{"rendered":"<p>Escape para el Volkswagen Golf 7 look GTI. Este producto solo es v\u00e1lido para la versi\u00f3n standard. No es v\u00e1lido para versi\u00f3n GTI. Est\u00e9tica mejorada, y ruido personalizado Fabricado en acero \u00d8. Estos no son productos originales de la marca Volkswagen. El art\u00edculo ofrecido solo es adecuado para los modelos de veh\u00edculos descritos.<\/p>\n","protected":false},"featured_media":87310,"comment_status":"closed","ping_status":"open","template":"","meta":[],"product_cat":[],"product_tag":[7780,7779],"class_list":{"0":"post-78001","1":"product","2":"type-product","3":"status-publish","4":"has-post-thumbnail","6":"product_tag-body-kits","7":"product_tag-eurolineas","8":"product_shipping_class-eurolineas","9":"pa_parte-escapes","11":"first","12":"instock","13":"taxable","14":"shipping-taxable","15":"purchasable","16":"product-type-simple"},"_links":{"self":[{"href":"https:\/\/mlin.es\/tienda\/wp-json\/wp\/v2\/product\/78001","targetHints":{"allow":["GET"]}}],"collection":[{"href":"https:\/\/mlin.es\/tienda\/wp-json\/wp\/v2\/product"}],"about":[{"href":"https:\/\/mlin.es\/tienda\/wp-json\/wp\/v2\/types\/product"}],"replies":[{"embeddable":true,"href":"https:\/\/mlin.es\/tienda\/wp-json\/wp\/v2\/comments?post=78001"}],"wp:featuredmedia":[{"embeddable":true,"href":"https:\/\/mlin.es\/tienda\/wp-json\/wp\/v2\/media\/87310"}],"wp:attachment":[{"href":"https:\/\/mlin.es\/tienda\/wp-json\/wp\/v2\/media?parent=78001"}],"wp:term":[{"taxonomy":"product_cat","embeddable":true,"href":"https:\/\/mlin.es\/tienda\/wp-json\/wp\/v2\/product_cat?post=78001"},{"taxonomy":"product_tag","embeddable":true,"href":"https:\/\/mlin.es\/tienda\/wp-json\/wp\/v2\/product_tag?post=78001"}],"curies":[{"name":"wp","href":"https:\/\/api.w.org\/{rel}","templated":true}]}}