{"id":77904,"date":"2024-08-02T19:56:01","date_gmt":"2024-08-02T17:56:01","guid":{"rendered":"http:\/\/localhost\/wordpress\/producto\/escape-volkswagen-scirocco-2-0-doble-3\/"},"modified":"2024-08-29T17:14:18","modified_gmt":"2024-08-29T15:14:18","slug":"escape-volkswagen-scirocco-2-0-doble","status":"publish","type":"product","link":"https:\/\/mlin.es\/tienda\/producto\/escape-volkswagen-scirocco-2-0-doble\/","title":{"rendered":"Escape Volkswagen Scirocco 2.0 Doble"},"content":{"rendered":"<h4>Escape completo, para el VOLKSWAGEN SCIROCCO 2.0\u00a0DOBLE.<\/h4>\n<ul>\n<li>Acabado punta quemada.<\/li>\n<li>Especif\u00edco para VOLKSWAGEN SCIROCCO 2.0. Utilizando los mismos soportes.<\/li>\n<li>Est\u00e9tica mejorada, y ruido personalizado<\/li>\n<li>Fabricado en acero.<\/li>\n<li>\u00d8 7,5 cm<\/li>\n<\/ul>\n<p><iframe width=\"162\" height=\"91\" src=\"https:\/\/www.youtube.com\/embed\/HQuTVgNFFCc\" frameborder=\"0\"><\/iframe><\/p>\n<p class=\"notoriginal\">Estos no son productos originales de la marca Volkswagen.<\/p>\n<p class=\"notoriginal2\">El art\u00edculo ofrecido solo es adecuado para los modelos de veh\u00edculos descritos.<\/p>\n","protected":false},"excerpt":{"rendered":"<p>Escape completo, para el VOLKSWAGEN SCIROCCO 2.0\u00a0DOBLE. Acabado punta quemada. Especif\u00edco para VOLKSWAGEN SCIROCCO 2.0. Utilizando los mismos soportes. Est\u00e9tica mejorada, y ruido personalizado Fabricado en acero. \u00d8 7,5 cm Estos no son productos originales de la marca Volkswagen. El art\u00edculo ofrecido solo es adecuado para los modelos de veh\u00edculos descritos.<\/p>\n","protected":false},"featured_media":86942,"comment_status":"closed","ping_status":"open","template":"","meta":[],"product_cat":[],"product_tag":[7780,7779],"class_list":{"0":"post-77904","1":"product","2":"type-product","3":"status-publish","4":"has-post-thumbnail","6":"product_tag-body-kits","7":"product_tag-eurolineas","8":"product_shipping_class-eurolineas","9":"pa_parte-escapes","11":"first","12":"instock","13":"taxable","14":"shipping-taxable","15":"purchasable","16":"product-type-simple"},"_links":{"self":[{"href":"https:\/\/mlin.es\/tienda\/wp-json\/wp\/v2\/product\/77904","targetHints":{"allow":["GET"]}}],"collection":[{"href":"https:\/\/mlin.es\/tienda\/wp-json\/wp\/v2\/product"}],"about":[{"href":"https:\/\/mlin.es\/tienda\/wp-json\/wp\/v2\/types\/product"}],"replies":[{"embeddable":true,"href":"https:\/\/mlin.es\/tienda\/wp-json\/wp\/v2\/comments?post=77904"}],"wp:featuredmedia":[{"embeddable":true,"href":"https:\/\/mlin.es\/tienda\/wp-json\/wp\/v2\/media\/86942"}],"wp:attachment":[{"href":"https:\/\/mlin.es\/tienda\/wp-json\/wp\/v2\/media?parent=77904"}],"wp:term":[{"taxonomy":"product_cat","embeddable":true,"href":"https:\/\/mlin.es\/tienda\/wp-json\/wp\/v2\/product_cat?post=77904"},{"taxonomy":"product_tag","embeddable":true,"href":"https:\/\/mlin.es\/tienda\/wp-json\/wp\/v2\/product_tag?post=77904"}],"curies":[{"name":"wp","href":"https:\/\/api.w.org\/{rel}","templated":true}]}}