{"id":77902,"date":"2026-02-05T10:23:31","date_gmt":"2026-02-05T09:23:31","guid":{"rendered":"http:\/\/localhost\/wordpress\/producto\/parrilla-bmw-f10-f11-2010-2012-black-mate-3\/"},"modified":"2026-02-05T10:23:32","modified_gmt":"2026-02-05T09:23:32","slug":"parrilla-bmw-f10-f11-2010-2012-black-mate","status":"publish","type":"product","link":"https:\/\/mlin.es\/tienda\/producto\/parrilla-bmw-f10-f11-2010-2012-black-mate\/","title":{"rendered":"Parrilla BMW F10 \/ F11 2010-2012 Black Mate"},"content":{"rendered":"<h4>Parrilla de BMW\u00a0F10 \/ F11 2010-2012 Black mate.<\/h4>\n<ul>\n<li>Hecha en\u00a0pl\u00e1stico abs.<\/li>\n<li>Gran calidad.<\/li>\n<li>Perfecto acople.<\/li>\n<\/ul>\n<p class=\"notoriginal\">Estos no son productos originales de la marca BMW.<\/p>\n<p class=\"notoriginal2\">El art\u00edculo ofrecido solo es adecuado para los modelos de veh\u00edculos descritos.<\/p>\n","protected":false},"excerpt":{"rendered":"<p>Parrilla de BMW\u00a0F10 \/ F11 2010-2012 Black mate. Hecha en\u00a0pl\u00e1stico abs. Gran calidad. Perfecto acople. Estos no son productos originales de la marca BMW. El art\u00edculo ofrecido solo es adecuado para los modelos de veh\u00edculos descritos.<\/p>\n","protected":false},"featured_media":191198,"comment_status":"closed","ping_status":"open","template":"","meta":[],"product_cat":[],"product_tag":[7780,7779],"class_list":{"0":"post-77902","1":"product","2":"type-product","3":"status-publish","4":"has-post-thumbnail","6":"product_tag-body-kits","7":"product_tag-eurolineas","8":"product_shipping_class-eurolineas","9":"pa_material-plastico-abs","10":"pa_parte-parrilla-frontal","12":"first","13":"instock","14":"taxable","15":"shipping-taxable","16":"purchasable","17":"product-type-simple"},"_links":{"self":[{"href":"https:\/\/mlin.es\/tienda\/wp-json\/wp\/v2\/product\/77902","targetHints":{"allow":["GET"]}}],"collection":[{"href":"https:\/\/mlin.es\/tienda\/wp-json\/wp\/v2\/product"}],"about":[{"href":"https:\/\/mlin.es\/tienda\/wp-json\/wp\/v2\/types\/product"}],"replies":[{"embeddable":true,"href":"https:\/\/mlin.es\/tienda\/wp-json\/wp\/v2\/comments?post=77902"}],"wp:featuredmedia":[{"embeddable":true,"href":"https:\/\/mlin.es\/tienda\/wp-json\/wp\/v2\/media\/191198"}],"wp:attachment":[{"href":"https:\/\/mlin.es\/tienda\/wp-json\/wp\/v2\/media?parent=77902"}],"wp:term":[{"taxonomy":"product_cat","embeddable":true,"href":"https:\/\/mlin.es\/tienda\/wp-json\/wp\/v2\/product_cat?post=77902"},{"taxonomy":"product_tag","embeddable":true,"href":"https:\/\/mlin.es\/tienda\/wp-json\/wp\/v2\/product_tag?post=77902"}],"curies":[{"name":"wp","href":"https:\/\/api.w.org\/{rel}","templated":true}]}}