{"id":77678,"date":"2026-02-05T10:07:00","date_gmt":"2026-02-05T09:07:00","guid":{"rendered":"http:\/\/localhost\/wordpress\/producto\/escape-bmw-f22-f23-look-m2-doble-salida-doble-3\/"},"modified":"2026-02-05T10:07:01","modified_gmt":"2026-02-05T09:07:01","slug":"escape-bmw-f22-f23-look-m2-doble-salida-doble","status":"publish","type":"product","link":"https:\/\/mlin.es\/tienda\/producto\/escape-bmw-f22-f23-look-m2-doble-salida-doble\/","title":{"rendered":"Escape BMW F22 \/ F23 Look M2 Doble salida doble"},"content":{"rendered":"<h4>Escape para el BMW F22 \/ F23, Look M2 Doble salida doble.\u00a0\u00a0<\/h4>\n<ul>\n<li>Escape espec\u00edfico para este modelo, cambia el original por este.<\/li>\n<li>Utilizando los mismos soportes.<\/li>\n<li>Cambio de est\u00e9tica y personalizaci\u00f3n del ruido.<\/li>\n<li>Escape en Acero.<\/li>\n<li>Producto no homologado.<\/li>\n<\/ul>\n<p class=\"notoriginal\">Estos no son productos originales de la marca BMW.<\/p>\n<p class=\"notoriginal2\">El art\u00edculo ofrecido solo es adecuado para los modelos de veh\u00edculos descritos.<\/p>\n","protected":false},"excerpt":{"rendered":"<p>Escape para el BMW F22 \/ F23, Look M2 Doble salida doble.\u00a0\u00a0 Escape espec\u00edfico para este modelo, cambia el original por este. Utilizando los mismos soportes. Cambio de est\u00e9tica y personalizaci\u00f3n del ruido. Escape en Acero. Producto no homologado. Estos no son productos originales de la marca BMW. El art\u00edculo ofrecido solo es adecuado para [&hellip;]<\/p>\n","protected":false},"featured_media":190815,"comment_status":"closed","ping_status":"open","template":"","meta":[],"product_cat":[],"product_tag":[7780,7779],"class_list":{"0":"post-77678","1":"product","2":"type-product","3":"status-publish","4":"has-post-thumbnail","6":"product_tag-body-kits","7":"product_tag-eurolineas","8":"product_shipping_class-eurolineas","9":"pa_parte-escapes","11":"first","12":"instock","13":"taxable","14":"shipping-taxable","15":"purchasable","16":"product-type-simple"},"_links":{"self":[{"href":"https:\/\/mlin.es\/tienda\/wp-json\/wp\/v2\/product\/77678","targetHints":{"allow":["GET"]}}],"collection":[{"href":"https:\/\/mlin.es\/tienda\/wp-json\/wp\/v2\/product"}],"about":[{"href":"https:\/\/mlin.es\/tienda\/wp-json\/wp\/v2\/types\/product"}],"replies":[{"embeddable":true,"href":"https:\/\/mlin.es\/tienda\/wp-json\/wp\/v2\/comments?post=77678"}],"wp:featuredmedia":[{"embeddable":true,"href":"https:\/\/mlin.es\/tienda\/wp-json\/wp\/v2\/media\/190815"}],"wp:attachment":[{"href":"https:\/\/mlin.es\/tienda\/wp-json\/wp\/v2\/media?parent=77678"}],"wp:term":[{"taxonomy":"product_cat","embeddable":true,"href":"https:\/\/mlin.es\/tienda\/wp-json\/wp\/v2\/product_cat?post=77678"},{"taxonomy":"product_tag","embeddable":true,"href":"https:\/\/mlin.es\/tienda\/wp-json\/wp\/v2\/product_tag?post=77678"}],"curies":[{"name":"wp","href":"https:\/\/api.w.org\/{rel}","templated":true}]}}