{"id":77594,"date":"2026-02-05T09:57:23","date_gmt":"2026-02-05T08:57:23","guid":{"rendered":"http:\/\/localhost\/wordpress\/producto\/parrilla-audi-q3-2018-2022-look-rsq3-3\/"},"modified":"2026-02-05T09:57:24","modified_gmt":"2026-02-05T08:57:24","slug":"parrilla-audi-q3-2018-2022-look-rsq3","status":"publish","type":"product","link":"https:\/\/mlin.es\/tienda\/producto\/parrilla-audi-q3-2018-2022-look-rsq3\/","title":{"rendered":"Parrilla Audi Q3 2018-2022 Look RSQ3"},"content":{"rendered":"<h4>Parrilla delantera Audi Q3 <span>2018-2022,\u00a0<\/span>Look RSQ3.<\/h4>\n<ul>\n<li><span>Producto v\u00e1lido para versi\u00f3n standar, Sline y S3. No v\u00e1lido para versi\u00f3n RS3.<\/span><\/li>\n<li>Producto aftermarket.<\/li>\n<li>Fabricada en pl\u00e1stico inyectado.<\/li>\n<li>Acabado en negro.<\/li>\n<li>Gran calidad y perfecto acople.<\/li>\n<li>Servimos con factura y garant\u00eda.<\/li>\n<\/ul>\n<p class=\"notoriginal\">Estos no son productos originales de la marca Audi.<\/p>\n<p class=\"notoriginal2\">El art\u00edculo ofrecido solo es adecuado para los modelos de veh\u00edculos descritos.<\/p>\n","protected":false},"excerpt":{"rendered":"<p>Parrilla delantera Audi Q3 2018-2022,\u00a0Look RSQ3. Producto v\u00e1lido para versi\u00f3n standar, Sline y S3. No v\u00e1lido para versi\u00f3n RS3. Producto aftermarket. Fabricada en pl\u00e1stico inyectado. Acabado en negro. Gran calidad y perfecto acople. Servimos con factura y garant\u00eda. Estos no son productos originales de la marca Audi. El art\u00edculo ofrecido solo es adecuado para los [&hellip;]<\/p>\n","protected":false},"featured_media":190633,"comment_status":"closed","ping_status":"open","template":"","meta":[],"product_cat":[],"product_tag":[7780,7779],"class_list":{"0":"post-77594","1":"product","2":"type-product","3":"status-publish","4":"has-post-thumbnail","6":"product_tag-body-kits","7":"product_tag-eurolineas","8":"product_shipping_class-eurolineas","9":"pa_material-plastico-abs","10":"pa_parte-parrilla-frontal","12":"first","13":"instock","14":"taxable","15":"shipping-taxable","16":"purchasable","17":"product-type-simple"},"_links":{"self":[{"href":"https:\/\/mlin.es\/tienda\/wp-json\/wp\/v2\/product\/77594","targetHints":{"allow":["GET"]}}],"collection":[{"href":"https:\/\/mlin.es\/tienda\/wp-json\/wp\/v2\/product"}],"about":[{"href":"https:\/\/mlin.es\/tienda\/wp-json\/wp\/v2\/types\/product"}],"replies":[{"embeddable":true,"href":"https:\/\/mlin.es\/tienda\/wp-json\/wp\/v2\/comments?post=77594"}],"wp:featuredmedia":[{"embeddable":true,"href":"https:\/\/mlin.es\/tienda\/wp-json\/wp\/v2\/media\/190633"}],"wp:attachment":[{"href":"https:\/\/mlin.es\/tienda\/wp-json\/wp\/v2\/media?parent=77594"}],"wp:term":[{"taxonomy":"product_cat","embeddable":true,"href":"https:\/\/mlin.es\/tienda\/wp-json\/wp\/v2\/product_cat?post=77594"},{"taxonomy":"product_tag","embeddable":true,"href":"https:\/\/mlin.es\/tienda\/wp-json\/wp\/v2\/product_tag?post=77594"}],"curies":[{"name":"wp","href":"https:\/\/api.w.org\/{rel}","templated":true}]}}