{"id":77591,"date":"2026-02-05T09:57:01","date_gmt":"2026-02-05T08:57:01","guid":{"rendered":"http:\/\/localhost\/wordpress\/producto\/paragolpes-delantero-bmw-e92-e93-10-11-tipo-m-tech-abs-3\/"},"modified":"2026-02-05T09:57:02","modified_gmt":"2026-02-05T08:57:02","slug":"paragolpes-delantero-bmw-e92-e93-10-11-tipo-m-tech-abs","status":"publish","type":"product","link":"https:\/\/mlin.es\/tienda\/producto\/paragolpes-delantero-bmw-e92-e93-10-11-tipo-m-tech-abs\/","title":{"rendered":"Paragolpes Delantero BMW E92 \/ E93 10-11 Tipo M-Tech ABS"},"content":{"rendered":"<p><strong>PARAGOLPES DELANTERO PARA BMW E92 \/ E93 2010 a 2011 LOOK M-TECH, CON HUECOS PARA ANTINIEBLAS.<\/strong><\/p>\n<ul>\n<li>Con hueco para los antinieblas.<\/li>\n<li>Plug and play.<\/li>\n<li>Este paragolpes est\u00e1 disponible con PDC. Esta opci\u00f3n debe ser indicada en el pedido.<\/li>\n<li>Gran calidad, perfecto acople.<\/li>\n<li>Utiliza los anclajes originales.<\/li>\n<li>Hecho en pl\u00e1stico ABS.<\/li>\n<li>Utiliza los anclajes originales.<\/li>\n<li>Producto en stock.<\/li>\n<\/ul>\n<p class=\"notoriginal\">Estos no son productos originales de la marca BMW.<\/p>\n<p class=\"notoriginal2\">El art\u00edculo ofrecido solo es adecuado para los modelos de veh\u00edculos descritos.<\/p>\n","protected":false},"excerpt":{"rendered":"<p>PARAGOLPES DELANTERO PARA BMW E92 \/ E93 2010 a 2011 LOOK M-TECH, CON HUECOS PARA ANTINIEBLAS. Con hueco para los antinieblas. Plug and play. Este paragolpes est\u00e1 disponible con PDC. Esta opci\u00f3n debe ser indicada en el pedido. Gran calidad, perfecto acople. Utiliza los anclajes originales. Hecho en pl\u00e1stico ABS. Utiliza los anclajes originales. Producto [&hellip;]<\/p>\n","protected":false},"featured_media":190626,"comment_status":"closed","ping_status":"open","template":"","meta":[],"product_cat":[],"product_tag":[7780,7779],"class_list":{"0":"post-77591","1":"product","2":"type-product","3":"status-publish","4":"has-post-thumbnail","6":"product_tag-body-kits","7":"product_tag-eurolineas","8":"product_shipping_class-eurolineas","9":"pa_material-plastico-abs","10":"pa_parte-paragolpes-delantero","12":"first","13":"instock","14":"taxable","15":"shipping-taxable","16":"purchasable","17":"product-type-simple"},"_links":{"self":[{"href":"https:\/\/mlin.es\/tienda\/wp-json\/wp\/v2\/product\/77591","targetHints":{"allow":["GET"]}}],"collection":[{"href":"https:\/\/mlin.es\/tienda\/wp-json\/wp\/v2\/product"}],"about":[{"href":"https:\/\/mlin.es\/tienda\/wp-json\/wp\/v2\/types\/product"}],"replies":[{"embeddable":true,"href":"https:\/\/mlin.es\/tienda\/wp-json\/wp\/v2\/comments?post=77591"}],"wp:featuredmedia":[{"embeddable":true,"href":"https:\/\/mlin.es\/tienda\/wp-json\/wp\/v2\/media\/190626"}],"wp:attachment":[{"href":"https:\/\/mlin.es\/tienda\/wp-json\/wp\/v2\/media?parent=77591"}],"wp:term":[{"taxonomy":"product_cat","embeddable":true,"href":"https:\/\/mlin.es\/tienda\/wp-json\/wp\/v2\/product_cat?post=77591"},{"taxonomy":"product_tag","embeddable":true,"href":"https:\/\/mlin.es\/tienda\/wp-json\/wp\/v2\/product_tag?post=77591"}],"curies":[{"name":"wp","href":"https:\/\/api.w.org\/{rel}","templated":true}]}}