{"id":77451,"date":"2026-02-05T09:42:22","date_gmt":"2026-02-05T08:42:22","guid":{"rendered":"http:\/\/localhost\/wordpress\/producto\/escape-volkswagen-golf-6-r20-modelo-2-3\/"},"modified":"2026-02-05T09:42:22","modified_gmt":"2026-02-05T08:42:22","slug":"escape-volkswagen-golf-6-r20-modelo-2","status":"publish","type":"product","link":"https:\/\/mlin.es\/tienda\/producto\/escape-volkswagen-golf-6-r20-modelo-2\/","title":{"rendered":"Escape Volkswagen Golf 6 R20 Modelo 2"},"content":{"rendered":"<h4>Escape completo, para el VOLKSWAGEN GOLF VI R20.<\/h4>\n<ul>\n<li><span>Especif\u00edco para VOLKSWAGEN GOLF VI R20. Utilizando los mismos soportes.<\/span><\/li>\n<li><span>Est\u00e9tica mejorada, y ruido personalizado<\/span><\/li>\n<li><span>Fabricado en acero<\/span><\/li>\n<li><span>\u00d8 cm<br \/><\/span><\/li>\n<\/ul>\n<p class=\"notoriginal\">Estos no son productos originales de la marca Volkswagen.<\/p>\n<p class=\"notoriginal2\">El art\u00edculo ofrecido solo es adecuado para los modelos de veh\u00edculos descritos.<\/p>\n","protected":false},"excerpt":{"rendered":"<p>Escape completo, para el VOLKSWAGEN GOLF VI R20. Especif\u00edco para VOLKSWAGEN GOLF VI R20. Utilizando los mismos soportes. Est\u00e9tica mejorada, y ruido personalizado Fabricado en acero \u00d8 cm Estos no son productos originales de la marca Volkswagen. El art\u00edculo ofrecido solo es adecuado para los modelos de veh\u00edculos descritos.<\/p>\n","protected":false},"featured_media":190306,"comment_status":"closed","ping_status":"open","template":"","meta":[],"product_cat":[],"product_tag":[7780,7779],"class_list":{"0":"post-77451","1":"product","2":"type-product","3":"status-publish","4":"has-post-thumbnail","6":"product_tag-body-kits","7":"product_tag-eurolineas","8":"product_shipping_class-eurolineas","9":"pa_parte-escapes","11":"first","12":"instock","13":"taxable","14":"shipping-taxable","15":"purchasable","16":"product-type-simple"},"_links":{"self":[{"href":"https:\/\/mlin.es\/tienda\/wp-json\/wp\/v2\/product\/77451","targetHints":{"allow":["GET"]}}],"collection":[{"href":"https:\/\/mlin.es\/tienda\/wp-json\/wp\/v2\/product"}],"about":[{"href":"https:\/\/mlin.es\/tienda\/wp-json\/wp\/v2\/types\/product"}],"replies":[{"embeddable":true,"href":"https:\/\/mlin.es\/tienda\/wp-json\/wp\/v2\/comments?post=77451"}],"wp:featuredmedia":[{"embeddable":true,"href":"https:\/\/mlin.es\/tienda\/wp-json\/wp\/v2\/media\/190306"}],"wp:attachment":[{"href":"https:\/\/mlin.es\/tienda\/wp-json\/wp\/v2\/media?parent=77451"}],"wp:term":[{"taxonomy":"product_cat","embeddable":true,"href":"https:\/\/mlin.es\/tienda\/wp-json\/wp\/v2\/product_cat?post=77451"},{"taxonomy":"product_tag","embeddable":true,"href":"https:\/\/mlin.es\/tienda\/wp-json\/wp\/v2\/product_tag?post=77451"}],"curies":[{"name":"wp","href":"https:\/\/api.w.org\/{rel}","templated":true}]}}