{"id":77352,"date":"2026-02-05T09:34:20","date_gmt":"2026-02-05T08:34:20","guid":{"rendered":"http:\/\/localhost\/wordpress\/producto\/difusor-trasero-mercedes-cla-w117-2013-2018-4p-sw-look-a45-abs-3\/"},"modified":"2026-02-05T09:34:21","modified_gmt":"2026-02-05T08:34:21","slug":"difusor-trasero-mercedes-cla-w117-2013-2018-4p-sw-look-a45-abs","status":"publish","type":"product","link":"https:\/\/mlin.es\/tienda\/producto\/difusor-trasero-mercedes-cla-w117-2013-2018-4p-sw-look-a45-abs\/","title":{"rendered":"Difusor Trasero Mercedes CLA W117 2013-2018 4P\/SW Look A45 ABS"},"content":{"rendered":"<h4>Difusor Trasero para el Mercedes CLA W117\u00a0<span>2013-2018<\/span> 4 puertas \/ Station Wagon.<\/h4>\n<ul>\n<li>Look A45.<\/li>\n<li>Fabricado en pl\u00e1stico ABS.<\/li>\n<li>Difusor v\u00e1lido para el paragolpes AMG.<\/li>\n<li>No es el paragolpes completo.<\/li>\n<li>Acople perfecto.<\/li>\n<li>ENTREGAMOS CON FACTURA Y GARANT\u00cdA<\/li>\n<\/ul>\n<p class=\"notoriginal\">Estos no son productos originales de la marca Mercedes.<\/p>\n<p class=\"notoriginal2\">El art\u00edculo ofrecido solo es adecuado para los modelos de veh\u00edculos descritos.<\/p>\n","protected":false},"excerpt":{"rendered":"<p>Difusor Trasero para el Mercedes CLA W117\u00a02013-2018 4 puertas \/ Station Wagon. Look A45. Fabricado en pl\u00e1stico ABS. Difusor v\u00e1lido para el paragolpes AMG. No es el paragolpes completo. Acople perfecto. ENTREGAMOS CON FACTURA Y GARANT\u00cdA Estos no son productos originales de la marca Mercedes. El art\u00edculo ofrecido solo es adecuado para los modelos de [&hellip;]<\/p>\n","protected":false},"featured_media":190114,"comment_status":"closed","ping_status":"open","template":"","meta":[],"product_cat":[],"product_tag":[7780,7779],"class_list":{"0":"post-77352","1":"product","2":"type-product","3":"status-publish","4":"has-post-thumbnail","6":"product_tag-body-kits","7":"product_tag-eurolineas","8":"product_shipping_class-eurolineas","9":"pa_material-plastico-abs","10":"pa_parte-spoiler-delantero","12":"first","13":"instock","14":"taxable","15":"shipping-taxable","16":"purchasable","17":"product-type-simple"},"_links":{"self":[{"href":"https:\/\/mlin.es\/tienda\/wp-json\/wp\/v2\/product\/77352","targetHints":{"allow":["GET"]}}],"collection":[{"href":"https:\/\/mlin.es\/tienda\/wp-json\/wp\/v2\/product"}],"about":[{"href":"https:\/\/mlin.es\/tienda\/wp-json\/wp\/v2\/types\/product"}],"replies":[{"embeddable":true,"href":"https:\/\/mlin.es\/tienda\/wp-json\/wp\/v2\/comments?post=77352"}],"wp:featuredmedia":[{"embeddable":true,"href":"https:\/\/mlin.es\/tienda\/wp-json\/wp\/v2\/media\/190114"}],"wp:attachment":[{"href":"https:\/\/mlin.es\/tienda\/wp-json\/wp\/v2\/media?parent=77352"}],"wp:term":[{"taxonomy":"product_cat","embeddable":true,"href":"https:\/\/mlin.es\/tienda\/wp-json\/wp\/v2\/product_cat?post=77352"},{"taxonomy":"product_tag","embeddable":true,"href":"https:\/\/mlin.es\/tienda\/wp-json\/wp\/v2\/product_tag?post=77352"}],"curies":[{"name":"wp","href":"https:\/\/api.w.org\/{rel}","templated":true}]}}