{"id":77254,"date":"2026-02-05T09:26:08","date_gmt":"2026-02-05T08:26:08","guid":{"rendered":"http:\/\/localhost\/wordpress\/producto\/parrilla-volkswagen-golf-7-look-gti-3\/"},"modified":"2026-02-05T09:26:09","modified_gmt":"2026-02-05T08:26:09","slug":"parrilla-volkswagen-golf-7-look-gti","status":"publish","type":"product","link":"https:\/\/mlin.es\/tienda\/producto\/parrilla-volkswagen-golf-7-look-gti\/","title":{"rendered":"Parrilla Volkswagen Golf 7 Look GTI"},"content":{"rendered":"<h4>Parrilla Volkswagen\u00a0GOLF\u00a07.<\/h4>\n<ul>\n<li>Look GTI.<\/li>\n<li>Fabricada en pl\u00e1stico inyectado.<\/li>\n<li>Gran calidad y perfecto acople.<\/li>\n<li>Precio de la unidad.<\/li>\n<li>F\u00e1cil y r\u00e1pida instalaci\u00f3n. Producto en stock.<\/li>\n<li>Producto nuevo a estrenar, somos profesionales.<\/li>\n<li>Hacemos env\u00edos a toda Europa.<\/li>\n<\/ul>\n<p class=\"notoriginal\">Estos no son productos originales de la marca Volkswagen.<\/p>\n<p class=\"notoriginal2\">El art\u00edculo ofrecido solo es adecuado para los modelos de veh\u00edculos descritos.<\/p>\n","protected":false},"excerpt":{"rendered":"<p>Parrilla Volkswagen\u00a0GOLF\u00a07. Look GTI. Fabricada en pl\u00e1stico inyectado. Gran calidad y perfecto acople. Precio de la unidad. F\u00e1cil y r\u00e1pida instalaci\u00f3n. Producto en stock. Producto nuevo a estrenar, somos profesionales. Hacemos env\u00edos a toda Europa. Estos no son productos originales de la marca Volkswagen. El art\u00edculo ofrecido solo es adecuado para los modelos de veh\u00edculos [&hellip;]<\/p>\n","protected":false},"featured_media":189927,"comment_status":"closed","ping_status":"open","template":"","meta":[],"product_cat":[],"product_tag":[7780,7779],"class_list":{"0":"post-77254","1":"product","2":"type-product","3":"status-publish","4":"has-post-thumbnail","6":"product_tag-body-kits","7":"product_tag-eurolineas","8":"product_shipping_class-eurolineas","9":"pa_material-plastico-abs","10":"pa_parte-parrilla-frontal","12":"first","13":"instock","14":"taxable","15":"shipping-taxable","16":"purchasable","17":"product-type-simple"},"_links":{"self":[{"href":"https:\/\/mlin.es\/tienda\/wp-json\/wp\/v2\/product\/77254","targetHints":{"allow":["GET"]}}],"collection":[{"href":"https:\/\/mlin.es\/tienda\/wp-json\/wp\/v2\/product"}],"about":[{"href":"https:\/\/mlin.es\/tienda\/wp-json\/wp\/v2\/types\/product"}],"replies":[{"embeddable":true,"href":"https:\/\/mlin.es\/tienda\/wp-json\/wp\/v2\/comments?post=77254"}],"wp:featuredmedia":[{"embeddable":true,"href":"https:\/\/mlin.es\/tienda\/wp-json\/wp\/v2\/media\/189927"}],"wp:attachment":[{"href":"https:\/\/mlin.es\/tienda\/wp-json\/wp\/v2\/media?parent=77254"}],"wp:term":[{"taxonomy":"product_cat","embeddable":true,"href":"https:\/\/mlin.es\/tienda\/wp-json\/wp\/v2\/product_cat?post=77254"},{"taxonomy":"product_tag","embeddable":true,"href":"https:\/\/mlin.es\/tienda\/wp-json\/wp\/v2\/product_tag?post=77254"}],"curies":[{"name":"wp","href":"https:\/\/api.w.org\/{rel}","templated":true}]}}