{"id":77253,"date":"2026-02-05T09:24:03","date_gmt":"2026-02-05T08:24:03","guid":{"rendered":"http:\/\/localhost\/wordpress\/producto\/parrilla-mercedes-glc-x253-2020-look-gt-black-camara-6\/"},"modified":"2026-02-05T09:24:03","modified_gmt":"2026-02-05T08:24:03","slug":"parrilla-mercedes-glc-x253-2020-look-gt-black-camara-2","status":"publish","type":"product","link":"https:\/\/mlin.es\/tienda\/producto\/parrilla-mercedes-glc-x253-2020-look-gt-black-camara-2\/","title":{"rendered":"Parrilla Mercedes GLC X253 2020 Look GT Black C\u00e1mara"},"content":{"rendered":"<h4>Parrilla\u00a0Mercedes GLC X253 2020, Look GT\u00a0Black.<\/h4>\n<ul>\n<li>Este producto solo es v\u00e1lido para el paragolpes AMG. No v\u00e1lido para versi\u00f3n Standard.<\/li>\n<li>Con alojamiento para c\u00e1mara.<\/li>\n<li>Acabado negro brillo.<\/li>\n<li>Hecha en pl\u00e1stico inyectado.<\/li>\n<li>Gran calidad y perfecto acople<\/li>\n<\/ul>\n<p>Estos no son productos originales de la marca Mercedes.<\/p>\n<p class=\"notoriginal2\">El art\u00edculo ofrecido solo es adecuado para los modelos de veh\u00edculos descritos.<\/p>\n","protected":false},"excerpt":{"rendered":"<p>Parrilla\u00a0Mercedes GLC X253 2020, Look GT\u00a0Black. Este producto solo es v\u00e1lido para el paragolpes AMG. No v\u00e1lido para versi\u00f3n Standard. Con alojamiento para c\u00e1mara. Acabado negro brillo. Hecha en pl\u00e1stico inyectado. Gran calidad y perfecto acople Estos no son productos originales de la marca Mercedes. El art\u00edculo ofrecido solo es adecuado para los modelos de [&hellip;]<\/p>\n","protected":false},"featured_media":189864,"comment_status":"closed","ping_status":"open","template":"","meta":[],"product_cat":[],"product_tag":[7780,7779],"class_list":{"0":"post-77253","1":"product","2":"type-product","3":"status-publish","4":"has-post-thumbnail","6":"product_tag-body-kits","7":"product_tag-eurolineas","8":"product_shipping_class-eurolineas","9":"pa_material-plastico-abs","10":"pa_parte-parrilla-frontal","12":"first","13":"instock","14":"taxable","15":"shipping-taxable","16":"purchasable","17":"product-type-simple"},"_links":{"self":[{"href":"https:\/\/mlin.es\/tienda\/wp-json\/wp\/v2\/product\/77253","targetHints":{"allow":["GET"]}}],"collection":[{"href":"https:\/\/mlin.es\/tienda\/wp-json\/wp\/v2\/product"}],"about":[{"href":"https:\/\/mlin.es\/tienda\/wp-json\/wp\/v2\/types\/product"}],"replies":[{"embeddable":true,"href":"https:\/\/mlin.es\/tienda\/wp-json\/wp\/v2\/comments?post=77253"}],"wp:featuredmedia":[{"embeddable":true,"href":"https:\/\/mlin.es\/tienda\/wp-json\/wp\/v2\/media\/189864"}],"wp:attachment":[{"href":"https:\/\/mlin.es\/tienda\/wp-json\/wp\/v2\/media?parent=77253"}],"wp:term":[{"taxonomy":"product_cat","embeddable":true,"href":"https:\/\/mlin.es\/tienda\/wp-json\/wp\/v2\/product_cat?post=77253"},{"taxonomy":"product_tag","embeddable":true,"href":"https:\/\/mlin.es\/tienda\/wp-json\/wp\/v2\/product_tag?post=77253"}],"curies":[{"name":"wp","href":"https:\/\/api.w.org\/{rel}","templated":true}]}}