{"id":77247,"date":"2026-02-05T09:25:31","date_gmt":"2026-02-05T08:25:31","guid":{"rendered":"http:\/\/localhost\/wordpress\/producto\/parrilla-audi-a4-13-15-b8-look-rs4-3\/"},"modified":"2026-02-05T09:25:32","modified_gmt":"2026-02-05T08:25:32","slug":"parrilla-audi-a4-13-15-b8-look-rs4","status":"publish","type":"product","link":"https:\/\/mlin.es\/tienda\/producto\/parrilla-audi-a4-13-15-b8-look-rs4\/","title":{"rendered":"Parrilla Audi A4 &#8217;13-15 B8 Look RS4"},"content":{"rendered":"<p><strong>Parrilla delantera Audi A4, modelo B8 2013-2015<\/strong><\/p>\n<ul>\n<li>Look RS4.<\/li>\n<li>Producto v\u00e1lido para versi\u00f3n standar y sline.<\/li>\n<li>Producto aftermarket.<\/li>\n<li>Hecha en pl\u00e1stico inyectado.<\/li>\n<li>Gran calidad y perfecto acople.<\/li>\n<\/ul>\n<p>Estos no son productos originales de la marca Audi.<\/p>\n<p class=\"notoriginal2\">El art\u00edculo ofrecido solo es adecuado para los modelos de veh\u00edculos descritos.<\/p>\n","protected":false},"excerpt":{"rendered":"<p>Parrilla delantera Audi A4, modelo B8 2013-2015 Look RS4. Producto v\u00e1lido para versi\u00f3n standar y sline. Producto aftermarket. Hecha en pl\u00e1stico inyectado. Gran calidad y perfecto acople. Estos no son productos originales de la marca Audi. El art\u00edculo ofrecido solo es adecuado para los modelos de veh\u00edculos descritos.<\/p>\n","protected":false},"featured_media":189908,"comment_status":"closed","ping_status":"open","template":"","meta":[],"product_cat":[],"product_tag":[7780,7779],"class_list":{"0":"post-77247","1":"product","2":"type-product","3":"status-publish","4":"has-post-thumbnail","6":"product_tag-body-kits","7":"product_tag-eurolineas","8":"product_shipping_class-eurolineas","9":"pa_material-plastico-abs","10":"pa_parte-parrilla-frontal","12":"first","13":"instock","14":"taxable","15":"shipping-taxable","16":"purchasable","17":"product-type-simple"},"_links":{"self":[{"href":"https:\/\/mlin.es\/tienda\/wp-json\/wp\/v2\/product\/77247","targetHints":{"allow":["GET"]}}],"collection":[{"href":"https:\/\/mlin.es\/tienda\/wp-json\/wp\/v2\/product"}],"about":[{"href":"https:\/\/mlin.es\/tienda\/wp-json\/wp\/v2\/types\/product"}],"replies":[{"embeddable":true,"href":"https:\/\/mlin.es\/tienda\/wp-json\/wp\/v2\/comments?post=77247"}],"wp:featuredmedia":[{"embeddable":true,"href":"https:\/\/mlin.es\/tienda\/wp-json\/wp\/v2\/media\/189908"}],"wp:attachment":[{"href":"https:\/\/mlin.es\/tienda\/wp-json\/wp\/v2\/media?parent=77247"}],"wp:term":[{"taxonomy":"product_cat","embeddable":true,"href":"https:\/\/mlin.es\/tienda\/wp-json\/wp\/v2\/product_cat?post=77247"},{"taxonomy":"product_tag","embeddable":true,"href":"https:\/\/mlin.es\/tienda\/wp-json\/wp\/v2\/product_tag?post=77247"}],"curies":[{"name":"wp","href":"https:\/\/api.w.org\/{rel}","templated":true}]}}