{"id":77222,"date":"2025-10-21T18:54:43","date_gmt":"2025-10-21T16:54:43","guid":{"rendered":"http:\/\/localhost\/wordpress\/producto\/parrilla-range-rover-sport-2018-3\/"},"modified":"2025-10-21T18:54:47","modified_gmt":"2025-10-21T16:54:47","slug":"parrilla-range-rover-sport-2018","status":"publish","type":"product","link":"https:\/\/mlin.es\/tienda\/producto\/parrilla-range-rover-sport-2018\/","title":{"rendered":"Parrilla Range Rover Sport 2018+"},"content":{"rendered":"<h4>Parrilla\u00a0Range Rover Sport 2018+.<\/h4>\n<ul>\n<li>Fabricada en pl\u00e1stico inyectado.<\/li>\n<li>Gran calidad y perfecto acople.<\/li>\n<li>Precio de la unidad.<\/li>\n<li>F\u00e1cil y r\u00e1pida instalaci\u00f3n. Producto en stock.<\/li>\n<li>Producto nuevo a estrenar, somos profesionales.<\/li>\n<li>Hacemos env\u00edos a toda Europa.<\/li>\n<\/ul>\n<p class=\"notoriginal\">Estos no son productos originales de la marca Land Rover.<\/p>\n<p class=\"notoriginal2\">El art\u00edculo ofrecido solo es adecuado para los modelos de veh\u00edculos descritos.<\/p>\n","protected":false},"excerpt":{"rendered":"<p>Parrilla\u00a0Range Rover Sport 2018+. Fabricada en pl\u00e1stico inyectado. Gran calidad y perfecto acople. Precio de la unidad. F\u00e1cil y r\u00e1pida instalaci\u00f3n. Producto en stock. Producto nuevo a estrenar, somos profesionales. Hacemos env\u00edos a toda Europa. Estos no son productos originales de la marca Land Rover. El art\u00edculo ofrecido solo es adecuado para los modelos de [&hellip;]<\/p>\n","protected":false},"featured_media":193013,"comment_status":"closed","ping_status":"open","template":"","meta":[],"product_cat":[],"product_tag":[7780,7779],"class_list":{"0":"post-77222","1":"product","2":"type-product","3":"status-publish","4":"has-post-thumbnail","6":"product_tag-body-kits","7":"product_tag-eurolineas","8":"product_shipping_class-eurolineas","9":"pa_material-plastico-abs","10":"pa_parte-parrilla-frontal","12":"first","13":"instock","14":"taxable","15":"shipping-taxable","16":"purchasable","17":"product-type-simple"},"_links":{"self":[{"href":"https:\/\/mlin.es\/tienda\/wp-json\/wp\/v2\/product\/77222","targetHints":{"allow":["GET"]}}],"collection":[{"href":"https:\/\/mlin.es\/tienda\/wp-json\/wp\/v2\/product"}],"about":[{"href":"https:\/\/mlin.es\/tienda\/wp-json\/wp\/v2\/types\/product"}],"replies":[{"embeddable":true,"href":"https:\/\/mlin.es\/tienda\/wp-json\/wp\/v2\/comments?post=77222"}],"wp:featuredmedia":[{"embeddable":true,"href":"https:\/\/mlin.es\/tienda\/wp-json\/wp\/v2\/media\/193013"}],"wp:attachment":[{"href":"https:\/\/mlin.es\/tienda\/wp-json\/wp\/v2\/media?parent=77222"}],"wp:term":[{"taxonomy":"product_cat","embeddable":true,"href":"https:\/\/mlin.es\/tienda\/wp-json\/wp\/v2\/product_cat?post=77222"},{"taxonomy":"product_tag","embeddable":true,"href":"https:\/\/mlin.es\/tienda\/wp-json\/wp\/v2\/product_tag?post=77222"}],"curies":[{"name":"wp","href":"https:\/\/api.w.org\/{rel}","templated":true}]}}