{"id":77211,"date":"2025-10-21T18:56:11","date_gmt":"2025-10-21T16:56:11","guid":{"rendered":"http:\/\/localhost\/wordpress\/producto\/parrilla-audi-a6-2020-c8-look-rs6-black-3\/"},"modified":"2025-10-21T18:57:56","modified_gmt":"2025-10-21T16:57:56","slug":"parrilla-audi-a6-2020-c8-look-rs6-black","status":"publish","type":"product","link":"https:\/\/mlin.es\/tienda\/producto\/parrilla-audi-a6-2020-c8-look-rs6-black\/","title":{"rendered":"Parrilla AUDI A6 2020 C8 Look RS6 BLACK"},"content":{"rendered":"<p><strong> Parrilla delantera AUDI A6 2020 C8 Look RS6.<\/strong><\/p>\n<ul>\n<li>Look RS6.<\/li>\n<li>Producto v\u00e1lido para versi\u00f3n standar, Sline y S6. No v\u00e1lido para versi\u00f3n RS6.<\/li>\n<li>Producto aftermarket.<\/li>\n<li>Parrilla en pl\u00e1stico ABS de gran calidad.<\/li>\n<li>Espec\u00edfica para el Audi A6, gran calidad y perfecto acabado.<\/li>\n<\/ul>\n<p class=\"notoriginal\">Estos no son productos originales de la marca Audi.<\/p>\n<p class=\"notoriginal2\">El art\u00edculo ofrecido solo es adecuado para los modelos de veh\u00edculos descritos.<\/p>\n","protected":false},"excerpt":{"rendered":"<p>Parrilla delantera AUDI A6 2020 C8 Look RS6. Look RS6. Producto v\u00e1lido para versi\u00f3n standar, Sline y S6. No v\u00e1lido para versi\u00f3n RS6. Producto aftermarket. Parrilla en pl\u00e1stico ABS de gran calidad. Espec\u00edfica para el Audi A6, gran calidad y perfecto acabado. Estos no son productos originales de la marca Audi. El art\u00edculo ofrecido solo [&hellip;]<\/p>\n","protected":false},"featured_media":193148,"comment_status":"closed","ping_status":"open","template":"","meta":[],"product_cat":[],"product_tag":[7780,7779],"class_list":{"0":"post-77211","1":"product","2":"type-product","3":"status-publish","4":"has-post-thumbnail","6":"product_tag-body-kits","7":"product_tag-eurolineas","8":"product_shipping_class-eurolineas","9":"pa_material-plastico-abs","10":"pa_parte-parrilla-frontal","12":"first","13":"instock","14":"taxable","15":"shipping-taxable","16":"purchasable","17":"product-type-simple"},"_links":{"self":[{"href":"https:\/\/mlin.es\/tienda\/wp-json\/wp\/v2\/product\/77211","targetHints":{"allow":["GET"]}}],"collection":[{"href":"https:\/\/mlin.es\/tienda\/wp-json\/wp\/v2\/product"}],"about":[{"href":"https:\/\/mlin.es\/tienda\/wp-json\/wp\/v2\/types\/product"}],"replies":[{"embeddable":true,"href":"https:\/\/mlin.es\/tienda\/wp-json\/wp\/v2\/comments?post=77211"}],"wp:featuredmedia":[{"embeddable":true,"href":"https:\/\/mlin.es\/tienda\/wp-json\/wp\/v2\/media\/193148"}],"wp:attachment":[{"href":"https:\/\/mlin.es\/tienda\/wp-json\/wp\/v2\/media?parent=77211"}],"wp:term":[{"taxonomy":"product_cat","embeddable":true,"href":"https:\/\/mlin.es\/tienda\/wp-json\/wp\/v2\/product_cat?post=77211"},{"taxonomy":"product_tag","embeddable":true,"href":"https:\/\/mlin.es\/tienda\/wp-json\/wp\/v2\/product_tag?post=77211"}],"curies":[{"name":"wp","href":"https:\/\/api.w.org\/{rel}","templated":true}]}}