{"id":77204,"date":"2026-02-05T09:21:40","date_gmt":"2026-02-05T08:21:40","guid":{"rendered":"http:\/\/localhost\/wordpress\/producto\/parrilla-mercedes-w117-cla-look-amg-para-tcm0197-tcm0131-3\/"},"modified":"2026-02-05T09:21:44","modified_gmt":"2026-02-05T08:21:44","slug":"parrilla-mercedes-w117-cla-look-amg-para-tcm0197-tcm0131","status":"publish","type":"product","link":"https:\/\/mlin.es\/tienda\/producto\/parrilla-mercedes-w117-cla-look-amg-para-tcm0197-tcm0131\/","title":{"rendered":"Parrilla Mercedes W117 CLA Look AMG Para TCM0197 \/ TCM0131"},"content":{"rendered":"<h4>Parrilla Mercedes W117 CLA Look AMG.<\/h4>\n<ul>\n<li>Este producto solo es v\u00e1lido para nuestros paragolpes TCM0197 \/ TCM0131.<\/li>\n<li>Hecha en pl\u00e1stico inyectado.<\/li>\n<li>Gran calidad y perfecto acople<\/li>\n<\/ul>\n<p class=\"notoriginal\">Estos no son productos originales de la marca Mercedes.<\/p>\n<p class=\"notoriginal2\">El art\u00edculo ofrecido solo es adecuado para los modelos de veh\u00edculos descritos.<\/p>\n","protected":false},"excerpt":{"rendered":"<p>Parrilla Mercedes W117 CLA Look AMG. Este producto solo es v\u00e1lido para nuestros paragolpes TCM0197 \/ TCM0131. Hecha en pl\u00e1stico inyectado. Gran calidad y perfecto acople Estos no son productos originales de la marca Mercedes. El art\u00edculo ofrecido solo es adecuado para los modelos de veh\u00edculos descritos.<\/p>\n","protected":false},"featured_media":189817,"comment_status":"closed","ping_status":"open","template":"","meta":[],"product_cat":[],"product_tag":[7780,7779],"class_list":{"0":"post-77204","1":"product","2":"type-product","3":"status-publish","4":"has-post-thumbnail","6":"product_tag-body-kits","7":"product_tag-eurolineas","8":"product_shipping_class-eurolineas","9":"pa_material-plastico-abs","10":"pa_parte-parrilla-frontal","12":"first","13":"instock","14":"taxable","15":"shipping-taxable","16":"purchasable","17":"product-type-simple"},"_links":{"self":[{"href":"https:\/\/mlin.es\/tienda\/wp-json\/wp\/v2\/product\/77204","targetHints":{"allow":["GET"]}}],"collection":[{"href":"https:\/\/mlin.es\/tienda\/wp-json\/wp\/v2\/product"}],"about":[{"href":"https:\/\/mlin.es\/tienda\/wp-json\/wp\/v2\/types\/product"}],"replies":[{"embeddable":true,"href":"https:\/\/mlin.es\/tienda\/wp-json\/wp\/v2\/comments?post=77204"}],"wp:featuredmedia":[{"embeddable":true,"href":"https:\/\/mlin.es\/tienda\/wp-json\/wp\/v2\/media\/189817"}],"wp:attachment":[{"href":"https:\/\/mlin.es\/tienda\/wp-json\/wp\/v2\/media?parent=77204"}],"wp:term":[{"taxonomy":"product_cat","embeddable":true,"href":"https:\/\/mlin.es\/tienda\/wp-json\/wp\/v2\/product_cat?post=77204"},{"taxonomy":"product_tag","embeddable":true,"href":"https:\/\/mlin.es\/tienda\/wp-json\/wp\/v2\/product_tag?post=77204"}],"curies":[{"name":"wp","href":"https:\/\/api.w.org\/{rel}","templated":true}]}}