{"id":77203,"date":"2025-10-21T18:56:11","date_gmt":"2025-10-21T16:56:11","guid":{"rendered":"http:\/\/localhost\/wordpress\/producto\/parrilla-bmw-g20-look-m4-3\/"},"modified":"2025-10-21T18:57:45","modified_gmt":"2025-10-21T16:57:45","slug":"parrilla-bmw-g20-look-m4","status":"publish","type":"product","link":"https:\/\/mlin.es\/tienda\/producto\/parrilla-bmw-g20-look-m4\/","title":{"rendered":"Parrilla BMW G20 Look M4"},"content":{"rendered":"<h4>Parrilla de\u00a0BMW G20 Look M4.<\/h4>\n<ul>\n<li>Hecha en\u00a0pl\u00e1stico abs.<\/li>\n<li>Gran calidad<\/li>\n<li>Perfecto acople.<\/li>\n<\/ul>\n<p class=\"notoriginal\">Estos no son productos originales de la marca BMW.<\/p>\n<p class=\"notoriginal2\">El art\u00edculo ofrecido solo es adecuado para los modelos de veh\u00edculos descritos.<\/p>\n","protected":false},"excerpt":{"rendered":"<p>Parrilla de\u00a0BMW G20 Look M4. Hecha en\u00a0pl\u00e1stico abs. Gran calidad Perfecto acople. Estos no son productos originales de la marca BMW. El art\u00edculo ofrecido solo es adecuado para los modelos de veh\u00edculos descritos.<\/p>\n","protected":false},"featured_media":193139,"comment_status":"closed","ping_status":"open","template":"","meta":[],"product_cat":[],"product_tag":[7780,7779],"class_list":{"0":"post-77203","1":"product","2":"type-product","3":"status-publish","4":"has-post-thumbnail","6":"product_tag-body-kits","7":"product_tag-eurolineas","8":"product_shipping_class-eurolineas","9":"pa_material-plastico-abs","10":"pa_parte-parrilla-frontal","12":"first","13":"instock","14":"taxable","15":"shipping-taxable","16":"purchasable","17":"product-type-simple"},"_links":{"self":[{"href":"https:\/\/mlin.es\/tienda\/wp-json\/wp\/v2\/product\/77203","targetHints":{"allow":["GET"]}}],"collection":[{"href":"https:\/\/mlin.es\/tienda\/wp-json\/wp\/v2\/product"}],"about":[{"href":"https:\/\/mlin.es\/tienda\/wp-json\/wp\/v2\/types\/product"}],"replies":[{"embeddable":true,"href":"https:\/\/mlin.es\/tienda\/wp-json\/wp\/v2\/comments?post=77203"}],"wp:featuredmedia":[{"embeddable":true,"href":"https:\/\/mlin.es\/tienda\/wp-json\/wp\/v2\/media\/193139"}],"wp:attachment":[{"href":"https:\/\/mlin.es\/tienda\/wp-json\/wp\/v2\/media?parent=77203"}],"wp:term":[{"taxonomy":"product_cat","embeddable":true,"href":"https:\/\/mlin.es\/tienda\/wp-json\/wp\/v2\/product_cat?post=77203"},{"taxonomy":"product_tag","embeddable":true,"href":"https:\/\/mlin.es\/tienda\/wp-json\/wp\/v2\/product_tag?post=77203"}],"curies":[{"name":"wp","href":"https:\/\/api.w.org\/{rel}","templated":true}]}}