{"id":77201,"date":"2026-02-05T09:21:22","date_gmt":"2026-02-05T08:21:22","guid":{"rendered":"http:\/\/localhost\/wordpress\/producto\/parrilla-bmw-e90-e91-lci-look-m3-3\/"},"modified":"2026-02-05T09:21:30","modified_gmt":"2026-02-05T08:21:30","slug":"parrilla-bmw-e90-e91-lci-look-m3","status":"publish","type":"product","link":"https:\/\/mlin.es\/tienda\/producto\/parrilla-bmw-e90-e91-lci-look-m3\/","title":{"rendered":"Parrilla BMW E90 \/ E91 LCI Look M3"},"content":{"rendered":"<h4>Parrilla de\u00a0BMW\u00a0E90 \/ E91 LCI Look M3.<\/h4>\n<ul>\n<li>Hecha en\u00a0pl\u00e1stico abs.<\/li>\n<li>Gran calidad<\/li>\n<li>Perfecto acople.<\/li>\n<\/ul>\n<p class=\"notoriginal\">Estos no son productos originales de la marca BMW.<\/p>\n<p class=\"notoriginal2\">El art\u00edculo ofrecido solo es adecuado para los modelos de veh\u00edculos descritos.<\/p>\n","protected":false},"excerpt":{"rendered":"<p>Parrilla de\u00a0BMW\u00a0E90 \/ E91 LCI Look M3. Hecha en\u00a0pl\u00e1stico abs. Gran calidad Perfecto acople. Estos no son productos originales de la marca BMW. El art\u00edculo ofrecido solo es adecuado para los modelos de veh\u00edculos descritos.<\/p>\n","protected":false},"featured_media":189810,"comment_status":"closed","ping_status":"open","template":"","meta":[],"product_cat":[],"product_tag":[7780,7779],"class_list":{"0":"post-77201","1":"product","2":"type-product","3":"status-publish","4":"has-post-thumbnail","6":"product_tag-body-kits","7":"product_tag-eurolineas","8":"product_shipping_class-eurolineas","9":"pa_material-plastico-abs","10":"pa_parte-parrilla-frontal","12":"first","13":"instock","14":"taxable","15":"shipping-taxable","16":"purchasable","17":"product-type-simple"},"_links":{"self":[{"href":"https:\/\/mlin.es\/tienda\/wp-json\/wp\/v2\/product\/77201","targetHints":{"allow":["GET"]}}],"collection":[{"href":"https:\/\/mlin.es\/tienda\/wp-json\/wp\/v2\/product"}],"about":[{"href":"https:\/\/mlin.es\/tienda\/wp-json\/wp\/v2\/types\/product"}],"replies":[{"embeddable":true,"href":"https:\/\/mlin.es\/tienda\/wp-json\/wp\/v2\/comments?post=77201"}],"wp:featuredmedia":[{"embeddable":true,"href":"https:\/\/mlin.es\/tienda\/wp-json\/wp\/v2\/media\/189810"}],"wp:attachment":[{"href":"https:\/\/mlin.es\/tienda\/wp-json\/wp\/v2\/media?parent=77201"}],"wp:term":[{"taxonomy":"product_cat","embeddable":true,"href":"https:\/\/mlin.es\/tienda\/wp-json\/wp\/v2\/product_cat?post=77201"},{"taxonomy":"product_tag","embeddable":true,"href":"https:\/\/mlin.es\/tienda\/wp-json\/wp\/v2\/product_tag?post=77201"}],"curies":[{"name":"wp","href":"https:\/\/api.w.org\/{rel}","templated":true}]}}