{"id":77187,"date":"2026-02-05T09:19:57","date_gmt":"2026-02-05T08:19:57","guid":{"rendered":"http:\/\/localhost\/wordpress\/producto\/parrilla-audi-a4-look-rs4-b9-2016-black-3\/"},"modified":"2026-02-05T09:19:58","modified_gmt":"2026-02-05T08:19:58","slug":"parrilla-audi-a4-look-rs4-b9-2016-black","status":"publish","type":"product","link":"https:\/\/mlin.es\/tienda\/producto\/parrilla-audi-a4-look-rs4-b9-2016-black\/","title":{"rendered":"Parrilla Audi A4 Look RS4 B9 2016 Black"},"content":{"rendered":"<h4>Parrilla delantera Audi A4 B9 2016 Black\u00a0.<\/h4>\n<ul>\n<li>Look RS4.<\/li>\n<li><span>Producto v\u00e1lido para versi\u00f3n Standar, Sline y S4. No v\u00e1lido para versi\u00f3n RS4.<\/span><\/li>\n<li>Producto aftermarket.<\/li>\n<li>Fabricada en plastico inyectado.<\/li>\n<li>Acabado en negro.<\/li>\n<li>Gran calidad y perfecto acople.<\/li>\n<li>Servimos con factura y garant\u00eda.<\/li>\n<\/ul>\n<p class=\"notoriginal\">Estos no son productos originales de la marca Audi.<\/p>\n<p class=\"notoriginal2\">El art\u00edculo ofrecido solo es adecuado para los modelos de veh\u00edculos descritos.<\/p>\n","protected":false},"excerpt":{"rendered":"<p>Parrilla delantera Audi A4 B9 2016 Black\u00a0. Look RS4. Producto v\u00e1lido para versi\u00f3n Standar, Sline y S4. No v\u00e1lido para versi\u00f3n RS4. Producto aftermarket. Fabricada en plastico inyectado. Acabado en negro. Gran calidad y perfecto acople. Servimos con factura y garant\u00eda. Estos no son productos originales de la marca Audi. El art\u00edculo ofrecido solo es [&hellip;]<\/p>\n","protected":false},"featured_media":189773,"comment_status":"closed","ping_status":"open","template":"","meta":[],"product_cat":[],"product_tag":[7780,7779],"class_list":{"0":"post-77187","1":"product","2":"type-product","3":"status-publish","4":"has-post-thumbnail","6":"product_tag-body-kits","7":"product_tag-eurolineas","8":"product_shipping_class-eurolineas","9":"pa_material-plastico-abs","10":"pa_parte-parrilla-frontal","12":"first","13":"instock","14":"taxable","15":"shipping-taxable","16":"purchasable","17":"product-type-simple"},"_links":{"self":[{"href":"https:\/\/mlin.es\/tienda\/wp-json\/wp\/v2\/product\/77187","targetHints":{"allow":["GET"]}}],"collection":[{"href":"https:\/\/mlin.es\/tienda\/wp-json\/wp\/v2\/product"}],"about":[{"href":"https:\/\/mlin.es\/tienda\/wp-json\/wp\/v2\/types\/product"}],"replies":[{"embeddable":true,"href":"https:\/\/mlin.es\/tienda\/wp-json\/wp\/v2\/comments?post=77187"}],"wp:featuredmedia":[{"embeddable":true,"href":"https:\/\/mlin.es\/tienda\/wp-json\/wp\/v2\/media\/189773"}],"wp:attachment":[{"href":"https:\/\/mlin.es\/tienda\/wp-json\/wp\/v2\/media?parent=77187"}],"wp:term":[{"taxonomy":"product_cat","embeddable":true,"href":"https:\/\/mlin.es\/tienda\/wp-json\/wp\/v2\/product_cat?post=77187"},{"taxonomy":"product_tag","embeddable":true,"href":"https:\/\/mlin.es\/tienda\/wp-json\/wp\/v2\/product_tag?post=77187"}],"curies":[{"name":"wp","href":"https:\/\/api.w.org\/{rel}","templated":true}]}}