{"id":77182,"date":"2025-10-21T17:11:58","date_gmt":"2025-10-21T15:11:58","guid":{"rendered":"http:\/\/localhost\/wordpress\/producto\/parrilla-audi-a1-2012-2015-look-rs1-black-3\/"},"modified":"2025-10-21T17:12:11","modified_gmt":"2025-10-21T15:12:11","slug":"parrilla-audi-a1-2012-2015-look-rs1-black","status":"publish","type":"product","link":"https:\/\/mlin.es\/tienda\/producto\/parrilla-audi-a1-2012-2015-look-rs1-black\/","title":{"rendered":"Parrilla Audi A1 2012-2015 Look RS1 Black"},"content":{"rendered":"<h4>Parrilla\u00a0AUDI A1 2012-2015\u00a0LOOK RS1 BLACK<\/h4>\n<ul>\n<li>Producto aftermarket.<\/li>\n<li>Fabricada en pl\u00e1stico ABS.<\/li>\n<li><span>Producto v\u00e1lido para versi\u00f3n standar, Sline y S1. No v\u00e1lido para versi\u00f3n RS1.<\/span><\/li>\n<li>Negra.<\/li>\n<li>Gran calidad y perfecto acople.<\/li>\n<\/ul>\n<p class=\"notoriginal\">Estos no son productos originales de la marca Audi.<\/p>\n<p class=\"notoriginal2\">El art\u00edculo ofrecido solo es adecuado para los modelos de veh\u00edculos descritos.<\/p>\n","protected":false},"excerpt":{"rendered":"<p>Parrilla\u00a0AUDI A1 2012-2015\u00a0LOOK RS1 BLACK Producto aftermarket. Fabricada en pl\u00e1stico ABS. Producto v\u00e1lido para versi\u00f3n standar, Sline y S1. No v\u00e1lido para versi\u00f3n RS1. Negra. Gran calidad y perfecto acople. Estos no son productos originales de la marca Audi. El art\u00edculo ofrecido solo es adecuado para los modelos de veh\u00edculos descritos.<\/p>\n","protected":false},"featured_media":189760,"comment_status":"closed","ping_status":"open","template":"","meta":[],"product_cat":[],"product_tag":[7780,7779],"class_list":{"0":"post-77182","1":"product","2":"type-product","3":"status-publish","4":"has-post-thumbnail","6":"product_tag-body-kits","7":"product_tag-eurolineas","8":"product_shipping_class-eurolineas","9":"pa_material-plastico-abs","10":"pa_parte-parrilla-frontal","12":"first","13":"instock","14":"taxable","15":"shipping-taxable","16":"purchasable","17":"product-type-simple"},"_links":{"self":[{"href":"https:\/\/mlin.es\/tienda\/wp-json\/wp\/v2\/product\/77182","targetHints":{"allow":["GET"]}}],"collection":[{"href":"https:\/\/mlin.es\/tienda\/wp-json\/wp\/v2\/product"}],"about":[{"href":"https:\/\/mlin.es\/tienda\/wp-json\/wp\/v2\/types\/product"}],"replies":[{"embeddable":true,"href":"https:\/\/mlin.es\/tienda\/wp-json\/wp\/v2\/comments?post=77182"}],"wp:featuredmedia":[{"embeddable":true,"href":"https:\/\/mlin.es\/tienda\/wp-json\/wp\/v2\/media\/189760"}],"wp:attachment":[{"href":"https:\/\/mlin.es\/tienda\/wp-json\/wp\/v2\/media?parent=77182"}],"wp:term":[{"taxonomy":"product_cat","embeddable":true,"href":"https:\/\/mlin.es\/tienda\/wp-json\/wp\/v2\/product_cat?post=77182"},{"taxonomy":"product_tag","embeddable":true,"href":"https:\/\/mlin.es\/tienda\/wp-json\/wp\/v2\/product_tag?post=77182"}],"curies":[{"name":"wp","href":"https:\/\/api.w.org\/{rel}","templated":true}]}}