{"id":77177,"date":"2026-02-05T09:19:00","date_gmt":"2026-02-05T08:19:00","guid":{"rendered":"http:\/\/localhost\/wordpress\/producto\/parrilla-delantera-audi-a3-3-puertas-y-sportback-09-12-look-rs3-3\/"},"modified":"2026-02-05T09:19:03","modified_gmt":"2026-02-05T08:19:03","slug":"parrilla-delantera-audi-a3-3-puertas-y-sportback-09-12-look-rs3","status":"publish","type":"product","link":"https:\/\/mlin.es\/tienda\/producto\/parrilla-delantera-audi-a3-3-puertas-y-sportback-09-12-look-rs3\/","title":{"rendered":"Parrilla Delantera Audi A3  3 Puertas Y Sportback 09-12 Look RS3"},"content":{"rendered":"<h4>Parrilla delantera para audi A3 3 puertas y Sportback 2009 a 2012<\/h4>\n<ul>\n<li>Fabricada en pl\u00e1stico inyectado.<\/li>\n<li>Look RS3<\/li>\n<li>Gran calidad y perfecto acople.<\/li>\n<li>Servimos con factura y garant\u00eda.<\/li>\n<\/ul>\n<p class=\"notoriginal\">Estos no son productos originales de la marca Audi.<\/p>\n<p class=\"notoriginal2\">El art\u00edculo ofrecido solo es adecuado para los modelos de veh\u00edculos descritos.<\/p>\n","protected":false},"excerpt":{"rendered":"<p>Parrilla delantera para audi A3 3 puertas y Sportback 2009 a 2012 Fabricada en pl\u00e1stico inyectado. Look RS3 Gran calidad y perfecto acople. Servimos con factura y garant\u00eda. Estos no son productos originales de la marca Audi. El art\u00edculo ofrecido solo es adecuado para los modelos de veh\u00edculos descritos.<\/p>\n","protected":false},"featured_media":189746,"comment_status":"closed","ping_status":"open","template":"","meta":[],"product_cat":[],"product_tag":[7780,7779],"class_list":{"0":"post-77177","1":"product","2":"type-product","3":"status-publish","4":"has-post-thumbnail","6":"product_tag-body-kits","7":"product_tag-eurolineas","8":"product_shipping_class-eurolineas","9":"pa_material-plastico-abs","10":"pa_parte-parrilla-frontal","12":"first","13":"instock","14":"taxable","15":"shipping-taxable","16":"purchasable","17":"product-type-simple"},"_links":{"self":[{"href":"https:\/\/mlin.es\/tienda\/wp-json\/wp\/v2\/product\/77177","targetHints":{"allow":["GET"]}}],"collection":[{"href":"https:\/\/mlin.es\/tienda\/wp-json\/wp\/v2\/product"}],"about":[{"href":"https:\/\/mlin.es\/tienda\/wp-json\/wp\/v2\/types\/product"}],"replies":[{"embeddable":true,"href":"https:\/\/mlin.es\/tienda\/wp-json\/wp\/v2\/comments?post=77177"}],"wp:featuredmedia":[{"embeddable":true,"href":"https:\/\/mlin.es\/tienda\/wp-json\/wp\/v2\/media\/189746"}],"wp:attachment":[{"href":"https:\/\/mlin.es\/tienda\/wp-json\/wp\/v2\/media?parent=77177"}],"wp:term":[{"taxonomy":"product_cat","embeddable":true,"href":"https:\/\/mlin.es\/tienda\/wp-json\/wp\/v2\/product_cat?post=77177"},{"taxonomy":"product_tag","embeddable":true,"href":"https:\/\/mlin.es\/tienda\/wp-json\/wp\/v2\/product_tag?post=77177"}],"curies":[{"name":"wp","href":"https:\/\/api.w.org\/{rel}","templated":true}]}}