{"id":77173,"date":"2026-02-05T09:18:39","date_gmt":"2026-02-05T08:18:39","guid":{"rendered":"http:\/\/localhost\/wordpress\/producto\/parrilla-mercedes-w203-4-puertas-look-amg-3\/"},"modified":"2026-02-05T09:18:43","modified_gmt":"2026-02-05T08:18:43","slug":"parrilla-mercedes-w203-4-puertas-look-amg","status":"publish","type":"product","link":"https:\/\/mlin.es\/tienda\/producto\/parrilla-mercedes-w203-4-puertas-look-amg\/","title":{"rendered":"Parrilla Mercedes W203 4 Puertas Look AMG"},"content":{"rendered":"<h4>\u00a0Parrilla Mercedes w203 4 puertas.<\/h4>\n<ul>\n<li>Look AMG.<\/li>\n<li>Hecha en pl\u00e1stico inyectado.<\/li>\n<li>No v\u00e1lido para versi\u00f3n sport-coupe.<\/li>\n<li>Gran calidad y perfecto acople.<\/li>\n<\/ul>\n<p class=\"notoriginal\">Estos no son productos originales de la marca Mercedes.<\/p>\n<p class=\"notoriginal2\">El art\u00edculo ofrecido solo es adecuado para los modelos de veh\u00edculos descritos.<\/p>\n","protected":false},"excerpt":{"rendered":"<p>\u00a0Parrilla Mercedes w203 4 puertas. Look AMG. Hecha en pl\u00e1stico inyectado. No v\u00e1lido para versi\u00f3n sport-coupe. Gran calidad y perfecto acople. Estos no son productos originales de la marca Mercedes. El art\u00edculo ofrecido solo es adecuado para los modelos de veh\u00edculos descritos.<\/p>\n","protected":false},"featured_media":189736,"comment_status":"closed","ping_status":"open","template":"","meta":[],"product_cat":[],"product_tag":[7780,7779],"class_list":{"0":"post-77173","1":"product","2":"type-product","3":"status-publish","4":"has-post-thumbnail","6":"product_tag-body-kits","7":"product_tag-eurolineas","8":"product_shipping_class-eurolineas","9":"pa_material-plastico-abs","10":"pa_parte-parrilla-frontal","12":"first","13":"instock","14":"taxable","15":"shipping-taxable","16":"purchasable","17":"product-type-simple"},"_links":{"self":[{"href":"https:\/\/mlin.es\/tienda\/wp-json\/wp\/v2\/product\/77173","targetHints":{"allow":["GET"]}}],"collection":[{"href":"https:\/\/mlin.es\/tienda\/wp-json\/wp\/v2\/product"}],"about":[{"href":"https:\/\/mlin.es\/tienda\/wp-json\/wp\/v2\/types\/product"}],"replies":[{"embeddable":true,"href":"https:\/\/mlin.es\/tienda\/wp-json\/wp\/v2\/comments?post=77173"}],"wp:featuredmedia":[{"embeddable":true,"href":"https:\/\/mlin.es\/tienda\/wp-json\/wp\/v2\/media\/189736"}],"wp:attachment":[{"href":"https:\/\/mlin.es\/tienda\/wp-json\/wp\/v2\/media?parent=77173"}],"wp:term":[{"taxonomy":"product_cat","embeddable":true,"href":"https:\/\/mlin.es\/tienda\/wp-json\/wp\/v2\/product_cat?post=77173"},{"taxonomy":"product_tag","embeddable":true,"href":"https:\/\/mlin.es\/tienda\/wp-json\/wp\/v2\/product_tag?post=77173"}],"curies":[{"name":"wp","href":"https:\/\/api.w.org\/{rel}","templated":true}]}}