{"id":76812,"date":"2026-02-04T17:24:50","date_gmt":"2026-02-04T16:24:50","guid":{"rendered":"http:\/\/localhost\/wordpress\/producto\/parrilla-audi-a6-2016-look-rs6-3\/"},"modified":"2026-02-04T17:24:50","modified_gmt":"2026-02-04T16:24:50","slug":"parrilla-audi-a6-2016-look-rs6","status":"publish","type":"product","link":"https:\/\/mlin.es\/tienda\/producto\/parrilla-audi-a6-2016-look-rs6\/","title":{"rendered":"Parrilla Audi A6 2016 Look RS6"},"content":{"rendered":"<p><strong> Parrilla delantera Audi A6 2016 Look RS6<\/strong><strong>.<\/strong><\/p>\n<ul>\n<li>Look RS6.<\/li>\n<li><span>Producto v\u00e1lido para versi\u00f3n standar, Sline y S6. No v\u00e1lido para versi\u00f3n RS6.<\/span><\/li>\n<li>Producto aftermarket.<\/li>\n<li>Parrilla en pl\u00e1stico ABS de gran calidad.<\/li>\n<li>Espec\u00edfica para el Audi A6, gran calidad y perfecto acabado.<\/li>\n<\/ul>\n<p class=\"notoriginal\">Estos no son productos originales de la marca Audi.<\/p>\n<p class=\"notoriginal2\">El art\u00edculo ofrecido solo es adecuado para los modelos de veh\u00edculos descritos.<\/p>\n","protected":false},"excerpt":{"rendered":"<p>Parrilla delantera Audi A6 2016 Look RS6. Look RS6. Producto v\u00e1lido para versi\u00f3n standar, Sline y S6. No v\u00e1lido para versi\u00f3n RS6. Producto aftermarket. Parrilla en pl\u00e1stico ABS de gran calidad. Espec\u00edfica para el Audi A6, gran calidad y perfecto acabado. Estos no son productos originales de la marca Audi. El art\u00edculo ofrecido solo es [&hellip;]<\/p>\n","protected":false},"featured_media":189127,"comment_status":"closed","ping_status":"open","template":"","meta":[],"product_cat":[],"product_tag":[7780,7779],"class_list":{"0":"post-76812","1":"product","2":"type-product","3":"status-publish","4":"has-post-thumbnail","6":"product_tag-body-kits","7":"product_tag-eurolineas","8":"product_shipping_class-eurolineas","9":"pa_material-plastico-abs","10":"pa_parte-parrilla-frontal","12":"first","13":"instock","14":"taxable","15":"shipping-taxable","16":"purchasable","17":"product-type-simple"},"_links":{"self":[{"href":"https:\/\/mlin.es\/tienda\/wp-json\/wp\/v2\/product\/76812","targetHints":{"allow":["GET"]}}],"collection":[{"href":"https:\/\/mlin.es\/tienda\/wp-json\/wp\/v2\/product"}],"about":[{"href":"https:\/\/mlin.es\/tienda\/wp-json\/wp\/v2\/types\/product"}],"replies":[{"embeddable":true,"href":"https:\/\/mlin.es\/tienda\/wp-json\/wp\/v2\/comments?post=76812"}],"wp:featuredmedia":[{"embeddable":true,"href":"https:\/\/mlin.es\/tienda\/wp-json\/wp\/v2\/media\/189127"}],"wp:attachment":[{"href":"https:\/\/mlin.es\/tienda\/wp-json\/wp\/v2\/media?parent=76812"}],"wp:term":[{"taxonomy":"product_cat","embeddable":true,"href":"https:\/\/mlin.es\/tienda\/wp-json\/wp\/v2\/product_cat?post=76812"},{"taxonomy":"product_tag","embeddable":true,"href":"https:\/\/mlin.es\/tienda\/wp-json\/wp\/v2\/product_tag?post=76812"}],"curies":[{"name":"wp","href":"https:\/\/api.w.org\/{rel}","templated":true}]}}