{"id":76410,"date":"2025-10-21T16:40:51","date_gmt":"2025-10-21T14:40:51","guid":{"rendered":"http:\/\/localhost\/wordpress\/producto\/escape-volkswagen-golf-7-7-5-gti-3\/"},"modified":"2025-10-21T16:40:56","modified_gmt":"2025-10-21T14:40:56","slug":"escape-volkswagen-golf-7-7-5-gti","status":"publish","type":"product","link":"https:\/\/mlin.es\/tienda\/producto\/escape-volkswagen-golf-7-7-5-gti\/","title":{"rendered":"Escape Volkswagen Golf 7  \/ 7.5 GTI"},"content":{"rendered":"<h4>Escape completo, para el VOLKSWAGEN GOLF\u00a0Golf 7\u00a0 \/ 7.5 GTI.<\/h4>\n<ul>\n<li>Acabado punta quemada.<\/li>\n<li>Especif\u00edco para VOLKSWAGEN GOLF\u00a0Golf 7\u00a0 \/ 7.5 GTI. Utilizando los mismos soportes.<\/li>\n<li>Est\u00e9tica mejorada, y ruido personalizado<\/li>\n<li>Fabricado en acero<\/li>\n<li>\u00d8<\/li>\n<\/ul>\n<p class=\"notoriginal\">Estos no son productos originales de la marca Volkswagen.<\/p>\n<p class=\"notoriginal2\">El art\u00edculo ofrecido solo es adecuado para los modelos de veh\u00edculos descritos.<\/p>\n","protected":false},"excerpt":{"rendered":"<p>Escape completo, para el VOLKSWAGEN GOLF\u00a0Golf 7\u00a0 \/ 7.5 GTI. Acabado punta quemada. Especif\u00edco para VOLKSWAGEN GOLF\u00a0Golf 7\u00a0 \/ 7.5 GTI. Utilizando los mismos soportes. Est\u00e9tica mejorada, y ruido personalizado Fabricado en acero \u00d8 Estos no son productos originales de la marca Volkswagen. El art\u00edculo ofrecido solo es adecuado para los modelos de veh\u00edculos descritos.<\/p>\n","protected":false},"featured_media":188304,"comment_status":"closed","ping_status":"open","template":"","meta":[],"product_cat":[],"product_tag":[7780,7779],"class_list":{"0":"post-76410","1":"product","2":"type-product","3":"status-publish","4":"has-post-thumbnail","6":"product_tag-body-kits","7":"product_tag-eurolineas","8":"product_shipping_class-eurolineas","9":"pa_parte-escapes","11":"first","12":"instock","13":"taxable","14":"shipping-taxable","15":"purchasable","16":"product-type-simple"},"_links":{"self":[{"href":"https:\/\/mlin.es\/tienda\/wp-json\/wp\/v2\/product\/76410","targetHints":{"allow":["GET"]}}],"collection":[{"href":"https:\/\/mlin.es\/tienda\/wp-json\/wp\/v2\/product"}],"about":[{"href":"https:\/\/mlin.es\/tienda\/wp-json\/wp\/v2\/types\/product"}],"replies":[{"embeddable":true,"href":"https:\/\/mlin.es\/tienda\/wp-json\/wp\/v2\/comments?post=76410"}],"wp:featuredmedia":[{"embeddable":true,"href":"https:\/\/mlin.es\/tienda\/wp-json\/wp\/v2\/media\/188304"}],"wp:attachment":[{"href":"https:\/\/mlin.es\/tienda\/wp-json\/wp\/v2\/media?parent=76410"}],"wp:term":[{"taxonomy":"product_cat","embeddable":true,"href":"https:\/\/mlin.es\/tienda\/wp-json\/wp\/v2\/product_cat?post=76410"},{"taxonomy":"product_tag","embeddable":true,"href":"https:\/\/mlin.es\/tienda\/wp-json\/wp\/v2\/product_tag?post=76410"}],"curies":[{"name":"wp","href":"https:\/\/api.w.org\/{rel}","templated":true}]}}