{"id":76400,"date":"2025-10-21T16:39:24","date_gmt":"2025-10-21T14:39:24","guid":{"rendered":"http:\/\/localhost\/wordpress\/producto\/parrilla-mercedes-h247-gla-2021-look-gt-full-black-3\/"},"modified":"2025-10-21T16:40:33","modified_gmt":"2025-10-21T14:40:33","slug":"parrilla-mercedes-h247-gla-2021-look-gt-full-black","status":"publish","type":"product","link":"https:\/\/mlin.es\/tienda\/producto\/parrilla-mercedes-h247-gla-2021-look-gt-full-black\/","title":{"rendered":"Parrilla Mercedes H247 GLA 2021+ Look GT Full Black"},"content":{"rendered":"<h4>Parrilla\u00a0Mercedes\u00a0H247 GLA 2021+, Look GT.<\/h4>\n<ul>\n<li>Full Black.<\/li>\n<li>Este producto solo es v\u00e1lido para el veh\u00edculo versi\u00f3n standard. No es v\u00e1lido para versi\u00f3n AMG.<\/li>\n<li>Hecha en pl\u00e1stico inyectado.<\/li>\n<li>Gran calidad y perfecto acople<\/li>\n<\/ul>\n<p class=\"notoriginal\">Estos no son productos originales de la marca Mercedes.<\/p>\n<p class=\"notoriginal2\">El art\u00edculo ofrecido solo es adecuado para los modelos de veh\u00edculos descritos.<\/p>\n","protected":false},"excerpt":{"rendered":"<p>Parrilla\u00a0Mercedes\u00a0H247 GLA 2021+, Look GT. Full Black. Este producto solo es v\u00e1lido para el veh\u00edculo versi\u00f3n standard. No es v\u00e1lido para versi\u00f3n AMG. Hecha en pl\u00e1stico inyectado. Gran calidad y perfecto acople Estos no son productos originales de la marca Mercedes. El art\u00edculo ofrecido solo es adecuado para los modelos de veh\u00edculos descritos.<\/p>\n","protected":false},"featured_media":188287,"comment_status":"closed","ping_status":"open","template":"","meta":[],"product_cat":[],"product_tag":[7780,7779],"class_list":{"0":"post-76400","1":"product","2":"type-product","3":"status-publish","4":"has-post-thumbnail","6":"product_tag-body-kits","7":"product_tag-eurolineas","8":"product_shipping_class-eurolineas","9":"pa_material-plastico-abs","10":"pa_parte-parrilla-frontal","12":"first","13":"instock","14":"taxable","15":"shipping-taxable","16":"purchasable","17":"product-type-simple"},"_links":{"self":[{"href":"https:\/\/mlin.es\/tienda\/wp-json\/wp\/v2\/product\/76400","targetHints":{"allow":["GET"]}}],"collection":[{"href":"https:\/\/mlin.es\/tienda\/wp-json\/wp\/v2\/product"}],"about":[{"href":"https:\/\/mlin.es\/tienda\/wp-json\/wp\/v2\/types\/product"}],"replies":[{"embeddable":true,"href":"https:\/\/mlin.es\/tienda\/wp-json\/wp\/v2\/comments?post=76400"}],"wp:featuredmedia":[{"embeddable":true,"href":"https:\/\/mlin.es\/tienda\/wp-json\/wp\/v2\/media\/188287"}],"wp:attachment":[{"href":"https:\/\/mlin.es\/tienda\/wp-json\/wp\/v2\/media?parent=76400"}],"wp:term":[{"taxonomy":"product_cat","embeddable":true,"href":"https:\/\/mlin.es\/tienda\/wp-json\/wp\/v2\/product_cat?post=76400"},{"taxonomy":"product_tag","embeddable":true,"href":"https:\/\/mlin.es\/tienda\/wp-json\/wp\/v2\/product_tag?post=76400"}],"curies":[{"name":"wp","href":"https:\/\/api.w.org\/{rel}","templated":true}]}}