{"id":76394,"date":"2025-10-21T19:18:54","date_gmt":"2025-10-21T17:18:54","guid":{"rendered":"http:\/\/localhost\/wordpress\/producto\/difusor-trasero-mercedes-w167-gle-2020-colas-3\/"},"modified":"2025-10-21T19:20:42","modified_gmt":"2025-10-21T17:20:42","slug":"difusor-trasero-mercedes-w167-gle-2020-colas","status":"publish","type":"product","link":"https:\/\/mlin.es\/tienda\/producto\/difusor-trasero-mercedes-w167-gle-2020-colas\/","title":{"rendered":"Difusor Trasero Mercedes W167 GLE 2020 Colas"},"content":{"rendered":"<h4>Difusor trasero para Mercedes W167 GLE 2020.<\/h4>\n<ul>\n<li>Producto de gran calidad.<\/li>\n<li>Incluye colas de escape.<\/li>\n<li>Acople perfecto.<\/li>\n<li>No es el paragolpes completo.<\/li>\n<li>Adapta perfectamente, no necesita modificaci\u00f3n.<\/li>\n<li>Hecho en pl\u00e1stico pl\u00e1stico ABS.<\/li>\n<\/ul>\n<p class=\"notoriginal\">Estos no son productos originales de la marca Mercedes.<\/p>\n<p class=\"notoriginal2\">El art\u00edculo ofrecido solo es adecuado para los modelos de veh\u00edculos descritos.<\/p>\n","protected":false},"excerpt":{"rendered":"<p>Difusor trasero para Mercedes W167 GLE 2020. Producto de gran calidad. Incluye colas de escape. Acople perfecto. No es el paragolpes completo. Adapta perfectamente, no necesita modificaci\u00f3n. Hecho en pl\u00e1stico pl\u00e1stico ABS. Estos no son productos originales de la marca Mercedes. El art\u00edculo ofrecido solo es adecuado para los modelos de veh\u00edculos descritos.<\/p>\n","protected":false},"featured_media":188277,"comment_status":"closed","ping_status":"open","template":"","meta":[],"product_cat":[],"product_tag":[7780,7779],"class_list":{"0":"post-76394","1":"product","2":"type-product","3":"status-publish","4":"has-post-thumbnail","6":"product_tag-body-kits","7":"product_tag-eurolineas","8":"product_shipping_class-eurolineas","9":"pa_material-plastico-abs","10":"pa_parte-difusor-trasero","12":"first","13":"instock","14":"taxable","15":"shipping-taxable","16":"purchasable","17":"product-type-simple"},"_links":{"self":[{"href":"https:\/\/mlin.es\/tienda\/wp-json\/wp\/v2\/product\/76394","targetHints":{"allow":["GET"]}}],"collection":[{"href":"https:\/\/mlin.es\/tienda\/wp-json\/wp\/v2\/product"}],"about":[{"href":"https:\/\/mlin.es\/tienda\/wp-json\/wp\/v2\/types\/product"}],"replies":[{"embeddable":true,"href":"https:\/\/mlin.es\/tienda\/wp-json\/wp\/v2\/comments?post=76394"}],"wp:featuredmedia":[{"embeddable":true,"href":"https:\/\/mlin.es\/tienda\/wp-json\/wp\/v2\/media\/188277"}],"wp:attachment":[{"href":"https:\/\/mlin.es\/tienda\/wp-json\/wp\/v2\/media?parent=76394"}],"wp:term":[{"taxonomy":"product_cat","embeddable":true,"href":"https:\/\/mlin.es\/tienda\/wp-json\/wp\/v2\/product_cat?post=76394"},{"taxonomy":"product_tag","embeddable":true,"href":"https:\/\/mlin.es\/tienda\/wp-json\/wp\/v2\/product_tag?post=76394"}],"curies":[{"name":"wp","href":"https:\/\/api.w.org\/{rel}","templated":true}]}}