{"id":76362,"date":"2026-02-04T10:05:07","date_gmt":"2026-02-04T09:05:07","guid":{"rendered":"http:\/\/localhost\/wordpress\/producto\/escape-audi-tt-8j-2-0-2006-2014-3\/"},"modified":"2026-02-04T10:05:13","modified_gmt":"2026-02-04T09:05:13","slug":"escape-audi-tt-8j-2-0-2006-2014","status":"publish","type":"product","link":"https:\/\/mlin.es\/tienda\/producto\/escape-audi-tt-8j-2-0-2006-2014\/","title":{"rendered":"Escape Audi TT 8J 2.0 2006-2014"},"content":{"rendered":"<h4>Escape completo, para el AUDI TT 8J 2.0 2006-2014.<\/h4>\n<ul>\n<li>Acabado punta quemada.<\/li>\n<li>Especif\u00edco para AUDI TT 8J 2.0 2006-2014. Utilizando los mismos soportes.<\/li>\n<li>Est\u00e9tica mejorada, y ruido personalizado<\/li>\n<li>Fabricado en acero<\/li>\n<li>\u00d8 9 cm.<\/li>\n<\/ul>\n<p><iframe src=\"https:\/\/www.youtube.com\/embed\/HQuTVgNFFCc\" width=\"172\" height=\"97\" frameborder=\"0\"><\/iframe><\/p>\n<p class=\"notoriginal\">Estos no son productos originales de la marca Audi.<\/p>\n<p class=\"notoriginal2\">El art\u00edculo ofrecido solo es adecuado para los modelos de veh\u00edculos descritos.<\/p>\n","protected":false},"excerpt":{"rendered":"<p>Escape completo, para el AUDI TT 8J 2.0 2006-2014. Acabado punta quemada. Especif\u00edco para AUDI TT 8J 2.0 2006-2014. Utilizando los mismos soportes. Est\u00e9tica mejorada, y ruido personalizado Fabricado en acero \u00d8 9 cm. Estos no son productos originales de la marca Audi. El art\u00edculo ofrecido solo es adecuado para los modelos de veh\u00edculos descritos.<\/p>\n","protected":false},"featured_media":188213,"comment_status":"closed","ping_status":"open","template":"","meta":[],"product_cat":[],"product_tag":[7780,7779],"class_list":{"0":"post-76362","1":"product","2":"type-product","3":"status-publish","4":"has-post-thumbnail","6":"product_tag-body-kits","7":"product_tag-eurolineas","8":"product_shipping_class-eurolineas","9":"pa_parte-escapes","11":"first","12":"instock","13":"taxable","14":"shipping-taxable","15":"purchasable","16":"product-type-simple"},"_links":{"self":[{"href":"https:\/\/mlin.es\/tienda\/wp-json\/wp\/v2\/product\/76362","targetHints":{"allow":["GET"]}}],"collection":[{"href":"https:\/\/mlin.es\/tienda\/wp-json\/wp\/v2\/product"}],"about":[{"href":"https:\/\/mlin.es\/tienda\/wp-json\/wp\/v2\/types\/product"}],"replies":[{"embeddable":true,"href":"https:\/\/mlin.es\/tienda\/wp-json\/wp\/v2\/comments?post=76362"}],"wp:featuredmedia":[{"embeddable":true,"href":"https:\/\/mlin.es\/tienda\/wp-json\/wp\/v2\/media\/188213"}],"wp:attachment":[{"href":"https:\/\/mlin.es\/tienda\/wp-json\/wp\/v2\/media?parent=76362"}],"wp:term":[{"taxonomy":"product_cat","embeddable":true,"href":"https:\/\/mlin.es\/tienda\/wp-json\/wp\/v2\/product_cat?post=76362"},{"taxonomy":"product_tag","embeddable":true,"href":"https:\/\/mlin.es\/tienda\/wp-json\/wp\/v2\/product_tag?post=76362"}],"curies":[{"name":"wp","href":"https:\/\/api.w.org\/{rel}","templated":true}]}}