{"id":76307,"date":"2025-10-21T19:35:39","date_gmt":"2025-10-21T17:35:39","guid":{"rendered":"http:\/\/localhost\/wordpress\/producto\/parrilla-audi-tt-8s-2015-2019-look-rs-3\/"},"modified":"2025-10-21T19:37:50","modified_gmt":"2025-10-21T17:37:50","slug":"parrilla-audi-tt-8s-2015-2019-look-rs","status":"publish","type":"product","link":"https:\/\/mlin.es\/tienda\/producto\/parrilla-audi-tt-8s-2015-2019-look-rs\/","title":{"rendered":"Parrilla Audi TT 8S 2015-2019 Look RS"},"content":{"rendered":"<h4>Parrilla delantera Audi TT 8S 2015-2019.<\/h4>\n<ul>\n<li>Look RS.<\/li>\n<li><span>Producto v\u00e1lido para versi\u00f3n standar, Sline y STT. No v\u00e1lido para versi\u00f3n RSTT.<\/span><\/li>\n<li>Producto aftermarket.<\/li>\n<li>Fabricada en pl\u00e1stico inyectado.<\/li>\n<li>Acabado en negro.<\/li>\n<li>Gran calidad y perfecto acople.<\/li>\n<li>Servimos con factura y garant\u00eda.<\/li>\n<\/ul>\n<p class=\"notoriginal\">Estos no son productos originales de la marca Audi.<\/p>\n<p class=\"notoriginal2\">El art\u00edculo ofrecido solo es adecuado para los modelos de veh\u00edculos descritos.<\/p>\n","protected":false},"excerpt":{"rendered":"<p>Parrilla delantera Audi TT 8S 2015-2019. Look RS. Producto v\u00e1lido para versi\u00f3n standar, Sline y STT. No v\u00e1lido para versi\u00f3n RSTT. Producto aftermarket. Fabricada en pl\u00e1stico inyectado. Acabado en negro. Gran calidad y perfecto acople. Servimos con factura y garant\u00eda. Estos no son productos originales de la marca Audi. El art\u00edculo ofrecido solo es adecuado [&hellip;]<\/p>\n","protected":false},"featured_media":188098,"comment_status":"closed","ping_status":"open","template":"","meta":[],"product_cat":[],"product_tag":[7780,7779],"class_list":{"0":"post-76307","1":"product","2":"type-product","3":"status-publish","4":"has-post-thumbnail","6":"product_tag-body-kits","7":"product_tag-eurolineas","8":"product_shipping_class-eurolineas","9":"pa_material-plastico-abs","10":"pa_parte-parrilla-frontal","12":"first","13":"instock","14":"taxable","15":"shipping-taxable","16":"purchasable","17":"product-type-simple"},"_links":{"self":[{"href":"https:\/\/mlin.es\/tienda\/wp-json\/wp\/v2\/product\/76307","targetHints":{"allow":["GET"]}}],"collection":[{"href":"https:\/\/mlin.es\/tienda\/wp-json\/wp\/v2\/product"}],"about":[{"href":"https:\/\/mlin.es\/tienda\/wp-json\/wp\/v2\/types\/product"}],"replies":[{"embeddable":true,"href":"https:\/\/mlin.es\/tienda\/wp-json\/wp\/v2\/comments?post=76307"}],"wp:featuredmedia":[{"embeddable":true,"href":"https:\/\/mlin.es\/tienda\/wp-json\/wp\/v2\/media\/188098"}],"wp:attachment":[{"href":"https:\/\/mlin.es\/tienda\/wp-json\/wp\/v2\/media?parent=76307"}],"wp:term":[{"taxonomy":"product_cat","embeddable":true,"href":"https:\/\/mlin.es\/tienda\/wp-json\/wp\/v2\/product_cat?post=76307"},{"taxonomy":"product_tag","embeddable":true,"href":"https:\/\/mlin.es\/tienda\/wp-json\/wp\/v2\/product_tag?post=76307"}],"curies":[{"name":"wp","href":"https:\/\/api.w.org\/{rel}","templated":true}]}}