{"id":76073,"date":"2024-08-02T17:01:47","date_gmt":"2024-08-02T15:01:47","guid":{"rendered":"http:\/\/localhost\/wordpress\/producto\/escape-bmw-e71-2008-2014-3\/"},"modified":"2024-08-29T16:55:33","modified_gmt":"2024-08-29T14:55:33","slug":"escape-bmw-e71-2008-2014","status":"publish","type":"product","link":"https:\/\/mlin.es\/tienda\/producto\/escape-bmw-e71-2008-2014\/","title":{"rendered":"Escape BMW E71 2008-2014"},"content":{"rendered":"<h4>Escape completo, para el BMW E71 2008-2014.<\/h4>\n<ul>\n<li>Acabado punta quemada.<\/li>\n<li>Espec\u00edfico\u00a0para BMW E71 2008-2014. Utilizando los mismos soportes.<\/li>\n<li>Est\u00e9tica mejorada, y ruido personalizado.<\/li>\n<li>Fabricado en acero<\/li>\n<\/ul>\n<p><iframe width=\"204\" height=\"115\" src=\"https:\/\/www.youtube.com\/embed\/HQuTVgNFFCc\" frameborder=\"0\"><\/iframe><\/p>\n<p class=\"notoriginal\">Estos no son productos originales de la marca BMW.<\/p>\n<p class=\"notoriginal2\">El art\u00edculo ofrecido solo es adecuado para los modelos de veh\u00edculos descritos.<\/p>\n","protected":false},"excerpt":{"rendered":"<p>Escape completo, para el BMW E71 2008-2014. Acabado punta quemada. Espec\u00edfico\u00a0para BMW E71 2008-2014. Utilizando los mismos soportes. Est\u00e9tica mejorada, y ruido personalizado. Fabricado en acero Estos no son productos originales de la marca BMW. El art\u00edculo ofrecido solo es adecuado para los modelos de veh\u00edculos descritos.<\/p>\n","protected":false},"featured_media":81151,"comment_status":"closed","ping_status":"open","template":"","meta":[],"product_cat":[],"product_tag":[7780,7779],"class_list":{"0":"post-76073","1":"product","2":"type-product","3":"status-publish","4":"has-post-thumbnail","6":"product_tag-body-kits","7":"product_tag-eurolineas","8":"product_shipping_class-eurolineas","9":"pa_parte-escapes","11":"first","12":"instock","13":"taxable","14":"shipping-taxable","15":"purchasable","16":"product-type-simple"},"_links":{"self":[{"href":"https:\/\/mlin.es\/tienda\/wp-json\/wp\/v2\/product\/76073","targetHints":{"allow":["GET"]}}],"collection":[{"href":"https:\/\/mlin.es\/tienda\/wp-json\/wp\/v2\/product"}],"about":[{"href":"https:\/\/mlin.es\/tienda\/wp-json\/wp\/v2\/types\/product"}],"replies":[{"embeddable":true,"href":"https:\/\/mlin.es\/tienda\/wp-json\/wp\/v2\/comments?post=76073"}],"wp:featuredmedia":[{"embeddable":true,"href":"https:\/\/mlin.es\/tienda\/wp-json\/wp\/v2\/media\/81151"}],"wp:attachment":[{"href":"https:\/\/mlin.es\/tienda\/wp-json\/wp\/v2\/media?parent=76073"}],"wp:term":[{"taxonomy":"product_cat","embeddable":true,"href":"https:\/\/mlin.es\/tienda\/wp-json\/wp\/v2\/product_cat?post=76073"},{"taxonomy":"product_tag","embeddable":true,"href":"https:\/\/mlin.es\/tienda\/wp-json\/wp\/v2\/product_tag?post=76073"}],"curies":[{"name":"wp","href":"https:\/\/api.w.org\/{rel}","templated":true}]}}