{"id":76049,"date":"2024-08-02T17:00:18","date_gmt":"2024-08-02T15:00:18","guid":{"rendered":"http:\/\/localhost\/wordpress\/producto\/escape-bmw-e46-m3-3\/"},"modified":"2024-08-29T16:55:19","modified_gmt":"2024-08-29T14:55:19","slug":"escape-bmw-e46-m3","status":"publish","type":"product","link":"https:\/\/mlin.es\/tienda\/producto\/escape-bmw-e46-m3\/","title":{"rendered":"Escape BMW E46 M3"},"content":{"rendered":"<h4>Escape completo, para el BMW E46 M3.<\/h4>\n<ul>\n<li><span>Acabado punta quemada.<\/span><\/li>\n<li><span>Especif\u00edco para BMW E46 M3. Utilizando los mismos soportes.<\/span><\/li>\n<li><span>Est\u00e9tica mejorada, y ruido personalizado<\/span><\/li>\n<li><span>Fabricado en acero<\/span><\/li>\n<li><span>\u00d8 8.5 cm.<br \/><\/span><\/li>\n<\/ul>\n<p><span><iframe src=\"https:\/\/www.youtube.com\/embed\/HQuTVgNFFCc\" width=\"156\" height=\"88\" frameborder=\"0\"><\/iframe><\/span><\/p>\n<p class=\"notoriginal\">Estos no son productos originales de la marca BMW.<\/p>\n<p class=\"notoriginal2\">El art\u00edculo ofrecido solo es adecuado para los modelos de veh\u00edculos descritos.<\/p>\n","protected":false},"excerpt":{"rendered":"<p>Escape completo, para el BMW E46 M3. Acabado punta quemada. Especif\u00edco para BMW E46 M3. Utilizando los mismos soportes. Est\u00e9tica mejorada, y ruido personalizado Fabricado en acero \u00d8 8.5 cm. Estos no son productos originales de la marca BMW. El art\u00edculo ofrecido solo es adecuado para los modelos de veh\u00edculos descritos.<\/p>\n","protected":false},"featured_media":81092,"comment_status":"closed","ping_status":"open","template":"","meta":[],"product_cat":[],"product_tag":[7780,7779],"class_list":{"0":"post-76049","1":"product","2":"type-product","3":"status-publish","4":"has-post-thumbnail","6":"product_tag-body-kits","7":"product_tag-eurolineas","8":"product_shipping_class-eurolineas","9":"pa_parte-escapes","11":"first","12":"instock","13":"taxable","14":"shipping-taxable","15":"purchasable","16":"product-type-simple"},"_links":{"self":[{"href":"https:\/\/mlin.es\/tienda\/wp-json\/wp\/v2\/product\/76049","targetHints":{"allow":["GET"]}}],"collection":[{"href":"https:\/\/mlin.es\/tienda\/wp-json\/wp\/v2\/product"}],"about":[{"href":"https:\/\/mlin.es\/tienda\/wp-json\/wp\/v2\/types\/product"}],"replies":[{"embeddable":true,"href":"https:\/\/mlin.es\/tienda\/wp-json\/wp\/v2\/comments?post=76049"}],"wp:featuredmedia":[{"embeddable":true,"href":"https:\/\/mlin.es\/tienda\/wp-json\/wp\/v2\/media\/81092"}],"wp:attachment":[{"href":"https:\/\/mlin.es\/tienda\/wp-json\/wp\/v2\/media?parent=76049"}],"wp:term":[{"taxonomy":"product_cat","embeddable":true,"href":"https:\/\/mlin.es\/tienda\/wp-json\/wp\/v2\/product_cat?post=76049"},{"taxonomy":"product_tag","embeddable":true,"href":"https:\/\/mlin.es\/tienda\/wp-json\/wp\/v2\/product_tag?post=76049"}],"curies":[{"name":"wp","href":"https:\/\/api.w.org\/{rel}","templated":true}]}}