{"id":75878,"date":"2026-02-03T19:38:23","date_gmt":"2026-02-03T18:38:23","guid":{"rendered":"http:\/\/localhost\/wordpress\/producto\/parrilla-delantera-audi-a3-2017-2018-look-rs3-3\/"},"modified":"2026-02-03T19:38:54","modified_gmt":"2026-02-03T18:38:54","slug":"parrilla-delantera-audi-a3-2017-2018-look-rs3","status":"publish","type":"product","link":"https:\/\/mlin.es\/tienda\/producto\/parrilla-delantera-audi-a3-2017-2018-look-rs3\/","title":{"rendered":"Parrilla Delantera Audi A3 2017-2018 Look RS3"},"content":{"rendered":"<h4>Parrilla para Audi A3 2017-2018 Look RS3.<\/h4>\n<ul>\n<li>Hecha en pl\u00e1stico inyectado.<\/li>\n<li>Producto v\u00e1lido para versi\u00f3n standar, Sline y S3. No v\u00e1lido para versi\u00f3n RS3.<\/li>\n<li>Gran calidad y perfecto acople.<\/li>\n<li>Servimos con factura y garant\u00eda.<\/li>\n<\/ul>\n<p class=\"notoriginal\">Estos no son productos originales de la marca Audi.<\/p>\n<p class=\"notoriginal2\">El art\u00edculo ofrecido solo es adecuado para los modelos de veh\u00edculos descritos.<\/p>\n","protected":false},"excerpt":{"rendered":"<p>Parrilla para Audi A3 2017-2018 Look RS3. Hecha en pl\u00e1stico inyectado. Producto v\u00e1lido para versi\u00f3n standar, Sline y S3. No v\u00e1lido para versi\u00f3n RS3. Gran calidad y perfecto acople. Servimos con factura y garant\u00eda. Estos no son productos originales de la marca Audi. El art\u00edculo ofrecido solo es adecuado para los modelos de veh\u00edculos descritos.<\/p>\n","protected":false},"featured_media":187233,"comment_status":"closed","ping_status":"open","template":"","meta":[],"product_cat":[],"product_tag":[7780,7779],"class_list":{"0":"post-75878","1":"product","2":"type-product","3":"status-publish","4":"has-post-thumbnail","6":"product_tag-body-kits","7":"product_tag-eurolineas","8":"product_shipping_class-eurolineas","9":"pa_material-plastico-abs","10":"pa_parte-parrilla-frontal","12":"first","13":"instock","14":"taxable","15":"shipping-taxable","16":"purchasable","17":"product-type-simple"},"_links":{"self":[{"href":"https:\/\/mlin.es\/tienda\/wp-json\/wp\/v2\/product\/75878","targetHints":{"allow":["GET"]}}],"collection":[{"href":"https:\/\/mlin.es\/tienda\/wp-json\/wp\/v2\/product"}],"about":[{"href":"https:\/\/mlin.es\/tienda\/wp-json\/wp\/v2\/types\/product"}],"replies":[{"embeddable":true,"href":"https:\/\/mlin.es\/tienda\/wp-json\/wp\/v2\/comments?post=75878"}],"wp:featuredmedia":[{"embeddable":true,"href":"https:\/\/mlin.es\/tienda\/wp-json\/wp\/v2\/media\/187233"}],"wp:attachment":[{"href":"https:\/\/mlin.es\/tienda\/wp-json\/wp\/v2\/media?parent=75878"}],"wp:term":[{"taxonomy":"product_cat","embeddable":true,"href":"https:\/\/mlin.es\/tienda\/wp-json\/wp\/v2\/product_cat?post=75878"},{"taxonomy":"product_tag","embeddable":true,"href":"https:\/\/mlin.es\/tienda\/wp-json\/wp\/v2\/product_tag?post=75878"}],"curies":[{"name":"wp","href":"https:\/\/api.w.org\/{rel}","templated":true}]}}