{"id":67761,"date":"2024-08-01T08:07:41","date_gmt":"2024-08-01T06:07:41","guid":{"rendered":"http:\/\/localhost\/wordpress\/producto\/ridox-aero-kit-for-1993-2002-toyota-supra-jza80\/"},"modified":"2025-07-21T17:08:21","modified_gmt":"2025-07-21T15:08:21","slug":"ridox-aero-kit-for-1993-2002-toyota-supra-jza80","status":"publish","type":"product","link":"https:\/\/mlin.es\/tienda\/producto\/ridox-aero-kit-for-1993-2002-toyota-supra-jza80\/","title":{"rendered":"RIDOX AERO KIT FOR 1993-2002 TOYOTA SUPRA [JZA80]"},"content":{"rendered":"<p><strong>ENV\u00cdO INCLUIDO EN EL PRECIO<\/strong><br \/>\nn<br \/>\nn<strong>No est\u00e1n incluidos los gastos de aduanas<\/strong><br \/>\nn<\/p>\n<h3>Plazos de Entrega<\/h3>\n<p>nLos art\u00edculos en stock en EE.UU. se entregan generalmente en 7 a 10 d\u00edas. Los pedidos especiales desde el extranjero pueden tardar de 2 a 20 semanas en ser producidos y enviado. Bulletproof proporciona estimaciones de entrega basadas en la disponibilidad del fabricante y el cronograma de env\u00edo, pero estas no garantizan una fecha de entrega espec\u00edfica. Al realizar un pedido, aceptas que no hay un tiempo de entrega garantizado.<br \/>\nn<br \/>\nn<strong>La RECEPCI\u00d3N DEL PEDIDO PUEDE TARDE 2 A 22 SEMANAS DEBIDO AL TIEMPO DE FABRICACI\u00d3N.<\/strong><br \/>\nn<br \/>\nnEl <strong>Kit Aero Ridox<\/strong> es una opci\u00f3n de personalizaci\u00f3n de alta calidad para el Toyota Supra MK4, desarrollado en colaboraci\u00f3n con el reconocido piloto de carreras Max Orido y la prestigiosa empresa Varis. Este kit est\u00e1 dise\u00f1ado para transformar el aspecto del Supra de un gran turismo a un coche de carreras con un estilo agresivo y aerodin\u00e1mico.<br \/>\nn<\/p>\n<h4>Componentes del Kit:<\/h4>\n<p>n<\/p>\n<ul>\n<li style=\"list-style-type: none;\">\n<ul>n<\/p>\n<li><strong>Parachoques delantero (FRP)<\/strong>: Mejora la aerodin\u00e1mica frontal y le da al coche un aspecto m\u00e1s agresivo.<\/li>\n<\/ul>\n<\/li>\n<\/ul>\n<p>n<\/p>\n<ul>\n<li style=\"list-style-type: none;\">\n<ul>\n<li><strong>Juego de guardabarros delanteros (FRP)<\/strong>: Aumentan el ancho del veh\u00edculo para un look m\u00e1s robusto y permiten el uso de ruedas m\u00e1s anchas.<\/li>\n<\/ul>\n<\/li>\n<\/ul>\n<p>n<\/p>\n<ul>\n<li style=\"list-style-type: none;\">\n<ul>\n<li><strong>Panel de guardabarros delantero (Carbono)<\/strong>: A\u00f1ade un toque de fibra de carbono para mayor ligereza y resistencia.<\/li>\n<\/ul>\n<\/li>\n<\/ul>\n<p>n<\/p>\n<ul>\n<li style=\"list-style-type: none;\">\n<ul>\n<li><strong>Faldones laterales (FRP)<\/strong>: Proporcionan una transici\u00f3n suave entre los guardabarros delantero y trasero, mejorando el flujo de aire lateral.<\/li>\n<\/ul>\n<\/li>\n<\/ul>\n<p>n<\/p>\n<ul>\n<li style=\"list-style-type: none;\">\n<ul>\n<li><strong>Tablero inferior de faldones laterales (Carbono)<\/strong>: Aumenta la estabilidad a altas velocidades al reducir la turbulencia debajo del coche.<\/li>\n<\/ul>\n<\/li>\n<\/ul>\n<p>n<\/p>\n<ul>\n<li style=\"list-style-type: none;\">\n<ul>\n<li><strong>Juego de guardabarros traseros (Carbono en la parte inferior)<\/strong>: Expande a\u00fan m\u00e1s el ancho del veh\u00edculo y a\u00f1ade un atractivo visual con la fibra de carbono.<\/li>\n<\/ul>\n<\/li>\n<\/ul>\n<p>n<\/p>\n<ul>\n<li style=\"list-style-type: none;\">\n<ul>\n<li><strong>Guardabarros traseros (FRP)<\/strong>: Complementan los guardabarros delanteros para una apariencia uniforme y agresiva.<\/li>\n<\/ul>\n<\/li>\n<\/ul>\n<p>n<\/p>\n<p>n<\/p>\n<h4>Caracter\u00edsticas Adicionales:<\/h4>\n<p>n<\/p>\n<ul>\n<li style=\"list-style-type: none;\">\n<ul>n<\/p>\n<li><strong>Materiales de Alta Calidad<\/strong>: El uso de fibra de vidrio reforzada (FRP) y fibra de carbono garantiza durabilidad y una reducci\u00f3n de peso significativa.<\/li>\n<\/ul>\n<\/li>\n<\/ul>\n<p>n<\/p>\n<ul>\n<li style=\"list-style-type: none;\">\n<ul>\n<li><strong>Dise\u00f1o Funcional<\/strong>: Cada componente est\u00e1 dise\u00f1ado no solo para mejorar la apariencia, sino tambi\u00e9n para optimizar el rendimiento aerodin\u00e1mico.<\/li>\n<\/ul>\n<\/li>\n<\/ul>\n<p>n<\/p>\n<ul>\n<li style=\"list-style-type: none;\">\n<ul>\n<li><strong>Instalaci\u00f3n Profesional Recomendada<\/strong>: Para asegurar un ajuste perfecto y la m\u00e1xima eficacia de los componentes, se recomienda la instalaci\u00f3n profesional.<\/li>\n<\/ul>\n<\/li>\n<\/ul>\n<p>n<\/p>\n<p>nEl <strong>Kit Aero Ridox<\/strong> es ideal para los entusiastas del Supra que buscan un equilibrio entre est\u00e9tica y rendimiento, elevando el ic\u00f3nico dise\u00f1o del MK4 a nuevos niveles de deportividad y funcionalidad.<\/p>\n","protected":false},"excerpt":{"rendered":"<p>ENV\u00cdO INCLUIDO EN EL PRECIO n nNo est\u00e1n incluidos los gastos de aduanas n Plazos de Entrega nLos art\u00edculos en stock en EE.UU. se entregan generalmente en 7 a 10 d\u00edas. Los pedidos especiales desde el extranjero pueden tardar de 2 a 20 semanas en ser producidos y enviado. Bulletproof proporciona estimaciones de entrega basadas [&hellip;]<\/p>\n","protected":false},"featured_media":67762,"comment_status":"closed","ping_status":"closed","template":"","meta":[],"product_cat":[12843],"product_tag":[],"class_list":{"0":"post-67761","1":"product","2":"type-product","3":"status-publish","4":"has-post-thumbnail","6":"product_cat-los-5-mejores-body-kits","8":"first","9":"instock","10":"taxable","11":"shipping-taxable","12":"product-type-simple"},"_links":{"self":[{"href":"https:\/\/mlin.es\/tienda\/wp-json\/wp\/v2\/product\/67761","targetHints":{"allow":["GET"]}}],"collection":[{"href":"https:\/\/mlin.es\/tienda\/wp-json\/wp\/v2\/product"}],"about":[{"href":"https:\/\/mlin.es\/tienda\/wp-json\/wp\/v2\/types\/product"}],"replies":[{"embeddable":true,"href":"https:\/\/mlin.es\/tienda\/wp-json\/wp\/v2\/comments?post=67761"}],"wp:featuredmedia":[{"embeddable":true,"href":"https:\/\/mlin.es\/tienda\/wp-json\/wp\/v2\/media\/67762"}],"wp:attachment":[{"href":"https:\/\/mlin.es\/tienda\/wp-json\/wp\/v2\/media?parent=67761"}],"wp:term":[{"taxonomy":"product_cat","embeddable":true,"href":"https:\/\/mlin.es\/tienda\/wp-json\/wp\/v2\/product_cat?post=67761"},{"taxonomy":"product_tag","embeddable":true,"href":"https:\/\/mlin.es\/tienda\/wp-json\/wp\/v2\/product_tag?post=67761"}],"curies":[{"name":"wp","href":"https:\/\/api.w.org\/{rel}","templated":true}]}}