{"id":67758,"date":"2024-08-01T08:07:41","date_gmt":"2024-08-01T06:07:41","guid":{"rendered":"http:\/\/localhost\/wordpress\/producto\/ae075-01-veilside-1993-1998-toyota-supra-mk-iv-jza80-fortune-03-model-complete-wide-body-conversion-complete-kit\/"},"modified":"2025-07-21T17:08:28","modified_gmt":"2025-07-21T15:08:28","slug":"ae075-01-veilside-1993-1998-toyota-supra-mk-iv-jza80-fortune-03-model-complete-wide-body-conversion-complete-kit","status":"publish","type":"product","link":"https:\/\/mlin.es\/tienda\/producto\/ae075-01-veilside-1993-1998-toyota-supra-mk-iv-jza80-fortune-03-model-complete-wide-body-conversion-complete-kit\/","title":{"rendered":"AE075-01 VeilSide 1993-1998 Toyota Supra MK-IV JZA80 Fortune 03 Model Complete WIDE BODY CONVERSION COMPLETE Kit"},"content":{"rendered":"<h3>VeilSide 1993-1998 Toyota Supra MK-IV JZA80 Fortune 03 Model Kit Completo de Carrocer\u00eda Ancha<\/h3>\n<p>n<\/p>\n<h4>Env\u00edo incluido en el precio, de 4 a 8 semanas.<\/h4>\n<p>n<strong>No est\u00e1n incluidos los gastos de aduanas<\/strong><br \/>\nn<br \/>\nn\u00a1Todo es de montaje directo! Este kit Fortune es una de las instalaciones m\u00e1s f\u00e1ciles que encontrar\u00e1s, ya que viene con agujeros pre-perforados de precisi\u00f3n.<br \/>\nn<br \/>\nnHecho a mano con precisi\u00f3n utilizando los materiales y la artesan\u00eda de mayor calidad en FRP\/Carbono, consta de:<br \/>\nn<\/p>\n<ul>\n<li style=\"list-style-type: none;\">\n<ul>n<\/p>\n<li>Par de espejos aero<\/li>\n<\/ul>\n<\/li>\n<\/ul>\n<p>n<\/p>\n<ul>\n<li style=\"list-style-type: none;\">\n<ul>\n<li>Parachoques delantero<\/li>\n<\/ul>\n<\/li>\n<\/ul>\n<p>n<\/p>\n<ul>\n<li style=\"list-style-type: none;\">\n<ul>\n<li>Kit de faros<\/li>\n<\/ul>\n<\/li>\n<\/ul>\n<p>n<\/p>\n<ul>\n<li style=\"list-style-type: none;\">\n<ul>\n<li>Par de guardabarros delanteros<\/li>\n<\/ul>\n<\/li>\n<\/ul>\n<p>n<\/p>\n<ul>\n<li style=\"list-style-type: none;\">\n<ul>\n<li>Par de paneles de puertas<\/li>\n<\/ul>\n<\/li>\n<\/ul>\n<p>n<\/p>\n<ul>\n<li style=\"list-style-type: none;\">\n<ul>\n<li>Par de faldones laterales<\/li>\n<\/ul>\n<\/li>\n<\/ul>\n<p>n<\/p>\n<ul>\n<li style=\"list-style-type: none;\">\n<ul>\n<li>Par de guardabarros traseros<\/li>\n<\/ul>\n<\/li>\n<\/ul>\n<p>n<\/p>\n<ul>\n<li style=\"list-style-type: none;\">\n<ul>\n<li>Parachoques trasero<\/li>\n<\/ul>\n<\/li>\n<\/ul>\n<p>n<\/p>\n<ul>\n<li style=\"list-style-type: none;\">\n<ul>\n<li>Aler\u00f3n trasero<\/li>\n<\/ul>\n<\/li>\n<\/ul>\n<p>n<\/p>\n<ul>\n<li style=\"list-style-type: none;\">\n<ul>\n<li>Port\u00f3n trasero<\/li>\n<\/ul>\n<\/li>\n<\/ul>\n<p>n<\/p>\n<ul>\n<li style=\"list-style-type: none;\">\n<ul>\n<li>Cap\u00f3 de FRP<\/li>\n<\/ul>\n<\/li>\n<\/ul>\n<p>n<\/p>\n<ul>\n<li style=\"list-style-type: none;\">\n<ul>\n<li>Emblemas<\/li>\n<\/ul>\n<\/li>\n<\/ul>\n<p>n<\/p>\n<ul>\n<li style=\"list-style-type: none;\">\n<ul>\n<li>Soportes necesarios y hardware adicional cuando se requiera.<\/li>\n<\/ul>\n<\/li>\n<\/ul>\n<p>n<\/p>\n<p>nTama\u00f1o de ruedas:<br \/>\nn<\/p>\n<ul>\n<li style=\"list-style-type: none;\">\n<ul>n<\/p>\n<li>Delanteras: 19&#8243; x 9J + 2, neum\u00e1ticos 245\/35-19, 5&#215;114.3<\/li>\n<\/ul>\n<\/li>\n<\/ul>\n<p>n<\/p>\n<ul>\n<li style=\"list-style-type: none;\">\n<ul>\n<li>Traseras: 19&#8243; x 11J &#8211; 13, neum\u00e1ticos 285\/30-19, 5&#215;114.3<\/li>\n<\/ul>\n<\/li>\n<\/ul>\n<p>n<\/p>\n<p>nTodos los art\u00edculos vienen sin pintar y las im\u00e1genes son solo para referencia de estilo. No se incluyen accesorios, solo el art\u00edculo listado a menos que se indique lo contrario. Se requiere instalaci\u00f3n profesional.<br \/>\nn<br \/>\nnPedido especial, tarda de 4 a 8 semanas, \u00a1todas las ventas son finales!<\/p>\n","protected":false},"excerpt":{"rendered":"<p>VeilSide 1993-1998 Toyota Supra MK-IV JZA80 Fortune 03 Model Kit Completo de Carrocer\u00eda Ancha n Env\u00edo incluido en el precio, de 4 a 8 semanas. nNo est\u00e1n incluidos los gastos de aduanas n n\u00a1Todo es de montaje directo! Este kit Fortune es una de las instalaciones m\u00e1s f\u00e1ciles que encontrar\u00e1s, ya que viene con agujeros [&hellip;]<\/p>\n","protected":false},"featured_media":67759,"comment_status":"closed","ping_status":"closed","template":"","meta":[],"product_cat":[12843],"product_tag":[],"class_list":{"0":"post-67758","1":"product","2":"type-product","3":"status-publish","4":"has-post-thumbnail","6":"product_cat-los-5-mejores-body-kits","8":"first","9":"instock","10":"taxable","11":"shipping-taxable","12":"product-type-simple"},"_links":{"self":[{"href":"https:\/\/mlin.es\/tienda\/wp-json\/wp\/v2\/product\/67758","targetHints":{"allow":["GET"]}}],"collection":[{"href":"https:\/\/mlin.es\/tienda\/wp-json\/wp\/v2\/product"}],"about":[{"href":"https:\/\/mlin.es\/tienda\/wp-json\/wp\/v2\/types\/product"}],"replies":[{"embeddable":true,"href":"https:\/\/mlin.es\/tienda\/wp-json\/wp\/v2\/comments?post=67758"}],"wp:featuredmedia":[{"embeddable":true,"href":"https:\/\/mlin.es\/tienda\/wp-json\/wp\/v2\/media\/67759"}],"wp:attachment":[{"href":"https:\/\/mlin.es\/tienda\/wp-json\/wp\/v2\/media?parent=67758"}],"wp:term":[{"taxonomy":"product_cat","embeddable":true,"href":"https:\/\/mlin.es\/tienda\/wp-json\/wp\/v2\/product_cat?post=67758"},{"taxonomy":"product_tag","embeddable":true,"href":"https:\/\/mlin.es\/tienda\/wp-json\/wp\/v2\/product_tag?post=67758"}],"curies":[{"name":"wp","href":"https:\/\/api.w.org\/{rel}","templated":true}]}}