{"id":57469,"date":"2025-05-29T21:11:56","date_gmt":"2025-05-29T19:11:56","guid":{"rendered":"http:\/\/localhost\/wordpress\/producto\/kit-de-ensanche-bmw-m2-f87\/"},"modified":"2025-07-25T18:16:18","modified_gmt":"2025-07-25T16:16:18","slug":"bmw-m2-f87-bodykit","status":"publish","type":"product","link":"https:\/\/mlin.es\/tienda\/producto\/bmw-m2-f87-bodykit\/","title":{"rendered":"BMW M2 F87 Bodykit"},"content":{"rendered":"<p class=\"def\"><strong class=\"def\"><span class=\"def\"><span style=\"font-size: 18pt;\">BMW M2 F87 Bodykit<\/span><br class=\"def\" \/><\/span><\/strong><span class=\"def\"><span style=\"font-size: 10pt;\"><\/span><\/span><\/p>\n<p class=\"def\"><span class=\"def\"><span style=\"font-size: 10pt;\"><strong>fits : BMW M2 F87 2016 &#8211;<\/strong><\/span><br class=\"def\" \/><br class=\"def\" \/><br class=\"def\" \/><\/span><span class=\"def\">COMPLETE SET CONTAINS:<br class=\"def\" \/><br class=\"def\" \/><\/span><br class=\"def\" \/><span class=\"def\">&#8211; FRONT BUMPER EXTENSIONS-\u00a0<\/span><span class=\"def\">Fiberglass<\/span><\/p>\n<p class=\"def\"><span class=\"def\">&#8211; REAR BUMPER EXTENSIONS- Fiberglass<\/span><\/p>\n<p class=\"def\"><span class=\"def\">&#8211; FRONT SPLITTER &#8211; Fiberglass<\/span><\/p>\n<p class=\"def\"><span class=\"def\"><span class=\"def\">&#8211; SIDE SKIRTS DIFFUSERS &#8211; Fiberglass<\/span><\/span><\/p>\n<p class=\"def\"><span class=\"def\"><span class=\"def\">&#8211; REAR SIDE SPLITTERS &#8211; Fiberglass<\/span><\/span><\/p>\n<p class=\"def\"><span class=\"def\">\u00a0<\/span><span class=\"def\"><br class=\"def\" \/><\/span><\/p>\n<p>Le kit carrosserie \u00e9largit la voiture des valeurs suivantes\u00a0:<\/p>\n<ul>\n<li>L&#8217;avant de la voiture par 4 cm de chaque c\u00f4t\u00e9<\/li>\n<li>L&#8217;arri\u00e8re de la voiture par 5 cm de chaque c\u00f4t\u00e9<\/li>\n<\/ul>\n<p class=\"def\"><span class=\"def\"><br class=\"def\" \/>Product is made of Fiberglass<br class=\"def\" \/><br class=\"def\" \/><br class=\"def\" \/><\/span><span class=\"def\">All parts are brand new. Material is weather resistant, will not deform in low and high temperatures.\u00a0<\/span><span class=\"def\">Parts made of Fiberglass characterize with increased strength and flexibility. Parts are unpainted.\u00a0<br class=\"def\" \/><\/span><span class=\"def\">Buyer is advised to entrust the installation to an expert. Parts need to be prepared and trial fitted before painting.<br class=\"def\" \/><\/span><\/p>\n<p class=\"def\">\u00a0<\/p>\n<p class=\"def\"><span class=\"def\">This product has been TUV MATERIALGUTACHTEN certified (TUV certify for material).<\/span><\/p>\n<p class=\"def\">\u00a0<\/p>\n<p class=\"def\"><span class=\"def\">DELIVERY INFORMATION<\/span><\/p>\n<p class=\"def\">\u00a0<\/p>\n<p class=\"def\"><span class=\"def\">Please read carefully!<\/span><\/p>\n<p class=\"def\">\u00a0<\/p>\n<p class=\"def\"><span class=\"def\">We realize all orders from Monday to Saturday<\/span><\/p>\n<p class=\"def\"><span class=\"def\">We send goods in perfect condition<\/span><\/p>\n<p class=\"def\"><span class=\"def\">All goods are insured for damages in transport<\/span><\/p>\n<p class=\"def\"><span class=\"def\">Please check the package for any potential damages before you sign receipt<\/span><\/p>\n<p class=\"def\"><span class=\"def\">All eventual damages should be claimed to the courier\u00a0<\/span><\/p>\n<p class=\"def\"><span class=\"def\">(courier should note all damages on your copy of delivery receipt and you should make insurance claim for all damages caused in transport).<\/span><\/p>\n","protected":false},"excerpt":{"rendered":"<p>BMW M2 F87 Bodykit fits : BMW M2 F87 2016 &#8211;COMPLETE SET CONTAINS:&#8211; FRONT BUMPER EXTENSIONS-\u00a0Fiberglass &#8211; REAR BUMPER EXTENSIONS- Fiberglass &#8211; FRONT SPLITTER &#8211; Fiberglass &#8211; SIDE SKIRTS DIFFUSERS &#8211; Fiberglass &#8211; REAR SIDE SPLITTERS &#8211; Fiberglass \u00a0 Le kit carrosserie \u00e9largit la voiture des valeurs suivantes\u00a0: L&#8217;avant de la voiture par 4 cm [&hellip;]<\/p>\n","protected":false},"featured_media":134411,"comment_status":"closed","ping_status":"open","template":"","meta":[],"product_cat":[],"product_tag":[23],"class_list":{"0":"post-57469","1":"product","2":"type-product","3":"status-publish","4":"has-post-thumbnail","6":"product_tag-maxton-design","7":"product_shipping_class-maxton","9":"first","10":"instock","11":"taxable","12":"shipping-taxable","13":"purchasable","14":"product-type-simple"},"_links":{"self":[{"href":"https:\/\/mlin.es\/tienda\/wp-json\/wp\/v2\/product\/57469","targetHints":{"allow":["GET"]}}],"collection":[{"href":"https:\/\/mlin.es\/tienda\/wp-json\/wp\/v2\/product"}],"about":[{"href":"https:\/\/mlin.es\/tienda\/wp-json\/wp\/v2\/types\/product"}],"replies":[{"embeddable":true,"href":"https:\/\/mlin.es\/tienda\/wp-json\/wp\/v2\/comments?post=57469"}],"wp:featuredmedia":[{"embeddable":true,"href":"https:\/\/mlin.es\/tienda\/wp-json\/wp\/v2\/media\/134411"}],"wp:attachment":[{"href":"https:\/\/mlin.es\/tienda\/wp-json\/wp\/v2\/media?parent=57469"}],"wp:term":[{"taxonomy":"product_cat","embeddable":true,"href":"https:\/\/mlin.es\/tienda\/wp-json\/wp\/v2\/product_cat?post=57469"},{"taxonomy":"product_tag","embeddable":true,"href":"https:\/\/mlin.es\/tienda\/wp-json\/wp\/v2\/product_tag?post=57469"}],"curies":[{"name":"wp","href":"https:\/\/api.w.org\/{rel}","templated":true}]}}