{"id":239742,"date":"2025-10-21T18:50:10","date_gmt":"2025-10-21T16:50:10","guid":{"rendered":"https:\/\/mlin.es\/tienda\/producto\/parrilla-mercedes-w118-c118-cla-2024-look-gt-black\/"},"modified":"2025-10-21T18:50:55","modified_gmt":"2025-10-21T16:50:55","slug":"parrilla-mercedes-w118-c118-cla-2024-look-gt-black","status":"publish","type":"product","link":"https:\/\/mlin.es\/tienda\/producto\/parrilla-mercedes-w118-c118-cla-2024-look-gt-black\/","title":{"rendered":"Parrilla Mercedes W118 \/ C118 CLA 2024+ Look GT Black"},"content":{"rendered":"<h4>Parrilla Mercedes\u00a0W118 \/ C118 CLA\u00a02024+ Look GT Black.<\/h4>\n<ul>\n<li>Hecha en pl\u00e1stico inyectado.<\/li>\n<li>Gran calidad y perfecto acople<\/li>\n<\/ul>\n<p class=\"notoriginal\">Estos no son productos originales de la marca Mercedes.<\/p>\n<p class=\"notoriginal2\">El art\u00edculo ofrecido solo es adecuado para los modelos de veh\u00edculos descritos.<\/p>\n","protected":false},"excerpt":{"rendered":"<p>Parrilla Mercedes\u00a0W118 \/ C118 CLA\u00a02024+ Look GT Black. Hecha en pl\u00e1stico inyectado. Gran calidad y perfecto acople Estos no son productos originales de la marca Mercedes. El art\u00edculo ofrecido solo es adecuado para los modelos de veh\u00edculos descritos.<\/p>\n","protected":false},"featured_media":239743,"comment_status":"closed","ping_status":"open","template":"","meta":[],"product_cat":[],"product_tag":[7780,7779],"class_list":{"0":"post-239742","1":"product","2":"type-product","3":"status-publish","4":"has-post-thumbnail","6":"product_tag-body-kits","7":"product_tag-eurolineas","8":"product_shipping_class-eurolineas","9":"pa_material-plastico-abs","10":"pa_parte-parrilla-frontal","12":"first","13":"instock","14":"taxable","15":"shipping-taxable","16":"purchasable","17":"product-type-simple"},"_links":{"self":[{"href":"https:\/\/mlin.es\/tienda\/wp-json\/wp\/v2\/product\/239742","targetHints":{"allow":["GET"]}}],"collection":[{"href":"https:\/\/mlin.es\/tienda\/wp-json\/wp\/v2\/product"}],"about":[{"href":"https:\/\/mlin.es\/tienda\/wp-json\/wp\/v2\/types\/product"}],"replies":[{"embeddable":true,"href":"https:\/\/mlin.es\/tienda\/wp-json\/wp\/v2\/comments?post=239742"}],"wp:featuredmedia":[{"embeddable":true,"href":"https:\/\/mlin.es\/tienda\/wp-json\/wp\/v2\/media\/239743"}],"wp:attachment":[{"href":"https:\/\/mlin.es\/tienda\/wp-json\/wp\/v2\/media?parent=239742"}],"wp:term":[{"taxonomy":"product_cat","embeddable":true,"href":"https:\/\/mlin.es\/tienda\/wp-json\/wp\/v2\/product_cat?post=239742"},{"taxonomy":"product_tag","embeddable":true,"href":"https:\/\/mlin.es\/tienda\/wp-json\/wp\/v2\/product_tag?post=239742"}],"curies":[{"name":"wp","href":"https:\/\/api.w.org\/{rel}","templated":true}]}}