{"id":239433,"date":"2025-10-21T18:38:43","date_gmt":"2025-10-21T16:38:43","guid":{"rendered":"https:\/\/mlin.es\/tienda\/producto\/parrilla-audi-a3-05-08-8p-rs-chrome\/"},"modified":"2025-10-21T18:39:26","modified_gmt":"2025-10-21T16:39:26","slug":"parrilla-audi-a3-05-08-8p-rs-chrome","status":"publish","type":"product","link":"https:\/\/mlin.es\/tienda\/producto\/parrilla-audi-a3-05-08-8p-rs-chrome\/","title":{"rendered":"Parrilla Audi A3 05-08 8P RS Chrome"},"content":{"rendered":"<h4>Parrilla Delantera Audi A3 &#8217;05-&#8217;08 chrome<\/h4>\n<ul>\n<li>Producto aftermarket.<\/li>\n<li>Fabricada en pl\u00e1stico inyectado.<\/li>\n<li>Cromada<\/li>\n<li>Gran calidad y perfecto acople.<\/li>\n<\/ul>\n<p class=\"notoriginal\">Estos no son productos originales de la marca Audi.<\/p>\n<p class=\"notoriginal2\">El art\u00edculo ofrecido solo es adecuado para los modelos de veh\u00edculos descritos.<\/p>\n","protected":false},"excerpt":{"rendered":"<p>Parrilla Delantera Audi A3 &#8217;05-&#8217;08 chrome Producto aftermarket. Fabricada en pl\u00e1stico inyectado. Cromada Gran calidad y perfecto acople. Estos no son productos originales de la marca Audi. El art\u00edculo ofrecido solo es adecuado para los modelos de veh\u00edculos descritos.<\/p>\n","protected":false},"featured_media":239434,"comment_status":"closed","ping_status":"open","template":"","meta":[],"product_cat":[],"product_tag":[7780,7779],"class_list":{"0":"post-239433","1":"product","2":"type-product","3":"status-publish","4":"has-post-thumbnail","6":"product_tag-body-kits","7":"product_tag-eurolineas","8":"product_shipping_class-eurolineas","9":"pa_material-plastico-abs","10":"pa_parte-parrilla-frontal","12":"first","13":"instock","14":"taxable","15":"shipping-taxable","16":"purchasable","17":"product-type-simple"},"_links":{"self":[{"href":"https:\/\/mlin.es\/tienda\/wp-json\/wp\/v2\/product\/239433","targetHints":{"allow":["GET"]}}],"collection":[{"href":"https:\/\/mlin.es\/tienda\/wp-json\/wp\/v2\/product"}],"about":[{"href":"https:\/\/mlin.es\/tienda\/wp-json\/wp\/v2\/types\/product"}],"replies":[{"embeddable":true,"href":"https:\/\/mlin.es\/tienda\/wp-json\/wp\/v2\/comments?post=239433"}],"wp:featuredmedia":[{"embeddable":true,"href":"https:\/\/mlin.es\/tienda\/wp-json\/wp\/v2\/media\/239434"}],"wp:attachment":[{"href":"https:\/\/mlin.es\/tienda\/wp-json\/wp\/v2\/media?parent=239433"}],"wp:term":[{"taxonomy":"product_cat","embeddable":true,"href":"https:\/\/mlin.es\/tienda\/wp-json\/wp\/v2\/product_cat?post=239433"},{"taxonomy":"product_tag","embeddable":true,"href":"https:\/\/mlin.es\/tienda\/wp-json\/wp\/v2\/product_tag?post=239433"}],"curies":[{"name":"wp","href":"https:\/\/api.w.org\/{rel}","templated":true}]}}