{"id":239306,"date":"2025-10-21T18:32:44","date_gmt":"2025-10-21T16:32:44","guid":{"rendered":"https:\/\/mlin.es\/tienda\/producto\/parrilla-audi-q5-2008-2011-look-rsq5\/"},"modified":"2025-10-21T18:33:29","modified_gmt":"2025-10-21T16:33:29","slug":"parrilla-audi-q5-2008-2011-look-rsq5","status":"publish","type":"product","link":"https:\/\/mlin.es\/tienda\/producto\/parrilla-audi-q5-2008-2011-look-rsq5\/","title":{"rendered":"Parrilla Audi Q5 2008-2011 Look RSQ5"},"content":{"rendered":"<h4>Parrilla delantera Audi Q5 2008-2011, Look RSQ5.<\/h4>\n<ul>\n<li><span>Producto v\u00e1lido para versi\u00f3n standar, Sline y SQ5. No v\u00e1lido para versi\u00f3n RSQ5.<\/span><\/li>\n<li>Producto aftermarket.<\/li>\n<li>Fabricada en pl\u00e1stico inyectado.<\/li>\n<li>Acabado en negro.<\/li>\n<li>Gran calidad y perfecto acople.<\/li>\n<li>Servimos con factura y garant\u00eda.<\/li>\n<\/ul>\n<p class=\"notoriginal\">Estos no son productos originales de la marca Audi.<\/p>\n<p class=\"notoriginal2\">El art\u00edculo ofrecido solo es adecuado para los modelos de veh\u00edculos descritos.<\/p>\n","protected":false},"excerpt":{"rendered":"<p>Parrilla delantera Audi Q5 2008-2011, Look RSQ5. Producto v\u00e1lido para versi\u00f3n standar, Sline y SQ5. No v\u00e1lido para versi\u00f3n RSQ5. Producto aftermarket. Fabricada en pl\u00e1stico inyectado. Acabado en negro. Gran calidad y perfecto acople. Servimos con factura y garant\u00eda. Estos no son productos originales de la marca Audi. El art\u00edculo ofrecido solo es adecuado para [&hellip;]<\/p>\n","protected":false},"featured_media":239307,"comment_status":"closed","ping_status":"open","template":"","meta":[],"product_cat":[],"product_tag":[7780,7779],"class_list":{"0":"post-239306","1":"product","2":"type-product","3":"status-publish","4":"has-post-thumbnail","6":"product_tag-body-kits","7":"product_tag-eurolineas","8":"product_shipping_class-eurolineas","9":"pa_material-plastico-abs","10":"pa_parte-parrilla-frontal","12":"first","13":"instock","14":"taxable","15":"shipping-taxable","16":"purchasable","17":"product-type-simple"},"_links":{"self":[{"href":"https:\/\/mlin.es\/tienda\/wp-json\/wp\/v2\/product\/239306","targetHints":{"allow":["GET"]}}],"collection":[{"href":"https:\/\/mlin.es\/tienda\/wp-json\/wp\/v2\/product"}],"about":[{"href":"https:\/\/mlin.es\/tienda\/wp-json\/wp\/v2\/types\/product"}],"replies":[{"embeddable":true,"href":"https:\/\/mlin.es\/tienda\/wp-json\/wp\/v2\/comments?post=239306"}],"wp:featuredmedia":[{"embeddable":true,"href":"https:\/\/mlin.es\/tienda\/wp-json\/wp\/v2\/media\/239307"}],"wp:attachment":[{"href":"https:\/\/mlin.es\/tienda\/wp-json\/wp\/v2\/media?parent=239306"}],"wp:term":[{"taxonomy":"product_cat","embeddable":true,"href":"https:\/\/mlin.es\/tienda\/wp-json\/wp\/v2\/product_cat?post=239306"},{"taxonomy":"product_tag","embeddable":true,"href":"https:\/\/mlin.es\/tienda\/wp-json\/wp\/v2\/product_tag?post=239306"}],"curies":[{"name":"wp","href":"https:\/\/api.w.org\/{rel}","templated":true}]}}