{"id":239167,"date":"2025-10-21T18:28:23","date_gmt":"2025-10-21T16:28:23","guid":{"rendered":"https:\/\/mlin.es\/tienda\/producto\/parrillas-bmw-e46\/"},"modified":"2025-10-21T18:28:40","modified_gmt":"2025-10-21T16:28:40","slug":"parrillas-bmw-e46","status":"publish","type":"product","link":"https:\/\/mlin.es\/tienda\/producto\/parrillas-bmw-e46\/","title":{"rendered":"Parrillas BMW E46"},"content":{"rendered":"<h4>Set parrillas capo Bmw E46.<\/h4>\n<p>Repuesto equivalente (aftermarket).<\/p>\n<ul>\n<li>Colocaci\u00f3n perfecta y sencilla.<\/li>\n<li>Utilizaci\u00f3n de bisagra y cierres originales.<\/li>\n<li>Producto en stock.<\/li>\n<li>Env\u00edos por SEUR.<\/li>\n<\/ul>\n<p class=\"notoriginal\">Estos no son productos originales de la marca BMW.<\/p>\n<p class=\"notoriginal2\">El art\u00edculo ofrecido solo es adecuado para los modelos de veh\u00edculos descritos.<\/p>\n","protected":false},"excerpt":{"rendered":"<p>Set parrillas capo Bmw E46. Repuesto equivalente (aftermarket). Colocaci\u00f3n perfecta y sencilla. Utilizaci\u00f3n de bisagra y cierres originales. Producto en stock. Env\u00edos por SEUR. Estos no son productos originales de la marca BMW. El art\u00edculo ofrecido solo es adecuado para los modelos de veh\u00edculos descritos.<\/p>\n","protected":false},"featured_media":239168,"comment_status":"closed","ping_status":"open","template":"","meta":[],"product_cat":[],"product_tag":[7780,7779],"class_list":{"0":"post-239167","1":"product","2":"type-product","3":"status-publish","4":"has-post-thumbnail","6":"product_tag-body-kits","7":"product_tag-eurolineas","8":"product_shipping_class-eurolineas","9":"pa_material-plastico-abs","10":"pa_parte-parrilla-frontal","12":"first","13":"instock","14":"taxable","15":"shipping-taxable","16":"purchasable","17":"product-type-simple"},"_links":{"self":[{"href":"https:\/\/mlin.es\/tienda\/wp-json\/wp\/v2\/product\/239167","targetHints":{"allow":["GET"]}}],"collection":[{"href":"https:\/\/mlin.es\/tienda\/wp-json\/wp\/v2\/product"}],"about":[{"href":"https:\/\/mlin.es\/tienda\/wp-json\/wp\/v2\/types\/product"}],"replies":[{"embeddable":true,"href":"https:\/\/mlin.es\/tienda\/wp-json\/wp\/v2\/comments?post=239167"}],"wp:featuredmedia":[{"embeddable":true,"href":"https:\/\/mlin.es\/tienda\/wp-json\/wp\/v2\/media\/239168"}],"wp:attachment":[{"href":"https:\/\/mlin.es\/tienda\/wp-json\/wp\/v2\/media?parent=239167"}],"wp:term":[{"taxonomy":"product_cat","embeddable":true,"href":"https:\/\/mlin.es\/tienda\/wp-json\/wp\/v2\/product_cat?post=239167"},{"taxonomy":"product_tag","embeddable":true,"href":"https:\/\/mlin.es\/tienda\/wp-json\/wp\/v2\/product_tag?post=239167"}],"curies":[{"name":"wp","href":"https:\/\/api.w.org\/{rel}","templated":true}]}}