{"id":237793,"date":"2025-10-21T17:58:54","date_gmt":"2025-10-21T15:58:54","guid":{"rendered":"https:\/\/mlin.es\/tienda\/producto\/escape-bmw-e46-look-m3\/"},"modified":"2025-10-21T18:00:23","modified_gmt":"2025-10-21T16:00:23","slug":"escape-bmw-e46-look-m3","status":"publish","type":"product","link":"https:\/\/mlin.es\/tienda\/producto\/escape-bmw-e46-look-m3\/","title":{"rendered":"Escape BMW E46 Look M3"},"content":{"rendered":"<h4>Escape completo, para el BMW E46 Look\u00a0M3.<\/h4>\n<ul>\n<li><span>Acabado punta quemada.<\/span><\/li>\n<li><span>Especif\u00edco para BMW E46 M3. Utilizando los mismos soportes.<\/span><\/li>\n<li><span>Est\u00e9tica mejorada, y ruido personalizado<\/span><\/li>\n<li><span>Fabricado en acero<\/span><\/li>\n<li><span>\u00d8 8.5 cm.<br \/><\/span><\/li>\n<\/ul>\n<p><span><iframe width=\"156\" height=\"88\" src=\"https:\/\/www.youtube.com\/embed\/HQuTVgNFFCc\" frameborder=\"0\"><\/iframe><\/span><\/p>\n<p class=\"notoriginal\">Estos no son productos originales de la marca BMW.<\/p>\n<p class=\"notoriginal2\">El art\u00edculo ofrecido solo es adecuado para los modelos de veh\u00edculos descritos.<\/p>\n","protected":false},"excerpt":{"rendered":"<p>Escape completo, para el BMW E46 Look\u00a0M3. Acabado punta quemada. Especif\u00edco para BMW E46 M3. Utilizando los mismos soportes. Est\u00e9tica mejorada, y ruido personalizado Fabricado en acero \u00d8 8.5 cm. Estos no son productos originales de la marca BMW. El art\u00edculo ofrecido solo es adecuado para los modelos de veh\u00edculos descritos.<\/p>\n","protected":false},"featured_media":0,"comment_status":"closed","ping_status":"open","template":"","meta":[],"product_cat":[],"product_tag":[7780,7779],"class_list":{"0":"post-237793","1":"product","2":"type-product","3":"status-publish","5":"product_tag-body-kits","6":"product_tag-eurolineas","7":"product_shipping_class-eurolineas","8":"pa_parte-escapes","10":"first","11":"instock","12":"taxable","13":"shipping-taxable","14":"purchasable","15":"product-type-simple"},"_links":{"self":[{"href":"https:\/\/mlin.es\/tienda\/wp-json\/wp\/v2\/product\/237793","targetHints":{"allow":["GET"]}}],"collection":[{"href":"https:\/\/mlin.es\/tienda\/wp-json\/wp\/v2\/product"}],"about":[{"href":"https:\/\/mlin.es\/tienda\/wp-json\/wp\/v2\/types\/product"}],"replies":[{"embeddable":true,"href":"https:\/\/mlin.es\/tienda\/wp-json\/wp\/v2\/comments?post=237793"}],"wp:attachment":[{"href":"https:\/\/mlin.es\/tienda\/wp-json\/wp\/v2\/media?parent=237793"}],"wp:term":[{"taxonomy":"product_cat","embeddable":true,"href":"https:\/\/mlin.es\/tienda\/wp-json\/wp\/v2\/product_cat?post=237793"},{"taxonomy":"product_tag","embeddable":true,"href":"https:\/\/mlin.es\/tienda\/wp-json\/wp\/v2\/product_tag?post=237793"}],"curies":[{"name":"wp","href":"https:\/\/api.w.org\/{rel}","templated":true}]}}