{"id":186735,"date":"2026-03-05T13:14:32","date_gmt":"2026-03-05T12:14:32","guid":{"rendered":"https:\/\/mlin.es\/tienda\/producto\/aletas-de-techo-para-audi-a3-s3-rs3-8y-sportback-df041-c\/"},"modified":"2026-03-05T13:14:32","modified_gmt":"2026-03-05T12:14:32","slug":"csr-df041-c","status":"publish","type":"product","link":"https:\/\/mlin.es\/tienda\/producto\/csr-df041-c\/","title":{"rendered":"CSR-DF041-C"},"content":{"rendered":"<p><b>CSR-Automotive Dachfinnen f\u00fcr Audi A3 \/ S3 \/ RS3 (8Y) Sportback in Carbon Optik<\/b><UL><LI>Dachfinnen-Set (links und rechts) passend f\u00fcr Audi A3 \/ S3 \/ RS3 (8Y) Baujahr 2020-<\/LI><LI>passend f\u00fcr die Modell-\/Karosserievariante(n) Sportback<\/LI><LI>Gutachten in Vorbereitung (wird nachgesendet, sobald verf\u00fcgbar). Auf Wunsch liefern wir diesen Artikel vorab zusammen mit einem Materialgutachten (Hierbei handelt es sich um kein Teilegutachten im Sinne von \u00a719.3 StVZO)<\/LI><LI><b>Gute Passform, da kein Universalteil<\/b> sondern speziell f\u00fcr diesen Fahrzeugtyp entwickelt!<\/LI><LI><b>Saubere und einfache Befestigung mittels 3M\u2122 Acrylic Plus Klebeband PT 1100<\/b> mit extrem hoher Soforthaftung und hoher Klebkraft<\/LI><LI>Die Montage mit dem 3M\u2122 Klebeband PT 1100 erfolgt in drei einfachen Schritten:<\/LI><UL><LI>Den Untergrund mit dem beiliegenden 3M Reinigungstuch reinigen<\/LI><LI>Den Schutzstreifen vom vorkonfektionierten und vormontierten Klebeband abziehen<\/LI><LI>Ankleben, fertig!<\/LI><\/UL><b>3M\u2122 Acrylic Plus Klebeband PT 1100<\/b> ist ein 4-lagiges schwarzes doppelseitiges Acrylatklebstoffband mit sehr hoher Sofortklebkraft das speziell f\u00fcr den Automotiv-Bereich entwickelt wurde und ideal geeignet ist zur Befestigungen von starren Anbauteilen bei denen eine \u00e4sthetische Sichtkante gew\u00fcnscht ist. PT1100 verf\u00fcgt \u00fcber eine sehr gute Adh\u00e4sion zu einer Vielzahl von automobilen Oberfl\u00e4chen, gute innere Festigkeit, hervorragende Langzeitstabilit\u00e4t sowie sehr gute Anpassungsf\u00e4higkeit an die zu verklebenden Fl\u00e4chen. Durch die einzigartige viskoelastische Eigenschaft des PT1100 werden Spannungen in der Klebenaht hervorragend abgebaut, so dass \u00e4u\u00dferst haltbare Verbindungen entstehen.<\/LI><LI><b>Hohe Haltbarkeit<\/b> auch in Waschstra\u00dfen, bei hohen Geschwindigkeiten und extremen Temperaturen und Feuchtigkeit, sowie hohe Schock- und Witterungsbest\u00e4ndigkeit<\/LI><LI><b>Einfacher R\u00fcckbau<\/b> ohne Sch\u00e4den am Lack<\/LI><LI>Dachfinnen sind aus hochwertigem Material <b>ABS<\/b> gefertigt und mit einer Oberfl\u00e4che in <b>Carbon Optik<\/b> versehen <b>(Achtung: Schutzfolie nach Montage abziehen)<\/b><\/LI><LI>Durch die Oberfl\u00e4che in Carbon Optik ist optisch keine Lackierung notwendig<\/LI><LI>Inklusive Montagezubeh\u00f6r, sofern notwendig<\/LI><LI>Inklusive Montageanleitung<\/LI><LI>Material ist flexibel<\/LI><\/UL><\/p>\n","protected":false},"excerpt":{"rendered":"<p>Dachfinnen im Carbonlook<\/p>\n","protected":false},"featured_media":186736,"comment_status":"closed","ping_status":"open","template":"","meta":[],"product_cat":[],"product_tag":[12841],"class_list":{"0":"post-186735","1":"product","2":"type-product","3":"status-publish","4":"has-post-thumbnail","6":"product_tag-csr","7":"product_shipping_class-csr","9":"first","10":"instock","11":"taxable","12":"shipping-taxable","13":"purchasable","14":"product-type-simple"},"_links":{"self":[{"href":"https:\/\/mlin.es\/tienda\/wp-json\/wp\/v2\/product\/186735","targetHints":{"allow":["GET"]}}],"collection":[{"href":"https:\/\/mlin.es\/tienda\/wp-json\/wp\/v2\/product"}],"about":[{"href":"https:\/\/mlin.es\/tienda\/wp-json\/wp\/v2\/types\/product"}],"replies":[{"embeddable":true,"href":"https:\/\/mlin.es\/tienda\/wp-json\/wp\/v2\/comments?post=186735"}],"wp:featuredmedia":[{"embeddable":true,"href":"https:\/\/mlin.es\/tienda\/wp-json\/wp\/v2\/media\/186736"}],"wp:attachment":[{"href":"https:\/\/mlin.es\/tienda\/wp-json\/wp\/v2\/media?parent=186735"}],"wp:term":[{"taxonomy":"product_cat","embeddable":true,"href":"https:\/\/mlin.es\/tienda\/wp-json\/wp\/v2\/product_cat?post=186735"},{"taxonomy":"product_tag","embeddable":true,"href":"https:\/\/mlin.es\/tienda\/wp-json\/wp\/v2\/product_tag?post=186735"}],"curies":[{"name":"wp","href":"https:\/\/api.w.org\/{rel}","templated":true}]}}