{"id":186176,"date":"2026-03-05T12:11:09","date_gmt":"2026-03-05T11:11:09","guid":{"rendered":"https:\/\/mlin.es\/tienda\/producto\/aleron-trasero-de-cuello-de-cisne-con-abe-para-audi-a3-s3-rs3-8y-sedan-shf057-d01\/"},"modified":"2026-03-05T12:11:09","modified_gmt":"2026-03-05T11:11:09","slug":"csr-shf057-d01","status":"publish","type":"product","link":"https:\/\/mlin.es\/tienda\/producto\/csr-shf057-d01\/","title":{"rendered":"CSR-SHF057-D01"},"content":{"rendered":"<p><b>CSR-Automotive Schwanenhals Heckfl\u00fcgel f\u00fcr Audi A3 \/ S3 \/ RS3 (8Y) Limousine im Design 01 mit ABE (Eintragungsfrei!)<\/b><UL><LI>Schwanenhals Heckfl\u00fcgel passend f\u00fcr Audi A3 \/ S3 \/ RS3 (8Y) Baujahr 2020-<\/LI><LI>passend f\u00fcr die Modell-\/Karosserievariante(n) Limousine<\/LI><LI>Gegebenenfalls ist eine Demontage der originalen Hecklippe erforderlich<\/LI><LI>Schwanenhals Heckfl\u00fcgel-Set bestehend aus Fl\u00fcgelbrett und fahrzeugspezifischen Haltern<LI>Markantes Motorsport-Design f\u00fcr eine besonders sportliche Heckansicht<\/LI><LI>Mit <b>ABE (allgemeine Betriebserlaubnis) \/ TTG (Teiletypgenehmigung)<\/b> und somit eintragungsfrei<\/LI><LI><b>Gute Passform, da kein Universalteil<\/b> sondern speziell f\u00fcr diesen Fahrzeugtyp entwickelt!<\/LI><LI>Montage erfolgt \u00fcber Verschraubung mit dem Fahrzeugheck, Montagematerial im Lieferumfang enthalten<\/LI><LI>Schwanenhals Heckfl\u00fcgel ist aus hochwertigem Material <b>GFK<\/b> gefertigt<\/LI><LI>Die Vorteile dieses Verbundwerkstoffes: Extrem hohe Flexibilit\u00e4t bei gleichzeitig hoher Stabilit\u00e4t, Splitterfestigkeit, und Nichtentflammbarkeit. Eine sehr hohe Fertigungsqualit\u00e4t und das geringe Gewicht erlauben sogar einen Einsatz im Profirennsport. Die charakteristische schwarze Oberfl\u00e4che zeichnet sich durch gute Bearbeitungsm\u00f6glichkeiten aus und garantiert professionelle Ergebnisse. Produkte aus GFKvon CSR-Automotive eignen sich dank bester Schneid- und Klebeeigenschaften in hervorragender Weise f\u00fcr Reparatur- und weitere Umbauarbeiten.<\/LI><LI>Gleichm\u00e4\u00dfige Oberfl\u00e4chenstruktur erm\u00f6glicht eine Lackierung ohne gro\u00dfe Vorarbeiten (Fl\u00fcgelbrett ist unlackiert &#8211; Halter sind bereits schwarz lackiert)<\/LI><LI>Inklusive Montageanleitung<\/LI><LI>Material ist flexibel<\/LI><\/UL><\/p>\n","protected":false},"excerpt":{"rendered":"<p>Schwanenhals Heckfl\u00fcgel<\/p>\n","protected":false},"featured_media":186164,"comment_status":"closed","ping_status":"open","template":"","meta":[],"product_cat":[],"product_tag":[12841],"class_list":{"0":"post-186176","1":"product","2":"type-product","3":"status-publish","4":"has-post-thumbnail","6":"product_tag-csr","7":"product_shipping_class-csr","9":"first","10":"instock","11":"taxable","12":"shipping-taxable","13":"purchasable","14":"product-type-simple"},"_links":{"self":[{"href":"https:\/\/mlin.es\/tienda\/wp-json\/wp\/v2\/product\/186176","targetHints":{"allow":["GET"]}}],"collection":[{"href":"https:\/\/mlin.es\/tienda\/wp-json\/wp\/v2\/product"}],"about":[{"href":"https:\/\/mlin.es\/tienda\/wp-json\/wp\/v2\/types\/product"}],"replies":[{"embeddable":true,"href":"https:\/\/mlin.es\/tienda\/wp-json\/wp\/v2\/comments?post=186176"}],"wp:featuredmedia":[{"embeddable":true,"href":"https:\/\/mlin.es\/tienda\/wp-json\/wp\/v2\/media\/186164"}],"wp:attachment":[{"href":"https:\/\/mlin.es\/tienda\/wp-json\/wp\/v2\/media?parent=186176"}],"wp:term":[{"taxonomy":"product_cat","embeddable":true,"href":"https:\/\/mlin.es\/tienda\/wp-json\/wp\/v2\/product_cat?post=186176"},{"taxonomy":"product_tag","embeddable":true,"href":"https:\/\/mlin.es\/tienda\/wp-json\/wp\/v2\/product_tag?post=186176"}],"curies":[{"name":"wp","href":"https:\/\/api.w.org\/{rel}","templated":true}]}}