{"id":185417,"date":"2026-03-05T11:00:51","date_gmt":"2026-03-05T10:00:51","guid":{"rendered":"https:\/\/mlin.es\/tienda\/producto\/faldon-de-aleron-de-copa-con-abe-para-seat-ibiza-5-6f-csl918-s\/"},"modified":"2026-03-05T11:00:52","modified_gmt":"2026-03-05T10:00:52","slug":"csr-csl918-s","status":"publish","type":"product","link":"https:\/\/mlin.es\/tienda\/producto\/csr-csl918-s\/","title":{"rendered":"CSR-CSL918-S"},"content":{"rendered":"<p><b>CSR-Automotive Frontspoiler | Cup-Spoilerlippe f\u00fcr Seat Ibiza 5 (6F) mattschwarz strukturiert mit ABE (Eintragungsfrei!)<\/b><UL><LI>Cupspoilerlippe passend f\u00fcr Seat Ibiza 5 (6F) Baujahr 2017-<\/LI><LI>passend f\u00fcr alle Modell-\/Karosserievarianten (inkl. Facelift)<\/LI><LI>Sportliche Optik und integrierter Unterfahrschutz f\u00fcr Ihre originale Sto\u00dfstange<\/LI><LI>Wird an der originalen Sto\u00dfstange vernietet, Montagematerial wird mitgeliefert<\/LI><LI>Mit <b>ABE (allgemeine Betriebserlaubnis)<\/b> und somit eintragungsfrei<\/LI><LI><b>Gute Passform, da kein Universalteil<\/b> sondern speziell f\u00fcr diesen Fahrzeugtyp entwickelt!<\/LI><LI>Cupspoilerlippe ist aus hochwertigem Material <b>ABS<\/b> gefertigt und mit einer <b>strukturierten<\/b> Oberfl\u00e4che versehen, dadurch ist das Produkt sehr unanf\u00e4llig gegen\u00fcber Kratzern<\/LI><LI>Durch die strukturierte Oberfl\u00e4che ist <b>optisch keine Lackierung notwendig!<\/b> (Produkt ist unlackiert)<\/LI><LI>Inklusive Montagezubeh\u00f6r, sofern notwendig<\/LI><LI>Inklusive Montageanleitung<\/LI><LI>Material ist flexibel<\/LI><\/UL><\/p>\n","protected":false},"excerpt":{"rendered":"<p>Frontspoiler | Cup-Spoilerlippe &#8211; Eintragungsfrei mit ABE \/ in schwarz matt<\/p>\n","protected":false},"featured_media":185418,"comment_status":"closed","ping_status":"open","template":"","meta":[],"product_cat":[],"product_tag":[12841],"class_list":{"0":"post-185417","1":"product","2":"type-product","3":"status-publish","4":"has-post-thumbnail","6":"product_tag-csr","7":"product_shipping_class-csr","9":"first","10":"instock","11":"taxable","12":"shipping-taxable","13":"purchasable","14":"product-type-simple"},"_links":{"self":[{"href":"https:\/\/mlin.es\/tienda\/wp-json\/wp\/v2\/product\/185417","targetHints":{"allow":["GET"]}}],"collection":[{"href":"https:\/\/mlin.es\/tienda\/wp-json\/wp\/v2\/product"}],"about":[{"href":"https:\/\/mlin.es\/tienda\/wp-json\/wp\/v2\/types\/product"}],"replies":[{"embeddable":true,"href":"https:\/\/mlin.es\/tienda\/wp-json\/wp\/v2\/comments?post=185417"}],"wp:featuredmedia":[{"embeddable":true,"href":"https:\/\/mlin.es\/tienda\/wp-json\/wp\/v2\/media\/185418"}],"wp:attachment":[{"href":"https:\/\/mlin.es\/tienda\/wp-json\/wp\/v2\/media?parent=185417"}],"wp:term":[{"taxonomy":"product_cat","embeddable":true,"href":"https:\/\/mlin.es\/tienda\/wp-json\/wp\/v2\/product_cat?post=185417"},{"taxonomy":"product_tag","embeddable":true,"href":"https:\/\/mlin.es\/tienda\/wp-json\/wp\/v2\/product_tag?post=185417"}],"curies":[{"name":"wp","href":"https:\/\/api.w.org\/{rel}","templated":true}]}}