{"id":184476,"date":"2026-03-05T08:11:52","date_gmt":"2026-03-05T07:11:52","guid":{"rendered":"https:\/\/mlin.es\/tienda\/producto\/aleron-trasero-con-abe-para-seat-ibiza-5-6f-hf206-g\/"},"modified":"2026-03-05T08:11:52","modified_gmt":"2026-03-05T07:11:52","slug":"csr-hf206-g","status":"publish","type":"product","link":"https:\/\/mlin.es\/tienda\/producto\/csr-hf206-g\/","title":{"rendered":"CSR-HF206-G"},"content":{"rendered":"<p><b>CSR-Automotive Heckspoiler | Heckfl\u00fcgel | Hecklippe | Abrisskante f\u00fcr Seat Ibiza 5 (6F) schwarz gl\u00e4nzend mit ABE (Eintragungsfrei!)<\/b><UL><LI>Heckspoiler passend f\u00fcr Seat Ibiza 5 (6F) Baujahr 2017-<\/LI><LI>passend f\u00fcr alle Modell-\/Karosserievarianten<\/LI><LI>Mit <b>ABE (allgemeine Betriebserlaubnis)<\/b> und somit eintragungsfrei<\/LI><LI><b>Gute Passform, da kein Universalteil<\/b> sondern speziell f\u00fcr diesen Fahrzeugtyp entwickelt!<\/LI><LI><b>Saubere und einfache Befestigung mittels 3M\u2122 Acrylic Plus Klebeband PT 1100<\/b> mit extrem hoher Soforthaftung und hoher Klebkraft<\/LI><LI>Die Montage mit dem 3M\u2122 Klebeband PT 1100 erfolgt in drei einfachen Schritten:<\/LI><UL><LI>Den Untergrund mit dem beiliegenden 3M Reinigungstuch reinigen<\/LI><LI>Den Schutzstreifen vom vorkonfektionierten und vormontierten Klebeband abziehen<\/LI><LI>Ankleben, fertig!<\/LI><\/UL><b>3M\u2122 Acrylic Plus Klebeband PT 1100<\/b> ist ein 4-lagiges schwarzes doppelseitiges Acrylatklebstoffband mit sehr hoher Sofortklebkraft das speziell f\u00fcr den Automotiv-Bereich entwickelt wurde und ideal geeignet ist zur Befestigungen von starren Anbauteilen bei denen eine \u00e4sthetische Sichtkante gew\u00fcnscht ist. PT1100 verf\u00fcgt \u00fcber eine sehr gute Adh\u00e4sion zu einer Vielzahl von automobilen Oberfl\u00e4chen, gute innere Festigkeit, hervorragende Langzeitstabilit\u00e4t sowie sehr gute Anpassungsf\u00e4higkeit an die zu verklebenden Fl\u00e4chen. Durch die einzigartige viskoelastische Eigenschaft des PT1100 werden Spannungen in der Klebenaht hervorragend abgebaut, so dass \u00e4u\u00dferst haltbare Verbindungen entstehen.<\/LI><LI><b>Hohe Haltbarkeit<\/b> auch in Waschstra\u00dfen, bei hohen Geschwindigkeiten und extremen Temperaturen und Feuchtigkeit, sowie hohe Schock- und Witterungsbest\u00e4ndigkeit<\/LI><LI><b>Einfacher R\u00fcckbau<\/b> ohne Sch\u00e4den am Lack<\/LI><LI>Heckfl\u00fcgel ist aus hochwertigem Material <b>ABS<\/b> gefertigt und mit einer <b>schwarz hochgl\u00e4nzenden<\/b> Oberfl\u00e4che versehen &#8211; besser als lackiert! <b>(Achtung: Schutzfolie nach Montage abziehen)<\/b><\/LI><LI>Durch die schwarz hochgl\u00e4nzende Oberfl\u00e4che ist optisch keine Lackierung notwendig<\/LI><LI>Inklusive Montagezubeh\u00f6r, sofern notwendig<\/LI><LI>Inklusive Montageanleitung<\/LI><LI>Material ist flexibel<\/LI><\/UL><\/p>\n","protected":false},"excerpt":{"rendered":"<p>Heckspoiler \/ Heck Fl\u00fcgel \/ Hecklippe \/ Abrisskante Hochglanz schwarz mit ABE<\/p>\n","protected":false},"featured_media":184477,"comment_status":"closed","ping_status":"open","template":"","meta":[],"product_cat":[],"product_tag":[12841],"class_list":{"0":"post-184476","1":"product","2":"type-product","3":"status-publish","4":"has-post-thumbnail","6":"product_tag-csr","7":"product_shipping_class-csr","9":"first","10":"instock","11":"taxable","12":"shipping-taxable","13":"purchasable","14":"product-type-simple"},"_links":{"self":[{"href":"https:\/\/mlin.es\/tienda\/wp-json\/wp\/v2\/product\/184476","targetHints":{"allow":["GET"]}}],"collection":[{"href":"https:\/\/mlin.es\/tienda\/wp-json\/wp\/v2\/product"}],"about":[{"href":"https:\/\/mlin.es\/tienda\/wp-json\/wp\/v2\/types\/product"}],"replies":[{"embeddable":true,"href":"https:\/\/mlin.es\/tienda\/wp-json\/wp\/v2\/comments?post=184476"}],"wp:featuredmedia":[{"embeddable":true,"href":"https:\/\/mlin.es\/tienda\/wp-json\/wp\/v2\/media\/184477"}],"wp:attachment":[{"href":"https:\/\/mlin.es\/tienda\/wp-json\/wp\/v2\/media?parent=184476"}],"wp:term":[{"taxonomy":"product_cat","embeddable":true,"href":"https:\/\/mlin.es\/tienda\/wp-json\/wp\/v2\/product_cat?post=184476"},{"taxonomy":"product_tag","embeddable":true,"href":"https:\/\/mlin.es\/tienda\/wp-json\/wp\/v2\/product_tag?post=184476"}],"curies":[{"name":"wp","href":"https:\/\/api.w.org\/{rel}","templated":true}]}}