{"id":183950,"date":"2026-03-05T07:39:19","date_gmt":"2026-03-05T06:39:19","guid":{"rendered":"https:\/\/mlin.es\/tienda\/producto\/faldones-laterales-con-abe-para-audi-a3-s-line-s3-8v-ss604-m\/"},"modified":"2026-03-05T07:39:19","modified_gmt":"2026-03-05T06:39:19","slug":"csr-ss604-m","status":"publish","type":"product","link":"https:\/\/mlin.es\/tienda\/producto\/csr-ss604-m\/","title":{"rendered":"CSR-SS604-M"},"content":{"rendered":"<p><b>CSR-Automotive Seitenschweller f\u00fcr Audi A3 \/ S3 8V in matter Carbon Optik mit ABE\/TTG<\/b><UL><LI>Seitenschweller-Set (links und rechts) passend f\u00fcr Audi A3 \/ S3 8V Baujahr 2013-2020<\/LI><LI>passend f\u00fcr die Modell-\/Karosserievariante(n) Limousine (S3 und A3 S-Line)<\/LI><LI>Mit <b>ABE (allgemeine Betriebserlaubnis) \/ TTG (Teiletypgenehmigung)<\/b> und somit eintragungsfrei<\/LI><LI><b>Gute Passform, da kein Universalteil<\/b> sondern speziell f\u00fcr diesen Fahrzeugtyp entwickelt!<\/LI><LI><b>Saubere und einfache Befestigung mittels 3M\u2122 Acrylic Foam Klebeband PX5011F<\/b> mit extrem hoher Soforthaftung und hoher Klebkraft<\/LI><LI>Die Montage mit dem 3M\u2122 Klebeband PX5011F erfolgt in vier einfachen Schritten:<\/LI><UL><LI>Den Untergrund mit dem beiliegenden 3M Reinigungstuch reinigen<\/LI><LI>Den beiliegenden 3M Primer auf den Untergrund auftragen<\/LI><LI>Den Schutzstreifen vom vorkonfektionierten und vormontierten Klebeband abziehen<\/LI><LI>Ankleben, fertig!<\/LI><\/UL><b>3M\u2122 Acrylic Foam Klebeband PX5011F<\/b> bestehet aus Acrylatschaum und eignet sich besonderes f\u00fcr die Befestigung von Anbauteilen im Automobilbereich. Die besonderen Produkteigenschaften erzeugen eine hohe Haftung auf schwierigen Oberfl\u00e4chen. PX5011F verf\u00fcgt \u00fcber eine hervorragende Haftung auf niederenergetischen Kunststoffen (LSE) und vielen Automobillacken. Das PX5011F kann durch seine einzigartige Viskoelastizit\u00e4t reversibel Spannungen abbauen. Im Gegensatz zu Schaumstoff-Klebeb\u00e4ndern (PE-, PUKlebeb\u00e4ndern) gleicht es Ausdehnungsunterschiede zwischen F\u00fcgepartnern bei Temperatur\u00e4nderungen in hohem Ma\u00dfe aus.<\/LI><LI><b>Hohe Haltbarkeit<\/b> auch in Waschstra\u00dfen, bei hohen Geschwindigkeiten und extremen Temperaturen und Feuchtigkeit, sowie hohe Schock- und Witterungsbest\u00e4ndigkeit<\/LI><LI>Seitenschweller sind aus hochwertigem Material <b>ABS<\/b> gefertigt und mit einer Oberfl\u00e4che in <b>matter Carbon Optik<\/b> versehen. Zudem wei\u00dft die Oberfl\u00e4che auch die typische Carbon Struktur auf<\/LI><LI>Durch die Oberfl\u00e4che in matter Carbon Optik ist optisch keine Lackierung notwendig (Produkt ist unlackiert)<\/LI><LI>Inklusive Montagezubeh\u00f6r, sofern notwendig<\/LI><LI>Inklusive Montageanleitung<\/LI><LI>Material ist flexibel<\/LI><\/UL><\/p>\n","protected":false},"excerpt":{"rendered":"<p>Seitenschweller-Set aus ABS in matter Carbonoptik mit ABE\/TTG<\/p>\n","protected":false},"featured_media":183951,"comment_status":"closed","ping_status":"open","template":"","meta":[],"product_cat":[],"product_tag":[12841],"class_list":{"0":"post-183950","1":"product","2":"type-product","3":"status-publish","4":"has-post-thumbnail","6":"product_tag-csr","7":"product_shipping_class-csr","9":"first","10":"instock","11":"taxable","12":"shipping-taxable","13":"purchasable","14":"product-type-simple"},"_links":{"self":[{"href":"https:\/\/mlin.es\/tienda\/wp-json\/wp\/v2\/product\/183950","targetHints":{"allow":["GET"]}}],"collection":[{"href":"https:\/\/mlin.es\/tienda\/wp-json\/wp\/v2\/product"}],"about":[{"href":"https:\/\/mlin.es\/tienda\/wp-json\/wp\/v2\/types\/product"}],"replies":[{"embeddable":true,"href":"https:\/\/mlin.es\/tienda\/wp-json\/wp\/v2\/comments?post=183950"}],"wp:featuredmedia":[{"embeddable":true,"href":"https:\/\/mlin.es\/tienda\/wp-json\/wp\/v2\/media\/183951"}],"wp:attachment":[{"href":"https:\/\/mlin.es\/tienda\/wp-json\/wp\/v2\/media?parent=183950"}],"wp:term":[{"taxonomy":"product_cat","embeddable":true,"href":"https:\/\/mlin.es\/tienda\/wp-json\/wp\/v2\/product_cat?post=183950"},{"taxonomy":"product_tag","embeddable":true,"href":"https:\/\/mlin.es\/tienda\/wp-json\/wp\/v2\/product_tag?post=183950"}],"curies":[{"name":"wp","href":"https:\/\/api.w.org\/{rel}","templated":true}]}}