{"id":176812,"date":"2026-03-05T00:55:20","date_gmt":"2026-03-04T23:55:20","guid":{"rendered":"https:\/\/mlin.es\/tienda\/producto\/tomas-de-aire-con-abe-para-audi-a3-8v-ai034-s\/"},"modified":"2026-03-05T00:55:20","modified_gmt":"2026-03-04T23:55:20","slug":"csr-ai034-s","status":"publish","type":"product","link":"https:\/\/mlin.es\/tienda\/producto\/csr-ai034-s\/","title":{"rendered":"CSR-AI034-S"},"content":{"rendered":"<p><b>CSR-Automotive Air Intake Blenden | Airintakes f\u00fcr Audi A3 (8V) mattschwarz strukturiert mit ABE\/TTG<\/b><UL><LI>Airintake-Set (links und rechts) passend f\u00fcr Audi A3 (8V) Baujahr 2016-2020 (Facelift)<\/LI><LI>passend f\u00fcr die Modell-\/Karosserievariante(n) Limousine und Cabrio<\/LI><LI>nicht passend f\u00fcr S-Line<\/LI><LI>F\u00fcr sportlichen Look bekannt aus dem Rennsport<\/LI><LI>Mit <b>ABE (allgemeine Betriebserlaubnis) \/ TTG (Teiletypgenehmigung)<\/b> und somit eintragungsfrei<\/LI><LI><b>Gute Passform, da kein Universalteil<\/b> sondern speziell f\u00fcr diesen Fahrzeugtyp entwickelt!<\/LI><LI>Airintakes sind aus hochwertigem Material <b>ABS<\/b> gefertigt und mit einer <b>strukturierten<\/b> Oberfl\u00e4che versehen, dadurch ist das Produkt sehr unanf\u00e4llig gegen\u00fcber Kratzern<\/LI><LI>Durch die strukturierte Oberfl\u00e4che ist <b>optisch keine Lackierung notwendig!<\/b> (Produkt ist unlackiert)<\/LI><LI>Inklusive Montagezubeh\u00f6r, sofern notwendig<\/LI><LI>Inklusive Montageanleitung<\/LI><LI>Material ist flexibel<\/LI><\/UL><\/p>\n","protected":false},"excerpt":{"rendered":"<p>Performance Flaps in schwarz matt mit ABE\/TTG<\/p>\n","protected":false},"featured_media":176813,"comment_status":"closed","ping_status":"open","template":"","meta":[],"product_cat":[],"product_tag":[12841],"class_list":{"0":"post-176812","1":"product","2":"type-product","3":"status-publish","4":"has-post-thumbnail","6":"product_tag-csr","7":"product_shipping_class-csr","9":"first","10":"instock","11":"taxable","12":"shipping-taxable","13":"purchasable","14":"product-type-simple"},"_links":{"self":[{"href":"https:\/\/mlin.es\/tienda\/wp-json\/wp\/v2\/product\/176812","targetHints":{"allow":["GET"]}}],"collection":[{"href":"https:\/\/mlin.es\/tienda\/wp-json\/wp\/v2\/product"}],"about":[{"href":"https:\/\/mlin.es\/tienda\/wp-json\/wp\/v2\/types\/product"}],"replies":[{"embeddable":true,"href":"https:\/\/mlin.es\/tienda\/wp-json\/wp\/v2\/comments?post=176812"}],"wp:featuredmedia":[{"embeddable":true,"href":"https:\/\/mlin.es\/tienda\/wp-json\/wp\/v2\/media\/176813"}],"wp:attachment":[{"href":"https:\/\/mlin.es\/tienda\/wp-json\/wp\/v2\/media?parent=176812"}],"wp:term":[{"taxonomy":"product_cat","embeddable":true,"href":"https:\/\/mlin.es\/tienda\/wp-json\/wp\/v2\/product_cat?post=176812"},{"taxonomy":"product_tag","embeddable":true,"href":"https:\/\/mlin.es\/tienda\/wp-json\/wp\/v2\/product_tag?post=176812"}],"curies":[{"name":"wp","href":"https:\/\/api.w.org\/{rel}","templated":true}]}}