{"id":176791,"date":"2026-03-05T00:54:05","date_gmt":"2026-03-04T23:54:05","guid":{"rendered":"https:\/\/mlin.es\/tienda\/producto\/faldones-laterales-con-abe-para-audi-a3-8v-bl002-s\/"},"modified":"2026-03-05T00:54:06","modified_gmt":"2026-03-04T23:54:06","slug":"csr-bl002-s","status":"publish","type":"product","link":"https:\/\/mlin.es\/tienda\/producto\/csr-bl002-s\/","title":{"rendered":"CSR-BL002-S"},"content":{"rendered":"<p><b>CSR-Automotive Side Blades \/ Side Spats f\u00fcr Audi A3 (8V) mattschwarz strukturiert mit ABE\/TTG<\/b><UL><LI>Side Blade-Set (links und rechts) passend f\u00fcr Audi A3 (8V) Baujahr 2013-2020<\/LI><LI>passend f\u00fcr die Modell-\/Karosserievariante(n) Limousine und Cabrio<\/LI><LI> Side Blade-Set f\u00fcr den hinteren Radlauf<\/LI><LI>F\u00fcr eine optische Verbreiterung des Fahrzeugs und sportlichen Look<\/LI><LI>Mit <b>ABE (allgemeine Betriebserlaubnis) \/ TTG (Teiletypgenehmigung)<\/b> und somit eintragungsfrei<\/LI><LI><b>Gute Passform, da kein Universalteil<\/b> sondern speziell f\u00fcr diesen Fahrzeugtyp entwickelt!<\/LI><LI>Sideblades sind aus hochwertigem Material <b>ABS<\/b> gefertigt und mit einer <b>strukturierten<\/b> Oberfl\u00e4che versehen, dadurch ist das Produkt sehr unanf\u00e4llig gegen\u00fcber Kratzern<\/LI><LI>Durch die strukturierte Oberfl\u00e4che ist <b>optisch keine Lackierung notwendig!<\/b> (Produkt ist unlackiert)<\/LI><LI>Inklusive Montagezubeh\u00f6r, sofern notwendig<\/LI><LI>Inklusive Montageanleitung<\/LI><LI>Material ist flexibel<\/LI><\/UL><\/p>\n","protected":false},"excerpt":{"rendered":"<p>Side Blade-Set aus ABS in schwarz matt<\/p>\n","protected":false},"featured_media":176792,"comment_status":"closed","ping_status":"open","template":"","meta":[],"product_cat":[],"product_tag":[12841],"class_list":{"0":"post-176791","1":"product","2":"type-product","3":"status-publish","4":"has-post-thumbnail","6":"product_tag-csr","7":"product_shipping_class-csr","9":"first","10":"instock","11":"taxable","12":"shipping-taxable","13":"purchasable","14":"product-type-simple"},"_links":{"self":[{"href":"https:\/\/mlin.es\/tienda\/wp-json\/wp\/v2\/product\/176791","targetHints":{"allow":["GET"]}}],"collection":[{"href":"https:\/\/mlin.es\/tienda\/wp-json\/wp\/v2\/product"}],"about":[{"href":"https:\/\/mlin.es\/tienda\/wp-json\/wp\/v2\/types\/product"}],"replies":[{"embeddable":true,"href":"https:\/\/mlin.es\/tienda\/wp-json\/wp\/v2\/comments?post=176791"}],"wp:featuredmedia":[{"embeddable":true,"href":"https:\/\/mlin.es\/tienda\/wp-json\/wp\/v2\/media\/176792"}],"wp:attachment":[{"href":"https:\/\/mlin.es\/tienda\/wp-json\/wp\/v2\/media?parent=176791"}],"wp:term":[{"taxonomy":"product_cat","embeddable":true,"href":"https:\/\/mlin.es\/tienda\/wp-json\/wp\/v2\/product_cat?post=176791"},{"taxonomy":"product_tag","embeddable":true,"href":"https:\/\/mlin.es\/tienda\/wp-json\/wp\/v2\/product_tag?post=176791"}],"curies":[{"name":"wp","href":"https:\/\/api.w.org\/{rel}","templated":true}]}}