{"id":173827,"date":"2026-03-04T20:33:19","date_gmt":"2026-03-04T19:33:19","guid":{"rendered":"https:\/\/mlin.es\/tienda\/producto\/faldon-trasero-con-abe-para-audi-a3-8y-ha449-m\/"},"modified":"2026-03-04T20:33:20","modified_gmt":"2026-03-04T19:33:20","slug":"csr-ha449-m","status":"publish","type":"product","link":"https:\/\/mlin.es\/tienda\/producto\/csr-ha449-m\/","title":{"rendered":"CSR-HA449-M"},"content":{"rendered":"<p><b>CSR-Automotive Diffusor | Heckansatz f\u00fcr Audi A3 8Y in matter Carbon Optik mit ABE\/TTG<\/b><UL><LI>Heckansatz passend f\u00fcr Audi A3 8Y Baujahr 2020-<\/LI><LI>passend f\u00fcr die Modell-\/Karosserievariante(n) Limousine (Basis und advanced)<\/LI><LI>nicht passend f\u00fcr S-Line\/S3\/RS3<\/LI><LI>Mit <b>ABE (allgemeine Betriebserlaubnis) \/ TTG (Teiletypgenehmigung)<\/b> und somit eintragungsfrei<\/LI><LI><b>Gute Passform, da kein Universalteil<\/b> sondern speziell f\u00fcr diesen Fahrzeugtyp entwickelt!<\/LI><LI>Heckansatz ist aus hochwertigem Material ABS gefertigt und mit einer Oberfl\u00e4che in matter Carbon Optik versehen. Zudem wei\u00dft die Oberfl\u00e4che auch die typische Carbon Struktur auf<\/LI><LI>Durch die Oberfl\u00e4che in matter Carbon Optik ist optisch keine Lackierung notwendig (Produkt ist unlackiert)<\/LI><LI>Inklusive Montageanleitung<\/LI><LI>Material ist flexibel<\/LI><\/UL><\/p>\n","protected":false},"excerpt":{"rendered":"<p>Heckansatz aus ABS im matten Carbonlook mit ABE\/TTG<\/p>\n","protected":false},"featured_media":173828,"comment_status":"closed","ping_status":"open","template":"","meta":[],"product_cat":[],"product_tag":[12841],"class_list":{"0":"post-173827","1":"product","2":"type-product","3":"status-publish","4":"has-post-thumbnail","6":"product_tag-csr","7":"product_shipping_class-csr","9":"first","10":"instock","11":"taxable","12":"shipping-taxable","13":"purchasable","14":"product-type-simple"},"_links":{"self":[{"href":"https:\/\/mlin.es\/tienda\/wp-json\/wp\/v2\/product\/173827","targetHints":{"allow":["GET"]}}],"collection":[{"href":"https:\/\/mlin.es\/tienda\/wp-json\/wp\/v2\/product"}],"about":[{"href":"https:\/\/mlin.es\/tienda\/wp-json\/wp\/v2\/types\/product"}],"replies":[{"embeddable":true,"href":"https:\/\/mlin.es\/tienda\/wp-json\/wp\/v2\/comments?post=173827"}],"wp:featuredmedia":[{"embeddable":true,"href":"https:\/\/mlin.es\/tienda\/wp-json\/wp\/v2\/media\/173828"}],"wp:attachment":[{"href":"https:\/\/mlin.es\/tienda\/wp-json\/wp\/v2\/media?parent=173827"}],"wp:term":[{"taxonomy":"product_cat","embeddable":true,"href":"https:\/\/mlin.es\/tienda\/wp-json\/wp\/v2\/product_cat?post=173827"},{"taxonomy":"product_tag","embeddable":true,"href":"https:\/\/mlin.es\/tienda\/wp-json\/wp\/v2\/product_tag?post=173827"}],"curies":[{"name":"wp","href":"https:\/\/api.w.org\/{rel}","templated":true}]}}