{"id":169949,"date":"2026-03-04T12:46:14","date_gmt":"2026-03-04T11:46:14","guid":{"rendered":"https:\/\/mlin.es\/tienda\/producto\/proteccion-del-umbral-de-carga-para-mitsubishi-eclipse-cross-lks042-g\/"},"modified":"2026-03-04T12:46:14","modified_gmt":"2026-03-04T11:46:14","slug":"csr-lks042-g","status":"publish","type":"product","link":"https:\/\/mlin.es\/tienda\/producto\/csr-lks042-g\/","title":{"rendered":"CSR-LKS042-G"},"content":{"rendered":"<p><b>CSR-Automotive Ladekantenschutz \/ Ladekantenabdeckung f\u00fcr Mitsubishi Eclipse Cross schwarz gl\u00e4nzend<\/b><UL><LI>Ladekantenschutz passend f\u00fcr Mitsubishi Eclipse Cross Baujahr (Facelift) 2021-<\/LI><LI>passend f\u00fcr alle Modell-\/Karosserievarianten<\/LI><LI>Kratzschutz f\u00fcr Ihre Ladekante<\/LI><LI><b>Eintragungsfrei<\/b>, da keine bauliche \/aerodynamische Ver\u00e4nderung am Fahrzeug<\/LI><LI><b>Gute Passform, da kein Universalteil<\/b> sondern speziell f\u00fcr diesen Fahrzeugtyp entwickelt!<\/LI><LI><b>Saubere und einfache  Befestigung mittels<br \/>3M\u2122 Acrylic Plus Klebeband PT 1100<\/b> mit extrem hoher Soforthaftung und hoher Klebkraft<\/LI><LI>Die Montage mit dem 3M\u2122 Klebeband PT 1100 erfolgt in drei einfachen Schritten:<\/LI><\/p>\n<ul><LI>Den Untergrund mit dem beiliegenden 3M Reinigungstuch reinigen<\/LI><LI>Den Schutzstreifen vom  vorkonfektionierten und vormontierten Klebeband abziehen<\/LI><LI>Ankleben, fertig!<\/LI><\/ul>\n<p><b>3M\u2122 Acrylic Plus Klebeband PT 1100<\/b> ist ein 4-lagiges schwarzes doppelseitiges Acrylatklebstoffband mit sehr hoher Sofortklebkraft das speziell f\u00fcr den Automotiv-Bereich entwickelt wurde und ideal geeignet ist zur Befestigungen von starren Anbauteilen bei denen eine \u00e4sthetische Sichtkante gew\u00fcnscht ist. PT1100 verf\u00fcgt \u00fcber eine sehr gute Adh\u00e4sion zu einer Vielzahl von automobilen Oberfl\u00e4chen, gute innere Festigkeit, hervorragende Langzeitstabilit\u00e4t sowie sehr gute Anpassungsf\u00e4higkeit an die zu verklebenden Fl\u00e4chen. Durch die einzigartige viskoelastische Eigenschaft des PT1100 werden Spannungen in der Klebenaht hervorragend abgebaut, so dass \u00e4u\u00dferst haltbare Verbindungen entstehen.<\/LI><LI><b>Hohe Haltbarkeit<\/b> auch in Waschstra\u00dfen, bei hohen Geschwindigkeiten und extremen Temperaturen und Feuchtigkeit, sowie hohe Schock- und Witterungsbest\u00e4ndigkeit<\/LI><LI><b>Einfacher R\u00fcckbau<\/b> ohne Sch\u00e4den am Lack<\/LI><LI>Ladekantenschutz ist aus hochwertigem Material ABS gefertigt und mit einer hochgl\u00e4nzenden makellosen Oberfl\u00e4che versehen &#8211; besser als lackiert! <b>(Achtung: Schutzfolie nach Montage abziehen)<\/b><\/LI><LI>Durch die schwarz gl\u00e4nzende Oberfl\u00e4che ist optisch keine Lackierung notwendig<\/LI><LI>Inklusive Montageanleitung<\/LI><LI>Material ist flexibel<\/LI><\/UL><\/p>\n","protected":false},"excerpt":{"rendered":"<p>Ladekantenschutz \/ Heck in schwarz gl\u00e4nzend<\/p>\n","protected":false},"featured_media":169950,"comment_status":"closed","ping_status":"open","template":"","meta":[],"product_cat":[],"product_tag":[12841],"class_list":{"0":"post-169949","1":"product","2":"type-product","3":"status-publish","4":"has-post-thumbnail","6":"product_tag-csr","7":"product_shipping_class-csr","9":"first","10":"instock","11":"taxable","12":"shipping-taxable","13":"purchasable","14":"product-type-simple"},"_links":{"self":[{"href":"https:\/\/mlin.es\/tienda\/wp-json\/wp\/v2\/product\/169949","targetHints":{"allow":["GET"]}}],"collection":[{"href":"https:\/\/mlin.es\/tienda\/wp-json\/wp\/v2\/product"}],"about":[{"href":"https:\/\/mlin.es\/tienda\/wp-json\/wp\/v2\/types\/product"}],"replies":[{"embeddable":true,"href":"https:\/\/mlin.es\/tienda\/wp-json\/wp\/v2\/comments?post=169949"}],"wp:featuredmedia":[{"embeddable":true,"href":"https:\/\/mlin.es\/tienda\/wp-json\/wp\/v2\/media\/169950"}],"wp:attachment":[{"href":"https:\/\/mlin.es\/tienda\/wp-json\/wp\/v2\/media?parent=169949"}],"wp:term":[{"taxonomy":"product_cat","embeddable":true,"href":"https:\/\/mlin.es\/tienda\/wp-json\/wp\/v2\/product_cat?post=169949"},{"taxonomy":"product_tag","embeddable":true,"href":"https:\/\/mlin.es\/tienda\/wp-json\/wp\/v2\/product_tag?post=169949"}],"curies":[{"name":"wp","href":"https:\/\/api.w.org\/{rel}","templated":true}]}}