{"id":161593,"date":"2026-03-04T06:36:24","date_gmt":"2026-03-04T05:36:24","guid":{"rendered":"https:\/\/mlin.es\/tienda\/producto\/aleron-trasero-con-abe-para-toyota-aygo-2-hf853-s\/"},"modified":"2026-03-04T06:36:25","modified_gmt":"2026-03-04T05:36:25","slug":"csr-hf853-s","status":"publish","type":"product","link":"https:\/\/mlin.es\/tienda\/producto\/csr-hf853-s\/","title":{"rendered":"CSR-HF853-S"},"content":{"rendered":"<p><b>CSR-Automotive Heckspoiler | Heckfl\u00fcgel | Hecklippe | Abrisskante f\u00fcr Toyota Aygo 2 mattschwarz mit ABE (Eintragungsfrei!)<\/b><UL><LI>Heckspoiler passend f\u00fcr Toyota Aygo 2 Baujahr 07\/2014-<\/LI><LI>passend f\u00fcr alle Modell-\/Karosserievarianten<\/LI><LI>Mit <b>ABE (allgemeine Betriebserlaubnis)<\/b> und somit eintragungsfrei<\/LI><LI><b>Gute Passform, da kein Universalteil<\/b> sondern speziell f\u00fcr diesen Fahrzeugtyp entwickelt!<\/LI><LI><b>Saubere und einfache Befestigung mittels<br \/>3M\u2122 Acrylic Plus Klebeband PT 1100<\/b> mit extrem hoher Soforthaftung und hoher Klebkraft<\/LI><LI>Die Montage mit dem 3M\u2122 Klebeband PT 1100 erfolgt in drei einfachen Schritten:<\/LI><\/p>\n<ul><LI>Den Untergrund mit dem beiliegenden 3M Reinigungstuch reinigen<\/LI><LI>Den Schutzstreifen vom vorkonfektionierten und vormontierten Klebeband abziehen<\/LI><LI>Ankleben, fertig!<\/LI><\/ul>\n<p><b>3M\u2122 Acrylic Plus Klebeband PT 1100<\/b> ist ein 4-lagiges schwarzes doppelseitiges Acrylatklebstoffband mit sehr hoher Sofortklebkraft das speziell f\u00fcr den Automotiv-Bereich entwickelt wurde und ideal geeignet ist zur Befestigungen von starren Anbauteilen bei denen eine \u00e4sthetische Sichtkante gew\u00fcnscht ist. PT1100 verf\u00fcgt \u00fcber eine sehr gute Adh\u00e4sion zu einer Vielzahl von automobilen Oberfl\u00e4chen, gute innere Festigkeit, hervorragende Langzeitstabilit\u00e4t sowie sehr gute Anpassungsf\u00e4higkeit an die zu verklebenden Fl\u00e4chen. Durch die einzigartige viskoelastische Eigenschaft des PT1100 werden Spannungen in der Klebenaht hervorragend abgebaut, so dass \u00e4u\u00dferst haltbare Verbindungen entstehen.<\/LI><LI><b>Hohe Haltbarkeit<\/b> auch in Waschstra\u00dfen, bei hohen Geschwindigkeiten und extremen Temperaturen und Feuchtigkeit, sowie hohe Schock- und Witterungsbest\u00e4ndigkeit<\/LI><LI><b>Einfacher R\u00fcckbau<\/b> ohne Sch\u00e4den am Lack<\/LI><LI>Hecklippe ist aus hochwertigem Material <b>ABS<\/b> gefertigt und mit einer <b>strukturierten (gerillten) Oberfl\u00e4che<\/b> versehen, dadurch ist die Spoilerlippe sehr unanf\u00e4llig gegen\u00fcber Kratzern<\/LI><LI>Durch die strukturierte Oberfl\u00e4che ist <b>optisch keine Lackierung notwendig!<\/b> (Produkt ist unlackiert)<\/LI><LI>Inklusive Montageanleitung<\/LI><LI>Material ist flexibel<\/LI><\/UL><\/p>\n","protected":false},"excerpt":{"rendered":"<p>Heckspoiler \/ Heck Fl\u00fcgel \/ Hecklippe \/ Abrisskante mattschwarz mit ABE<\/p>\n","protected":false},"featured_media":161594,"comment_status":"closed","ping_status":"open","template":"","meta":[],"product_cat":[],"product_tag":[12841],"class_list":{"0":"post-161593","1":"product","2":"type-product","3":"status-publish","4":"has-post-thumbnail","6":"product_tag-csr","7":"product_shipping_class-csr","9":"first","10":"instock","11":"taxable","12":"shipping-taxable","13":"purchasable","14":"product-type-simple"},"_links":{"self":[{"href":"https:\/\/mlin.es\/tienda\/wp-json\/wp\/v2\/product\/161593","targetHints":{"allow":["GET"]}}],"collection":[{"href":"https:\/\/mlin.es\/tienda\/wp-json\/wp\/v2\/product"}],"about":[{"href":"https:\/\/mlin.es\/tienda\/wp-json\/wp\/v2\/types\/product"}],"replies":[{"embeddable":true,"href":"https:\/\/mlin.es\/tienda\/wp-json\/wp\/v2\/comments?post=161593"}],"wp:featuredmedia":[{"embeddable":true,"href":"https:\/\/mlin.es\/tienda\/wp-json\/wp\/v2\/media\/161594"}],"wp:attachment":[{"href":"https:\/\/mlin.es\/tienda\/wp-json\/wp\/v2\/media?parent=161593"}],"wp:term":[{"taxonomy":"product_cat","embeddable":true,"href":"https:\/\/mlin.es\/tienda\/wp-json\/wp\/v2\/product_cat?post=161593"},{"taxonomy":"product_tag","embeddable":true,"href":"https:\/\/mlin.es\/tienda\/wp-json\/wp\/v2\/product_tag?post=161593"}],"curies":[{"name":"wp","href":"https:\/\/api.w.org\/{rel}","templated":true}]}}