{"id":157864,"date":"2026-03-04T03:21:55","date_gmt":"2026-03-04T02:21:55","guid":{"rendered":"https:\/\/mlin.es\/tienda\/producto\/faldon-de-aleron-de-copa-con-abe-para-seat-ibiza-iii-typ-6l-csl405-m\/"},"modified":"2026-03-04T03:21:56","modified_gmt":"2026-03-04T02:21:56","slug":"csr-csl405-m","status":"publish","type":"product","link":"https:\/\/mlin.es\/tienda\/producto\/csr-csl405-m\/","title":{"rendered":"CSR-CSL405-M"},"content":{"rendered":"<p><b>CSR-Automotive Frontspoiler | Cup-Spoilerlippe f\u00fcr Seat Ibiza III (Typ 6L) in Carbon Optik mit ABE (Eintragungsfrei!)<\/b><UL><LI>Cupspoilerlippe passend f\u00fcr Seat Ibiza III (Typ 6L) Baujahr 2006-2008 (Facelift)<\/LI><LI>passend f\u00fcr alle Modell-\/Karosserievarianten<\/LI><LI>nicht passend f\u00fcr Cupra<\/LI><LI>Sportliche Optik und integrierter Unterfahrschutz f\u00fcr Ihre originale Sto\u00dfstange<\/LI><LI>Wird an der originalen Sto\u00dfstange vernietet, Montagematerial wird mitgeliefert<\/LI><LI>Mit <b>ABE (allgemeine Betriebserlaubnis)<\/b> und somit eintragungsfrei<\/LI><LI>Gute Passform, da kein Universalteil sondern speziell f\u00fcr diesen Fahrzeugtyp entwickelt!<\/LI><LI>Cupspoilerlippe ist aus hochwertigem Material ABS gefertigt und mit einer Oberfl\u00e4che in matter Carbon Optik versehen. Zudem wei\u00dft die Oberfl\u00e4che auch die typische Carbon Struktur auf<\/LI><LI>Durch die Oberfl\u00e4che in matter Carbon Optik ist optisch keine Lackierung notwendig (Produkt ist unlackiert)<\/LI><LI>Inklusive Montageanleitung<\/LI><LI>Material ist flexibel<\/LI><\/UL><\/p>\n","protected":false},"excerpt":{"rendered":"<p>Frontspoiler | Cup-Spoilerlippe &#8211; Eintragungsfrei mit ABE \/ in matter Carbonoptik<\/p>\n","protected":false},"featured_media":157865,"comment_status":"closed","ping_status":"open","template":"","meta":[],"product_cat":[],"product_tag":[12841],"class_list":{"0":"post-157864","1":"product","2":"type-product","3":"status-publish","4":"has-post-thumbnail","6":"product_tag-csr","7":"product_shipping_class-csr","9":"first","10":"instock","11":"taxable","12":"shipping-taxable","13":"purchasable","14":"product-type-simple"},"_links":{"self":[{"href":"https:\/\/mlin.es\/tienda\/wp-json\/wp\/v2\/product\/157864","targetHints":{"allow":["GET"]}}],"collection":[{"href":"https:\/\/mlin.es\/tienda\/wp-json\/wp\/v2\/product"}],"about":[{"href":"https:\/\/mlin.es\/tienda\/wp-json\/wp\/v2\/types\/product"}],"replies":[{"embeddable":true,"href":"https:\/\/mlin.es\/tienda\/wp-json\/wp\/v2\/comments?post=157864"}],"wp:featuredmedia":[{"embeddable":true,"href":"https:\/\/mlin.es\/tienda\/wp-json\/wp\/v2\/media\/157865"}],"wp:attachment":[{"href":"https:\/\/mlin.es\/tienda\/wp-json\/wp\/v2\/media?parent=157864"}],"wp:term":[{"taxonomy":"product_cat","embeddable":true,"href":"https:\/\/mlin.es\/tienda\/wp-json\/wp\/v2\/product_cat?post=157864"},{"taxonomy":"product_tag","embeddable":true,"href":"https:\/\/mlin.es\/tienda\/wp-json\/wp\/v2\/product_tag?post=157864"}],"curies":[{"name":"wp","href":"https:\/\/api.w.org\/{rel}","templated":true}]}}