{"id":156661,"date":"2026-03-04T02:21:18","date_gmt":"2026-03-04T01:21:18","guid":{"rendered":"https:\/\/mlin.es\/tienda\/producto\/faldon-de-aleron-de-copa-con-abe-para-audi-a3-8v-csl179-m\/"},"modified":"2026-03-04T02:21:18","modified_gmt":"2026-03-04T01:21:18","slug":"csr-csl179-m","status":"publish","type":"product","link":"https:\/\/mlin.es\/tienda\/producto\/csr-csl179-m\/","title":{"rendered":"CSR-CSL179-M"},"content":{"rendered":"<p><b>CSR-Automotive Frontspoiler | Cup-Spoilerlippe f\u00fcr Audi A3 8V in matter Carbon Optik mit ABE (Eintragungsfrei!)<\/b><UL><LI>Cupspoilerlippe passend f\u00fcr Audi A3 8V Baujahr ab 2012-04\/2016<\/LI><LI>passend f\u00fcr alle Modell-\/Karosserievarianten<\/LI><LI>nicht passend f\u00fcr S3 \/ RS3 \/ S-Line<\/LI><LI>Sportliche Optik und integrierter Unterfahrschutz f\u00fcr Ihre originale Sto\u00dfstange<\/LI><LI>Wird an der originalen Sto\u00dfstange vernietet, Montagematerial wird mitgeliefert<\/LI><LI>Mit <b>ABE (allgemeine Betriebserlaubnis)<\/b> und somit eintragungsfrei<\/LI><LI>Gute Passform, da kein Universalteil sondern speziell f\u00fcr diesen Fahrzeugtyp entwickelt!<\/LI><LI>Cupspoilerlippe ist aus hochwertigem Material ABS gefertigt und mit einer Oberfl\u00e4che in matter Carbon Optik versehen. Zudem wei\u00dft die Oberfl\u00e4che auch die typische Carbon Struktur auf.<\/LI><LI>Durch die Oberfl\u00e4che in matter Carbon Optik ist optisch keine Lackierung notwendig (Produkt ist unlackiert)<\/LI><LI>Inklusive Montageanleitung<\/LI><LI>Material ist flexibel<\/LI><\/UL><\/p>\n","protected":false},"excerpt":{"rendered":"<p>Frontspoiler | Cup-Spoilerlippe &#8211; Eintragungsfrei mit ABE \/ in matter Carbonoptik<\/p>\n","protected":false},"featured_media":156662,"comment_status":"closed","ping_status":"open","template":"","meta":[],"product_cat":[],"product_tag":[12841],"class_list":{"0":"post-156661","1":"product","2":"type-product","3":"status-publish","4":"has-post-thumbnail","6":"product_tag-csr","7":"product_shipping_class-csr","9":"first","10":"instock","11":"taxable","12":"shipping-taxable","13":"purchasable","14":"product-type-simple"},"_links":{"self":[{"href":"https:\/\/mlin.es\/tienda\/wp-json\/wp\/v2\/product\/156661","targetHints":{"allow":["GET"]}}],"collection":[{"href":"https:\/\/mlin.es\/tienda\/wp-json\/wp\/v2\/product"}],"about":[{"href":"https:\/\/mlin.es\/tienda\/wp-json\/wp\/v2\/types\/product"}],"replies":[{"embeddable":true,"href":"https:\/\/mlin.es\/tienda\/wp-json\/wp\/v2\/comments?post=156661"}],"wp:featuredmedia":[{"embeddable":true,"href":"https:\/\/mlin.es\/tienda\/wp-json\/wp\/v2\/media\/156662"}],"wp:attachment":[{"href":"https:\/\/mlin.es\/tienda\/wp-json\/wp\/v2\/media?parent=156661"}],"wp:term":[{"taxonomy":"product_cat","embeddable":true,"href":"https:\/\/mlin.es\/tienda\/wp-json\/wp\/v2\/product_cat?post=156661"},{"taxonomy":"product_tag","embeddable":true,"href":"https:\/\/mlin.es\/tienda\/wp-json\/wp\/v2\/product_tag?post=156661"}],"curies":[{"name":"wp","href":"https:\/\/api.w.org\/{rel}","templated":true}]}}