{"id":155091,"date":"2026-03-04T01:21:01","date_gmt":"2026-03-04T00:21:01","guid":{"rendered":"https:\/\/mlin.es\/tienda\/producto\/aleron-de-copa-con-abe-para-audi-s3-a3-8v-s-line-cabrio-limo-csl453-s\/"},"modified":"2026-03-04T01:21:02","modified_gmt":"2026-03-04T00:21:02","slug":"csr-csl453-s","status":"publish","type":"product","link":"https:\/\/mlin.es\/tienda\/producto\/csr-csl453-s\/","title":{"rendered":"CSR-CSL453-S"},"content":{"rendered":"<p><b>CSR-Automotive Frontspoiler | Cup-Spoilerlippe f\u00fcr Audi S3 8V \/ A3 8V S-Line mit ABE (Eintragungsfrei!)<\/b><UL><LI>Cupspoilerlippe <UL><LI>passend f\u00fcr Audi A3 8V Baujahr 2013-216 (vor Facelift)<br \/>passend f\u00fcr die Modell-\/Karosserievariante(n) Limousine und Cabrio mit S-Line Exterieur<\/LI><LI>passend f\u00fcr Audi S3 8V Baujahr 2013-2016 (vor Facelift)<br \/>passend f\u00fcr die Modell-\/Karosserievariante(n) Limousine und Cabrio<\/LI><\/UL><LI>Sportliche Optik und integrierter Unterfahrschutz f\u00fcr Ihre originale Sto\u00dfstange<\/LI><LI>Wird an der originalen Sto\u00dfstange vernietet, Montagematerial wird mitgeliefert<\/LI><LI>Mit <b>ABE (allgemeine Betriebserlaubnis)<\/b> und somit eintragungsfrei<\/LI><LI>Gute Passform, da kein Universalteil sondern speziell f\u00fcr diesen Fahrzeugtyp entwickelt!<\/LI><LI>Cupspoilerlippe ist aus hochwertigem Material ABS gefertigt und mit einer strukturierten (gerillten) Oberfl\u00e4che versehen, dadurch ist die Spoilerlippe sehr unanf\u00e4llig gegen\u00fcber Kratzern<\/LI><LI>Durch die strukturierte Oberfl\u00e4che ist optisch keine Lackierung notwendig! Selbstverst\u00e4ndlich erlaubt die Oberfl\u00e4chenstruktur trotzdem eine Lackierung (Produkt ist unlackiert)<\/LI><LI>Inklusive Montageanleitung<\/LI><LI>Material ist flexibel<\/LI><\/UL><\/p>\n","protected":false},"excerpt":{"rendered":"<p>Frontspoiler | Cup-Spoilerlippe &#8211; Eintragungsfrei mit ABE \/ in schwarz matt<\/p>\n","protected":false},"featured_media":155092,"comment_status":"closed","ping_status":"open","template":"","meta":[],"product_cat":[],"product_tag":[12841],"class_list":{"0":"post-155091","1":"product","2":"type-product","3":"status-publish","4":"has-post-thumbnail","6":"product_tag-csr","7":"product_shipping_class-csr","9":"first","10":"instock","11":"taxable","12":"shipping-taxable","13":"purchasable","14":"product-type-simple"},"_links":{"self":[{"href":"https:\/\/mlin.es\/tienda\/wp-json\/wp\/v2\/product\/155091","targetHints":{"allow":["GET"]}}],"collection":[{"href":"https:\/\/mlin.es\/tienda\/wp-json\/wp\/v2\/product"}],"about":[{"href":"https:\/\/mlin.es\/tienda\/wp-json\/wp\/v2\/types\/product"}],"replies":[{"embeddable":true,"href":"https:\/\/mlin.es\/tienda\/wp-json\/wp\/v2\/comments?post=155091"}],"wp:featuredmedia":[{"embeddable":true,"href":"https:\/\/mlin.es\/tienda\/wp-json\/wp\/v2\/media\/155092"}],"wp:attachment":[{"href":"https:\/\/mlin.es\/tienda\/wp-json\/wp\/v2\/media?parent=155091"}],"wp:term":[{"taxonomy":"product_cat","embeddable":true,"href":"https:\/\/mlin.es\/tienda\/wp-json\/wp\/v2\/product_cat?post=155091"},{"taxonomy":"product_tag","embeddable":true,"href":"https:\/\/mlin.es\/tienda\/wp-json\/wp\/v2\/product_tag?post=155091"}],"curies":[{"name":"wp","href":"https:\/\/api.w.org\/{rel}","templated":true}]}}